{"id":6315,"date":"2024-10-02T14:09:52","date_gmt":"2024-10-02T12:09:52","guid":{"rendered":"https:\/\/pagis.npu.cz\/wordpress\/?page_id=6315"},"modified":"2024-10-02T14:09:52","modified_gmt":"2024-10-02T12:09:52","slug":"metadata-prostorovych-dat-uskp","status":"publish","type":"page","link":"https:\/\/pagis.npu.cz\/wordpress\/uap\/specifikace-prostorovych-dat-uskp\/metadata-prostorovych-dat-uskp\/","title":{"rendered":"Metadata prostorov\u00fdch dat \u00daSKP"},"content":{"rendered":"<span id=\"tablepress-9-description\" class=\"tablepress-table-description tablepress-table-description-id-9\">Prostorov\u00e1 data \u00dast\u0159edn\u00edho seznamu kulturn\u00edch pam\u00e1tek (\u00daSKP) poskytovan\u00e1 jako \u00fadaje o \u00fazem\u00ed pro \u00fa\u010dely \u00daAP: metadata podle p\u0159\u00edlohy \u010d. 2 vyhl\u00e1\u0161ky \u010d. 157\/2024 v\u010detn\u011b jejich porovn\u00e1n\u00ed s pasportem \u00fadaje o \u00fazem\u00ed podle p\u0159\u00edlohy \u010d. 2 k vyhl\u00e1\u0161ce \u010d. 500\/2006 Sb., ve zn\u011bn\u00ed pozd\u011bj\u0161\u00edch zm\u011bn.<\/span>\n\n<table id=\"tablepress-9\" class=\"tablepress tablepress-id-9\" aria-describedby=\"tablepress-9-description\">\n<thead>\n<tr class=\"row-1\">\n\t<th class=\"column-1\">N\u00e1zev prvku (metadata podle p\u0159\u00edlohy \u010d. 2 vyhl\u00e1\u0161ky \u010d. 157\/2024)<\/th><th class=\"column-2\">Popis (metadata podle p\u0159\u00edlohy \u010d. 2 vyhl\u00e1\u0161ky \u010d. 157\/2024)<\/th><th class=\"column-3\">Pasport \u00fadaje o \u00fazem\u00ed (podle p\u0159\u00edlohy \u010d. 2 k vyhl\u00e1\u0161ce \u010d. 500\/2006 Sb., ve zn\u011bn\u00ed pozd\u011bj\u0161\u00edch zm\u011bn)<\/th>\n<\/tr>\n<\/thead>\n<tbody class=\"row-striping row-hover\">\n<tr class=\"row-2\">\n\t<td class=\"column-1\">n\u00e1zev zdroje<\/td><td class=\"column-2\">Prostorov\u00e1 data \u00dast\u0159edn\u00edho seznamu kulturn\u00edch pam\u00e1tek (\u00daSKP)<br \/>\n\u00dadaje o \u00fazem\u00ed pro sledovan\u00e9 jevy:<br \/>\n\u2192  4 nemovit\u00e1 n\u00e1rodn\u00ed kulturn\u00ed pam\u00e1tka, nemovit\u00e1 kulturn\u00ed pam\u00e1tka a jejich   ochrann\u00e9 p\u00e1smo<br \/>\n\u2192  5 pam\u00e1tkov\u011b chr\u00e1n\u011bn\u00e9 \u00fazem\u00ed a jeho ochrann\u00e9 p\u00e1smo<br \/>\n\u2192  7 statek zapsan\u00fd na Seznamu sv\u011btov\u00e9ho d\u011bdictv\u00ed a jeho n\u00e1razn\u00edkov\u00e1 z\u00f3na<\/td><td class=\"column-3\">N\u00e1zev \u00fadaje o \u00fazem\u00ed:<br \/>\nSledovan\u00e9 jevy:<br \/>\n5a - pam\u00e1tkov\u00e9 rezervace a pam\u00e1tkov\u00e9 z\u00f3ny a jejich ochrann\u00e1 p\u00e1sma<br \/>\n8a - nemovit\u00e9 n\u00e1rodn\u00ed kulturn\u00ed pam\u00e1tky a nemovit\u00e9 kulturn\u00ed pam\u00e1tky a jejich ochrann\u00e1 p\u00e1sma<br \/>\n10 - statky zapsan\u00e9 na Seznamu sv\u011btov\u00e9ho d\u011bdictv\u00ed a jejich n\u00e1razn\u00edkov\u00e9 z\u00f3ny<\/td>\n<\/tr>\n<tr class=\"row-3\">\n\t<td class=\"column-1\">abstrakt zdroje<\/td><td class=\"column-2\">Kulturn\u00ed pam\u00e1tky, n\u00e1rodn\u00ed kulturn\u00ed pam\u00e1tky, pam\u00e1tkov\u00e9 rezervace, pam\u00e1tkov\u00e9 z\u00f3ny, ochrann\u00e1 p\u00e1sma nemovit\u00e9 kulturn\u00ed pam\u00e1tky, nemovit\u00e9 n\u00e1rodn\u00ed kulturn\u00ed pam\u00e1tky, pam\u00e1tkov\u00e9 rezervace nebo pam\u00e1tkov\u00e9 z\u00f3ny zapsan\u00e9 do \u00dast\u0159edn\u00edho seznamu kulturn\u00edch pam\u00e1tek \u010cesk\u00e9 republiky (d\u00e1le jen \u00daSKP) dle z\u00e1kona \u010d. 20\/1987 Sb. o st\u00e1tn\u00ed pam\u00e1tkov\u00e9 p\u00e9\u010di, ve zn\u011bn\u00ed pozd\u011bj\u0161\u00edch p\u0159edpis\u016f.<br \/>\nPoskytovan\u00e9 \u00fadaje zahrnuj\u00ed jevy dle rozsahu \u00fazem\u00ed, kter\u00fd je zad\u00e1n \u017eadatelem dle jeho \u00fazemn\u00edho opr\u00e1vn\u011bn\u00ed v objedn\u00e1vkov\u00e9m syst\u00e9mu na Geoport\u00e1lu pam\u00e1tkov\u00e9 p\u00e9\u010de https:\/\/geoportal.npu.cz\/web\/DataMarketOrder\"<\/td><td class=\"column-3\">Popis \u00fadaje o \u00fazem\u00ed:<br \/>\nKulturn\u00ed pam\u00e1tky, n\u00e1rodn\u00ed kulturn\u00ed pam\u00e1tky, pam\u00e1tkov\u00e9 rezervace, pam\u00e1tkov\u00e9 z\u00f3ny, ochrann\u00e1 p\u00e1sma nemovit\u00e9 kulturn\u00ed pam\u00e1tky, nemovit\u00e9 n\u00e1rodn\u00ed kulturn\u00ed pam\u00e1tky, pam\u00e1tkov\u00e9 rezervace nebo pam\u00e1tkov\u00e9 z\u00f3ny zapsan\u00e9 do \u00dast\u0159edn\u00edho seznamu kulturn\u00edch pam\u00e1tek \u010cesk\u00e9 republiky (d\u00e1le jen \u00daSKP) dle z\u00e1kona \u010d. 20\/1987 Sb. o st\u00e1tn\u00ed pam\u00e1tkov\u00e9 p\u00e9\u010di, ve zn\u011bn\u00ed pozd\u011bj\u0161\u00edch p\u0159edpis\u016f.<br \/>\nPoskytovan\u00e9 \u00fadaje zahrnuj\u00ed jevy dle rozsahu \u00fazem\u00ed, kter\u00fd je zad\u00e1n \u017eadatelem dle jeho \u00fazemn\u00edho opr\u00e1vn\u011bn\u00ed v objedn\u00e1vkov\u00e9m syst\u00e9mu na Geoport\u00e1lu pam\u00e1tkov\u00e9 p\u00e9\u010de https:\/\/geoportal.npu.cz\/web\/DataMarketOrder<\/td>\n<\/tr>\n<tr class=\"row-4\">\n\t<td class=\"column-1\">typ zdroje<\/td><td class=\"column-2\">prostorov\u00e1 data<\/td><td class=\"column-3\"><\/td>\n<\/tr>\n<tr class=\"row-5\">\n\t<td class=\"column-1\">lok\u00e1tor zdroje<\/td><td class=\"column-2\"><a href=\"https:\/\/geoportal.npu.cz\/web\/DataMarketOrder\/ProductDetail?productId=3\" rel=\"noopener\" target=\"_blank\">https:\/\/geoportal.npu.cz\/web\/DataMarketOrder\/ProductDetail?productId=3<\/a><\/td><td class=\"column-3\"><\/td>\n<\/tr>\n<tr class=\"row-6\">\n\t<td class=\"column-1\">jedine\u010dn\u00fd identifik\u00e1tor zdroje<\/td><td class=\"column-2\">Bude dopln\u011bn a\u017e pro poskytov\u00e1n\u00ed \u00fadaj\u016f o \u00fazem\u00ed prost\u0159ednictv\u00edm NG\u00daP<\/td><td class=\"column-3\"><\/td>\n<\/tr>\n<tr class=\"row-7\">\n\t<td class=\"column-1\">tematick\u00e1 kategorie<\/td><td class=\"column-2\">kulturn\u00ed d\u011bdictv\u00ed<\/td><td class=\"column-3\"><\/td>\n<\/tr>\n<tr class=\"row-8\">\n\t<td class=\"column-1\">hodnota kl\u00ed\u010dov\u00e9ho slova<\/td><td class=\"column-2\">chr\u00e1n\u011bn\u00e1 \u00fazem\u00ed; kulturn\u00ed pam\u00e1tky<\/td><td class=\"column-3\"><\/td>\n<\/tr>\n<tr class=\"row-9\">\n\t<td class=\"column-1\">referen\u010dn\u00ed datum<\/td><td class=\"column-2\">Datum zve\u0159ejn\u011bn\u00ed: 30.11.2021<br \/>\nDatum posledn\u00ed revize: 1.10.2024<br \/>\nDatum vytvo\u0159en\u00ed: 31.12.2015<br \/>\n* Uveden\u00e1 data se t\u00fdkaj\u00ed publikov\u00e1n\u00ed produktu na Geoport\u00e1lu pam. p\u00e9\u010de.<br \/>\nDatov\u00e9 sady aktualizov\u00e1ny pr\u016fb\u011b\u017en\u011b.<br \/>\nDatum extrakce datov\u00fdch sad:<br \/>\nZaznamen\u00e1no v objedn\u00e1vkov\u00e9m syst\u00e9mu na Geoport\u00e1lu pam\u00e1tkov\u00e9 p\u00e9\u010de<br \/>\nhttps:\/\/geoportal.npu.cz\/web\/DataMarketOrder; p\u0159ehled objedn\u00e1vek m\u00e1 u\u017eivatel dostupn\u00fd u sv\u00e9ho \u00fa\u010dtu na https:\/\/geoportal.npu.cz\/web\/UserProfileOrder\/Order.<br \/>\nZaznamen\u00e1no v souboru ExtractDataLog.xml\/html, kter\u00fd je vygenerov\u00e1n p\u0159i vyzvednut\u00ed dat \u017eadatelem a p\u0159ibalen do zabalen\u00e9ho archivu extrahovan\u00fdch dat.<\/td><td class=\"column-3\">datum extrakce datov\u00fdch sad:<br \/>\nZaznamen\u00e1no v objedn\u00e1vkov\u00e9m syst\u00e9mu na Geoport\u00e1lu pam\u00e1tkov\u00e9 p\u00e9\u010de<br \/>\nhttps:\/\/geoportal.npu.cz\/web\/DataMarketOrder; p\u0159ehled objedn\u00e1vek m\u00e1 u\u017eivatel dostupn\u00fd u sv\u00e9ho \u00fa\u010dtu na https:\/\/geoportal.npu.cz\/web\/UserProfileOrder\/Order.<br \/>\nZaznamen\u00e1no v souboru ExtractDataLog.xml\/html, kter\u00fd je vygenerov\u00e1n p\u0159i vyzvednut\u00ed dat \u017eadatelem a p\u0159ibalen do zabalen\u00e9ho archivu extrahovan\u00fdch dat.<\/td>\n<\/tr>\n<tr class=\"row-10\">\n\t<td class=\"column-1\">\u010dasov\u00fd rozsah<\/td><td class=\"column-2\">1956-dosud<\/td><td class=\"column-3\"><\/td>\n<\/tr>\n<tr class=\"row-11\">\n\t<td class=\"column-1\">p\u016fvod<\/td><td class=\"column-2\">Prostorov\u00e1 data \u00daSKP jsou vytv\u00e1\u0159ena a spravov\u00e1na v Pam\u00e1tkov\u00e9m GIS (PaGIS), p\u0159ipojen\u00e1 tabel\u00e1rn\u00ed data \u00daSKP dle stanoven\u00fdch intern\u00edch postup\u016f NP\u00da.<br \/>\nPodl\u00e9haj\u00ed kontrole obsahov\u00e9 i technick\u00e9 (topologick\u00e9 a geometrick\u00e9 \u010distoty dat).<br \/>\nJedn\u00e1 se o ofici\u00e1ln\u00ed publika\u010dn\u00ed verzi dat vytv\u00e1\u0159enou z edita\u010dn\u00ed verze prostorov\u00fdch dat PaGIS a tabel\u00e1rn\u00edch dat Pam\u00e1tkov\u00e9ho katalogu. <br \/>\nData jsou paraleln\u011b publikov\u00e1na jako opendata a data pro INSPIRE.<\/td><td class=\"column-3\"><\/td>\n<\/tr>\n<tr class=\"row-12\">\n\t<td class=\"column-1\">prostorov\u00e9 rozli\u0161en\u00ed<\/td><td class=\"column-2\">M\u011b\u0159\u00edtko mapov\u00e9ho podkladu, nad kter\u00fdm byl \u00fadaj o \u00fazem\u00ed zpracov\u00e1n:<br \/>\n1:1000 - 1:2880<\/td><td class=\"column-3\">m\u011b\u0159\u00edtko mapov\u00e9ho podkladu, nad kter\u00fdm byl \u00fadaj o \u00fazem\u00ed zpracov\u00e1n:<br \/>\n1:1000 - 1:2880<\/td>\n<\/tr>\n<tr class=\"row-13\">\n\t<td class=\"column-1\">podm\u00ednky vztahuj\u00edc\u00ed se   k p\u0159\u00edstupu a pou\u017eit\u00ed<\/td><td class=\"column-2\">Licen\u010dn\u00ed ujedn\u00e1n\u00ed:<br \/>\nU\u017eit\u00ed t\u011bchto poskytovan\u00fdch dat je mo\u017en\u00e9 za podm\u00ednek licence Creative Commons BY-SA 4.0, co\u017e znamen\u00e1, \u017ee odb\u011bratel m\u016f\u017ee d\u00edlo kop\u00edrovat a d\u00e1le distribuovat na jak\u00e9mkoli m\u00e9diu a v jak\u00e9mkoli form\u00e1tu. Odb\u011bratel sm\u00ed d\u00edlo upravovat, transformovat \u010di za\u010dlenit do vlastn\u00edho d\u00edla pro jak\u00fdkoli \u00fa\u010del, a to v\u010detn\u011b komer\u010dn\u00edho vyu\u017eit\u00ed. Povinnost\u00ed odb\u011bratele je uv\u00e9st autorstv\u00ed, poskytnout s d\u00edlem odkaz na licenci a vyzna\u010dit proveden\u00e9 zm\u011bny. Toho m\u016f\u017ee odb\u011bratel doc\u00edlit jak\u00fdmkoli rozumn\u00fdm zp\u016fsobem, nicm\u00e9n\u011b nikdy ne zp\u016fsobem nazna\u010duj\u00edc\u00edm, \u017ee by poskytovatel licence schvaloval nebo podporoval odb\u011bratele nebo zp\u016fsob u\u017eit\u00ed d\u00edla odb\u011bratelem. Pokud d\u00edlo \u010di jeho odvozeniny \u0161\u00ed\u0159\u00ed odb\u011bratel d\u00e1le, mus\u00ed zachovat licenci. D\u00edla vznikl\u00e1 s vyu\u017eit\u00edm dat a v\u00fdstup\u016f opat\u0159\u00ed \u017eadatel a odb\u011bratel krom\u011b odkazu na licenci Creative Commons BY-SA 4.0 tak\u00e9 dolo\u017ekou: \u201edatov\u00fd podklad: Geoport\u00e1l pam\u00e1tkov\u00e9 p\u00e9\u010de, N\u00e1rodn\u00ed pam\u00e1tkov\u00fd \u00fastav, https:\/\/geoportal.npu.cz. Stav dat k: dd.mm.rrrr.\u201c. Relevantn\u00ed datum je ulo\u017eeno po extrakci v *.zip archivu v souboru ExtractDataLog.xml v tagu ExtractData date.<\/td><td class=\"column-3\"><\/td>\n<\/tr>\n<tr class=\"row-14\">\n\t<td class=\"column-1\">omezen\u00ed ve\u0159ejn\u00e9ho p\u0159\u00edstupu<\/td><td class=\"column-2\">bez omezen\u00ed<\/td><td class=\"column-3\"><\/td>\n<\/tr>\n<tr class=\"row-15\">\n\t<td class=\"column-1\">odpov\u011bdn\u00e1 osoba nebo organizace<\/td><td class=\"column-2\">N\u00e1rodn\u00ed pam\u00e1tkov\u00fd \u00fastav<br \/>\nI\u010cO 75032333<br \/>\nVald\u0161tejnsk\u00e9 n\u00e1m. \u010d.p. 162\/\u010d.o. 3<br \/>\n118 01 Praha 1 \u2013 Mal\u00e1 Strana<br \/>\nidentifik\u00e1tor datov\u00e9 schr\u00e1nky - 2cy8h6t<\/td><td class=\"column-3\">1. N\u00e1zev<br \/>\nN\u00e1rodn\u00ed pam\u00e1tkov\u00fd \u00fastav<br \/>\n2. Identifika\u010dn\u00ed \u010d\u00edslo<br \/>\nI\u010cO 75032333<br \/>\n3. S\u00eddlo poskytovatele \u00fadaje a kontakt\/a), b), c), d)\/<br \/>\nVald\u0161tejnsk\u00e9 n\u00e1m. \u010d.p. 162\/\u010d.o. 3<br \/>\n118 01 Praha 1 \u2013 Mal\u00e1 Strana<br \/>\ne) jm\u00e9no, p\u0159\u00edjmen\u00ed a funkce opr\u00e1vn\u011bn\u00e9 osoby<br \/>\nMgr. et Mgr. Michal Novotn\u00fd, Ph.D., prvn\u00ed n\u00e1m\u011bstek gener\u00e1ln\u00ed \u0159editelky<br \/>\nf) \u010d\u00edslo telefonu<br \/>\n+420 257 010 111<br \/>\ng) e-mail<br \/>\nepodatelna@npu.cz<br \/>\nh) jm\u00e9no a p\u0159\u00edjmen\u00ed kontaktn\u00ed osoby \/ i) \u010d\u00edslo telefonu<br \/>\nMgr. \u0160imon Eismann, +420 257 010 161<br \/>\nj) e-mail<br \/>\ngis@npu.cz<br \/>\nk) identifik\u00e1tor datov\u00e9 schr\u00e1nky<br \/>\n2cy8h6t<\/td>\n<\/tr>\n<tr class=\"row-16\">\n\t<td class=\"column-1\">kontaktn\u00ed m\u00edsto pro metadata<\/td><td class=\"column-2\">N\u00e1rodn\u00ed pam\u00e1tkov\u00fd \u00fastav<br \/>\nI\u010cO 75032333<br \/>\nVald\u0161tejnsk\u00e9 n\u00e1m. \u010d.p. 162\/\u010d.o. 3<br \/>\n118 01 Praha 1 \u2013 Mal\u00e1 Strana<br \/>\nidentifik\u00e1tor datov\u00e9 schr\u00e1nky - 2cy8h6t<\/td><td class=\"column-3\"><\/td>\n<\/tr>\n<tr class=\"row-17\">\n\t<td class=\"column-1\">datum metadat<\/td><td class=\"column-2\">1.10.2024<\/td><td class=\"column-3\"><\/td>\n<\/tr>\n<tr class=\"row-18\">\n\t<td class=\"column-1\">identifik\u00e1tor metadatov\u00e9ho   z\u00e1znamu<\/td><td class=\"column-2\">CZ-75032333-UAP-USKP<\/td><td class=\"column-3\"><\/td>\n<\/tr>\n<tr class=\"row-19\">\n\t<td class=\"column-1\">\u010detnost \u00fadr\u017eby a aktualizace<\/td><td class=\"column-2\">pr\u016fb\u011b\u017en\u011b<\/td><td class=\"column-3\"><\/td>\n<\/tr>\n<tr class=\"row-20\">\n\t<td class=\"column-1\">pozn\u00e1mka k \u00fadr\u017eb\u011b a aktualizaci<\/td><td class=\"column-2\">-<\/td><td class=\"column-3\"><\/td>\n<\/tr>\n<tr class=\"row-21\">\n\t<td class=\"column-1\">rozsah \u2013 geografick\u00fd   identifik\u00e1tor<\/td><td class=\"column-2\">\u010cesk\u00e1 republika<br \/>\n* Data jsou vyd\u00e1v\u00e1na v \u00fazemn\u00edm rozsahu zadan\u00e9m \u017eadatelem v objedn\u00e1vkov\u00e9m syst\u00e9mu na Geoport\u00e1lu pam\u00e1tkov\u00e9 p\u00e9\u010de https:\/\/geoportal.npu.cz\/web\/DataMarketOrder<\/td><td class=\"column-3\">\u00dazemn\u00ed lokalizace \u00fazem\u00ed<br \/>\nData jsou vyd\u00e1v\u00e1na v \u00fazemn\u00edm rozsahu zadan\u00e9m \u017eadatelem v objedn\u00e1vkov\u00e9m syst\u00e9mu na Geoport\u00e1lu pam\u00e1tkov\u00e9 p\u00e9\u010de https:\/\/geoportal.npu.cz\/web\/DataMarketOrder<\/td>\n<\/tr>\n<tr class=\"row-22\">\n\t<td class=\"column-1\">form\u00e1t stahovan\u00fdch dat<\/td><td class=\"column-2\">Dle po\u017eadavku<br \/>\nzadan\u00e9ho \u017eadatelem v objedn\u00e1vkov\u00e9m syst\u00e9mu na Geoport\u00e1lu pam\u00e1tkov\u00e9 p\u00e9\u010de<br \/>\nhttps:\/\/geoportal.npu.cz\/web\/DataMarketOrder. Z\u00e1kladn\u00ed form\u00e1ty pro v\u00fddej vektorov\u00fdch dat: Esri shapefile - SHP - .shp; esri file geodatabase - .gdb a Bentley Microstation Design (V8) - DGN_V8 -.dgn; genericky je grafick\u00e1 \u010d\u00e1st dat ulo\u017een\u00e1 v centr\u00e1ln\u00ed geodatab\u00e1zi vedena v esri ArcGIS 10<\/td><td class=\"column-3\">Form\u00e1t grafick\u00e9 \u010d\u00e1sti (s uveden\u00edm programu, ve kter\u00e9m je zpracov\u00e1na): Dle po\u017eadavku<br \/>\nzadan\u00e9ho \u017eadatelem v objedn\u00e1vkov\u00e9m syst\u00e9mu na Geoport\u00e1lu pam\u00e1tkov\u00e9 p\u00e9\u010de<br \/>\nhttps:\/\/geoportal.npu.cz\/web\/DataMarketOrder. Z\u00e1kladn\u00ed form\u00e1ty pro v\u00fddej vektorov\u00fdch dat: Esri shapefile - SHP - .shp; esri file geodatabase - .gdb a Bentley Microstation Design (V8) - DGN_V8 -.dgn; genericky je grafick\u00e1 \u010d\u00e1st dat ulo\u017een\u00e1 v centr\u00e1ln\u00ed geodatab\u00e1zi vedena v esri ArcGIS 10<\/td>\n<\/tr>\n<tr class=\"row-23\">\n\t<td class=\"column-1\">sou\u0159adnicov\u00fd referen\u010dn\u00ed syst\u00e9m<\/td><td class=\"column-2\">S-JTSK East-North<\/td><td class=\"column-3\">sou\u0159adnicov\u00fd syst\u00e9m zobrazen\u00ed:<br \/>\nS-JTSK East-North<\/td>\n<\/tr>\n<tr class=\"row-24\">\n\t<td class=\"column-1\">typ prostorov\u00e9 reprezentace<\/td><td class=\"column-2\">vektor \/ defini\u010dn\u00ed body + polygony<\/td><td class=\"column-3\">Typ (linie, bod, plocha): defini\u010dn\u00ed body + polygony<br \/>\n1 Data nemovit\u00fdch kulturn\u00edch pam\u00e1tek (jev \u010d. 8) jsou standardn\u011b vyd\u00e1v\u00e1na pouze jako defini\u010dn\u00ed body; polygonov\u00e1 vymezen\u00ed nejsou zpracov\u00e1na pro cel\u00e9 \u00fazem\u00ed \u010cR, lze vy\u017e\u00e1dat formou nestandardn\u00ed objedn\u00e1vky na Geoport\u00e1lu pam\u00e1tkov\u00e9 p\u00e9\u010de https:\/\/geoportal.npu.cz\/web\/DataMarketOrder<\/td>\n<\/tr>\n<tr class=\"row-25\">\n\t<td class=\"column-1\">specifikace prostorov\u00fdch dat<\/td><td class=\"column-2\"><a href=\"https:\/\/pagis.npu.cz\/wordpress\/uap-2\/specifikace-prostorovych-dat-uskp\/\" rel=\"noopener\" target=\"_blank\">https:\/\/pagis.npu.cz\/wordpress\/uap-2\/specifikace-prostorovych-dat-uskp\/<\/a><\/td><td class=\"column-3\">A\/ geometrick\u00e1 \u010d\u00e1st prostorov\u00fdch dat:<br \/>\n\u25cf KodStavObjRUIAN (kodStavObjR) - kod stavebn\u00edho objektu v RUIAN<br \/>\n\u25cf prvekId (Prvek_id) - identifik\u00e1tor prvku v Pam\u00e1tkov\u00e9m katalogu<br \/>\n\u25cf prStavId (PrStav_id) - identifik\u00e1tor pr\u00e1vn\u00edho stavu v Pam\u00e1tkov\u00e9m katalogu<br \/>\nB\/ p\u0159ipojen\u00e9 atributy \u00daSKP evidovan\u00e9 v Pam\u00e1tkov\u00e9m katalogu:<br \/>\n\u25cf datumStavuOchrany (datumStavu) - datum nabyt\u00ed pr\u00e1vn\u00ed stavu<br \/>\n\u25cf hlavniPrvek (hlavniPrve) - hlavn\u00ed prvek v Pam\u00e1tkov\u00e9m katalogu<br \/>\n\u25cf PrStavNazev(PrStavNaze) \u2013 n\u00e1zev pr\u00e1vn\u00edho stavu<br \/>\n\u25cf rejstrikoveCisloUSKP (rejstrikov) - rejst\u0159\u00edkov\u00e9 \u010d\u00edslo \u00daSKP<br \/>\n\u25cf typOchranyKod (typOchrany) - typ ochrany - k\u00f3d<br \/>\n\u25cf typOchranyNazev (typOchra_1) - typ ochrany<br \/>\n\u25cf upresneniTypuOchrany (upresneniT) - up\u0159esn\u011bn\u00ed typu ochrany<br \/>\n\u25cf urlExt - odkaz na z\u00e1znam ve ve\u0159ejn\u00e9 \u010d\u00e1sti Pam\u00e1tkov\u00e9ho katalogu<br \/>\n\u25cf urlInt - odkaz na z\u00e1znam ve vyhrazen\u00e9 \u010d\u00e1sti Pam\u00e1tkov\u00e9ho katalogu<br \/>\n\u25cf fazeOchranyId (fazeOchran) - f\u00e1ze ochrany - identifik\u00e1tor<br \/>\n\u25cf fazeOchranyKod (fazeOchr_1) - f\u00e1ze ochrany - k\u00f3d<br \/>\n\u25cf fazeOchranyNazev (fazeOchr_2) - f\u00e1ze ochrany<br \/>\nDatov\u00e9 vrstvy pro sledovan\u00e9 jevy 5a, 8a a 10:<br \/>\n\u25cf Pam\u00e1tkov\u00e9 rezervace a pam\u00e1tkov\u00e9 z\u00f3ny (jev \u010d. 5a):<br \/>\n\u25cf PaKa_PR_BI = Pam\u00e1tkov\u00e9 rezervace - bodov\u00e1 identifikace (defini\u010dn\u00ed body)<br \/>\n\u25cf PaKa_PR_PI = Pam\u00e1tkov\u00e9 rezervace - vymezen\u00ed rozsahu ochrany (plo\u0161n\u00e1 \/ polygonov\u00e1 vymezen\u00ed)<br \/>\n\u25cf PaKa_PZ_BI = Pam\u00e1tkov\u00e9 z\u00f3ny - bodov\u00e1 identifikace (defini\u010dn\u00ed body pam\u00e1tkov\u00fdch<br \/>\nz\u00f3n s v\u00fdjimkou z\u00f3n typu krajinn\u00e1 pam\u00e1tkov\u00e1 z\u00f3na)<br \/>\n\u25cf PaKa_PZ_PI = Pam\u00e1tkov\u00e9 z\u00f3ny - vymezen\u00ed rozsahu ochrany (plo\u0161n\u00e1 \/ polygonov\u00e1 vymezen\u00ed pam\u00e1tkov\u00fdch z\u00f3n s v\u00fdjimkou z\u00f3n typu krajinn\u00e1 pam\u00e1tkov\u00e1 z\u00f3na)<br \/>\n\u25cf PaKa_KPZ_BI = Krajinn\u00e9 pam\u00e1tkov\u00e9 z\u00f3ny - bodov\u00e1 identifikace (defini\u010dn\u00ed body)<br \/>\n\u25cf PaKa_KPZ_PI = Krajinn\u00e9 pam\u00e1tkov\u00e9 z\u00f3ny - vymezen\u00ed rozsahu ochrany (plo\u0161n\u00e1 \/ polygonov\u00e1 vymezen\u00ed)<br \/>\n\u25cf Nemovit\u00e9 n\u00e1rodn\u00ed kulturn\u00ed pam\u00e1tky a nemovit\u00e9 kulturn\u00ed pam\u00e1tky (jev \u010d. 8a):<br \/>\n\u25cf PaKa_KPHDB = Nemovit\u00e9 kulturn\u00ed pam\u00e1tky - bodov\u00e1 identifikace (hlavn\u00ed defini\u010dn\u00ed body)<br \/>\n\u25cf PaKa_NKPHDB = Nemovit\u00e9 n\u00e1rodn\u00ed kulturn\u00ed pam\u00e1tky - bodov\u00e1 identifikace (hlavn\u00ed defini\u010dn\u00ed body)<br \/>\n\u25cf PaKa_NKP_PI: Nemovit\u00e9 n\u00e1rodn\u00ed kulturn\u00ed pam\u00e1tky - vymezen\u00ed rozsahu ochrany (plo\u0161n\u00e1 \/ polygonov\u00e1 vymezen\u00ed)<br \/>\n\u25cf Statky zapsan\u00e9 na Seznamu sv\u011btov\u00e9ho d\u011bdictv\u00ed a jejich n\u00e1razn\u00edkov\u00e9 z\u00f3ny (jev \u010d. 10)<br \/>\n\u25cf PaKa_SD_BI = Sv\u011btov\u00e9 d\u011bdictv\u00ed - bodov\u00e1 identifikace (defini\u010dn\u00ed body)<br \/>\n\u25cf PaKa_SD_PI = Sv\u011btov\u00e9 d\u011bdictv\u00ed - vymezen\u00ed rozsahu ochrany (plo\u0161n\u00e1 \/ polygonov\u00e1 vymezen\u00ed)<br \/>\n\u25cf Ochrann\u00e9 p\u00e1smo (k jevu \u010d. 5a a 8a)3<br \/>\n\u25cf PaKa_OP_BI = Ochrann\u00e1 p\u00e1sma - bodov\u00e1 identifikace (defini\u010dn\u00ed body ochrann\u00fdch p\u00e1sem pam\u00e1tkov\u00fdch rezervac\u00ed a z\u00f3n, nemovit\u00fdch kulturn\u00edch a n\u00e1rodn\u00edch kulturn\u00edch pam\u00e1tek)<br \/>\n\u25cf PaKa_OP_PI = Ochrann\u00e1 p\u00e1sma - vymezen\u00ed rozsahu (plo\u0161n\u00e1 \/ polygonov\u00e1 vymezen\u00ed ochrann\u00fdch p\u00e1sem pam\u00e1tkov\u00fdch rezervac\u00ed a z\u00f3n, nemovit\u00fdch kulturn\u00edch a n\u00e1rodn\u00edch kulturn\u00edch pam\u00e1tek)<\/td>\n<\/tr>\n<\/tbody>\n<\/table>\n<!-- #tablepress-9 from cache -->\n<p>Aktualizov\u00e1no 2025-02-10 14:17:15<\/p>\n","protected":false},"excerpt":{"rendered":"<p>Aktualizov\u00e1no<\/p>\n","protected":false},"author":3,"featured_media":0,"parent":6283,"menu_order":0,"comment_status":"closed","ping_status":"closed","template":"","meta":{"footnotes":""},"class_list":["post-6315","page","type-page","status-publish","hentry"],"_links":{"self":[{"href":"https:\/\/pagis.npu.cz\/wordpress\/wp-json\/wp\/v2\/pages\/6315","targetHints":{"allow":["GET"]}}],"collection":[{"href":"https:\/\/pagis.npu.cz\/wordpress\/wp-json\/wp\/v2\/pages"}],"about":[{"href":"https:\/\/pagis.npu.cz\/wordpress\/wp-json\/wp\/v2\/types\/page"}],"author":[{"embeddable":true,"href":"https:\/\/pagis.npu.cz\/wordpress\/wp-json\/wp\/v2\/users\/3"}],"replies":[{"embeddable":true,"href":"https:\/\/pagis.npu.cz\/wordpress\/wp-json\/wp\/v2\/comments?post=6315"}],"version-history":[{"count":4,"href":"https:\/\/pagis.npu.cz\/wordpress\/wp-json\/wp\/v2\/pages\/6315\/revisions"}],"predecessor-version":[{"id":6319,"href":"https:\/\/pagis.npu.cz\/wordpress\/wp-json\/wp\/v2\/pages\/6315\/revisions\/6319"}],"up":[{"embeddable":true,"href":"https:\/\/pagis.npu.cz\/wordpress\/wp-json\/wp\/v2\/pages\/6283"}],"wp:attachment":[{"href":"https:\/\/pagis.npu.cz\/wordpress\/wp-json\/wp\/v2\/media?parent=6315"}],"curies":[{"name":"wp","href":"https:\/\/api.w.org\/{rel}","templated":true}]}}