{"id":6304,"date":"2024-10-02T14:23:46","date_gmt":"2024-10-02T12:23:46","guid":{"rendered":"https:\/\/pagis.npu.cz\/wordpress\/?page_id=6304"},"modified":"2025-07-28T07:45:52","modified_gmt":"2025-07-28T05:45:52","slug":"uap","status":"publish","type":"page","link":"https:\/\/pagis.npu.cz\/wordpress\/uap\/","title":{"rendered":"\u00daAP"},"content":{"rendered":"<p id=\"--vybran\u00e9-p\u0159\u00edsp\u011bvky:\">Data NP\u00da, kter\u00e1 jsou vyu\u017eiteln\u00e1 pro \u00fazemn\u011b analytick\u00e9 podklady (d\u00e1le jen \u00daAP), m\u016f\u017eeme rozd\u011blit do dvou z\u00e1kladn\u00edch skupin:<\/p>\n<ul>\n<li><strong>Data jev\u016f, u&nbsp;nich\u017e je NP\u00da poskytovatelem \u00fadaj\u016f o&nbsp;\u00fazem\u00ed pro \u00fa\u010dely po\u0159izov\u00e1n\u00ed \u00daAP<\/strong> (tj.\u00a0 data jev\u016f typu U&nbsp;\u2013 \u00fadaj o&nbsp;\u00fazem\u00ed).<br \/>\n<em>Informace o&nbsp;t\u00e9to prvn\u00ed skupin\u011b dat, kterou tvo\u0159\u00ed prostorov\u00e1 data \u00dast\u0159edn\u00edho seznamu kulturn\u00edch pam\u00e1tek (\u00daSKP) a&nbsp;St\u00e1tn\u00edho archeologick\u00e9ho seznamu (SAS), a&nbsp;jejich poskytov\u00e1n\u00ed najde z\u00e1jemce na Geoport\u00e1lu pam\u00e1tkov\u00e9 p\u00e9\u010de na str\u00e1nce <a href=\"https:\/\/geoportal.npu.cz\/web\/UAP\" target=\"_blank\" rel=\"noopener\">Poskytov\u00e1n\u00ed \u00fadaj\u016f o&nbsp;\u00fazem\u00ed pro \u00fa\u010dely po\u0159izov\u00e1n\u00ed \u00fazemn\u011b analytick\u00fdch podklad\u016f<\/a>.<\/em><\/p>\n<ul>\n<li><a href=\"https:\/\/pagis.npu.cz\/wordpress\/uap-2\/specifikace-prostorovych-dat-uskp\/\">Specifikace prostorov\u00fdch dat \u00daSKP<\/a>\n<ul>\n<li><a href=\"https:\/\/pagis.npu.cz\/wordpress\/uap\/specifikace-prostorovych-dat-uskp\/metadata-prostorovych-dat-uskp\/\">Metadata prostorov\u00fdch dat \u00daSKP<\/a><\/li>\n<\/ul>\n<\/li>\n<li><a href=\"https:\/\/pagis.npu.cz\/wordpress\/uap-2\/specifikace-prostorovych-dat-sas\/\">Specifikace prostorov\u00fdch dat SAS<\/a>\n<ul>\n<li><a href=\"https:\/\/pagis.npu.cz\/wordpress\/uap\/specifikace-prostorovych-dat-sas\/metadata-prostorovych-dat-sas\/\">Metadata prostorov\u00fdch dat SAS<\/a><\/li>\n<\/ul>\n<\/li>\n<\/ul>\n<\/li>\n<li><strong>Dal\u0161\u00ed informace o&nbsp;architektonick\u00fdch a&nbsp;urbanistick\u00fdch hodnot\u00e1ch \u00fazem\u00ed<\/strong>, jejich\u017e zdrojem je Geoport\u00e1l pam\u00e1tkov\u00e9 p\u00e9\u010de spolu s&nbsp;dal\u0161\u00edmi aplikacemi IISPP (tj.&nbsp;data typu Z&nbsp;\u2013 zji\u0161t\u011bn\u00ed vypl\u00fdvaj\u00edc\u00ed z&nbsp;pr\u016fzkum\u016f \u00fazem\u00ed a&nbsp;D \u2013 dal\u0161\u00ed d\u016fle\u017eit\u00e9 dostupn\u00e9 informace o&nbsp;\u00fazem\u00ed).<br \/>\n<em>Informace o&nbsp;t\u00e9to druh\u00e9 skupin\u011b dat a&nbsp;jejich dostupnosti najde z\u00e1jemce na Geoport\u00e1lu pam\u00e1tkov\u00e9 p\u00e9\u010de na str\u00e1nce <a href=\"https:\/\/geoportal.npu.cz\/web\/UAP\/NotRequiredPhenomenon\" target=\"_blank\" rel=\"noopener\">Podklady pro \u00fadaje o&nbsp;\u00fazem\u00ed, pro n\u011b\u017e nen\u00ed NP\u00da poskytovatelem<\/a><\/em>.<\/li>\n<\/ul>\n<h4 id=\"souvisej\u00edc\u00ed:\">Souvisej\u00edc\u00ed:<\/h4>\n<ul>\n<li><a href=\"https:\/\/pagis.npu.cz\/wordpress\/uap\/uap-2\/uap\/\">\u00daAP: vybran\u00e9 p\u0159\u00edsp\u011bvky na blogu Pro(Pa)Gis<\/a><\/li>\n<li><a href=\"https:\/\/pagis.npu.cz\/wordpress\/uap-2\/\">\u00dadaje o&nbsp;\u00fazem\u00ed pro po\u0159izov\u00e1n\u00ed \u00daAP, zji\u0161t\u011bn\u00ed vypl\u00fdvaj\u00edc\u00ed z&nbsp;pr\u016fzkum\u016f \u00fazem\u00ed a&nbsp;dal\u0161\u00ed dostupn\u00e9 informace o&nbsp;\u00fazem\u00ed do 30.&nbsp;6.&nbsp;2024<\/a>\n<ul>\n<li style=\"list-style-type: none;\">\n<ul>\n<li><a href=\"https:\/\/pagis.npu.cz\/uap-porizovatele\/\">\u00daAP (kraj\u016f) zve\u0159ejn\u011bn\u00e9<\/a> (aneb jak\u00fdm zp\u016fsobem jsou data poskytnut\u00e1 NP\u00da interpretov\u00e1na po\u0159izovateli \/ p\u0159ehled odkaz\u016f a&nbsp;legend)<\/li>\n<\/ul>\n<\/li>\n<\/ul>\n<\/li>\n<\/ul>\n<p><em>Aktualizov\u00e1no: <span class=\"last-modified-timestamp\">28\/07\/2025 7:45<\/span><\/em><\/p>\n","protected":false},"excerpt":{"rendered":"<p>Data NP\u00da, kter\u00e1 jsou vyu\u017eiteln\u00e1 pro \u00fazemn\u011b analytick\u00e9 podklady (d\u00e1le jen \u00daAP), m\u016f\u017eeme rozd\u011blit do dvou z\u00e1kladn\u00edch skupin: Data jev\u016f, u&nbsp;nich\u017e je NP\u00da poskytovatelem \u00fadaj\u016f o&nbsp;\u00fazem\u00ed pro \u00fa\u010dely po\u0159izov\u00e1n\u00ed \u00daAP &hellip; <a href=\"https:\/\/pagis.npu.cz\/wordpress\/uap\/\" class=\"more-link\">Pokra\u010dovat ve \u010dten\u00ed<span class=\"screen-reader-text\"> &#8222;\u00daAP&#8220;<\/span><\/a><\/p>\n","protected":false},"author":3,"featured_media":0,"parent":0,"menu_order":0,"comment_status":"closed","ping_status":"closed","template":"","meta":{"footnotes":""},"class_list":["post-6304","page","type-page","status-publish","hentry"],"_links":{"self":[{"href":"https:\/\/pagis.npu.cz\/wordpress\/wp-json\/wp\/v2\/pages\/6304","targetHints":{"allow":["GET"]}}],"collection":[{"href":"https:\/\/pagis.npu.cz\/wordpress\/wp-json\/wp\/v2\/pages"}],"about":[{"href":"https:\/\/pagis.npu.cz\/wordpress\/wp-json\/wp\/v2\/types\/page"}],"author":[{"embeddable":true,"href":"https:\/\/pagis.npu.cz\/wordpress\/wp-json\/wp\/v2\/users\/3"}],"replies":[{"embeddable":true,"href":"https:\/\/pagis.npu.cz\/wordpress\/wp-json\/wp\/v2\/comments?post=6304"}],"version-history":[{"count":6,"href":"https:\/\/pagis.npu.cz\/wordpress\/wp-json\/wp\/v2\/pages\/6304\/revisions"}],"predecessor-version":[{"id":6756,"href":"https:\/\/pagis.npu.cz\/wordpress\/wp-json\/wp\/v2\/pages\/6304\/revisions\/6756"}],"wp:attachment":[{"href":"https:\/\/pagis.npu.cz\/wordpress\/wp-json\/wp\/v2\/media?parent=6304"}],"curies":[{"name":"wp","href":"https:\/\/api.w.org\/{rel}","templated":true}]}}