{"id":6283,"date":"2024-09-26T13:56:05","date_gmt":"2024-09-26T11:56:05","guid":{"rendered":"https:\/\/pagis.npu.cz\/wordpress\/?page_id=6283"},"modified":"2024-10-02T14:33:38","modified_gmt":"2024-10-02T12:33:38","slug":"specifikace-prostorovych-dat-uskp","status":"publish","type":"page","link":"https:\/\/pagis.npu.cz\/wordpress\/uap\/specifikace-prostorovych-dat-uskp\/","title":{"rendered":"Specifikace prostorov\u00fdch dat \u00daSKP"},"content":{"rendered":"<p>Prostorov\u00e1 data \u00dast\u0159edn\u00edho seznamu kulturn\u00edch pam\u00e1tek (d\u00e1le jen \u00daSKP) jsou publikov\u00e1na a&nbsp;vyd\u00e1v\u00e1na ve struktu\u0159e, kter\u00e1 vych\u00e1z\u00ed ze zp\u016fsobu, jak\u00fdm jsou aktu\u00e1ln\u011b evidov\u00e1ny z\u00e1znamy v&nbsp;\u00daSKP prost\u0159ednictv\u00edm aplikace Pam\u00e1tkov\u00fd katalog. Data pro v\u00fddej propojuj\u00ed grafickou \u010d\u00e1st dat ulo\u017eenou v&nbsp;centr\u00e1ln\u00ed geodatab\u00e1zi odborn\u00fdch prostorov\u00fdch dat Pam\u00e1tkov\u00e9ho geografick\u00e9ho informa\u010dn\u00edho syst\u00e9mu (PaGIS) s&nbsp;atributy evidovan\u00fdmi v&nbsp;\u00daSKP prost\u0159ednictv\u00edm aplikace Pam\u00e1tkov\u00fd katalog. Jejich p\u0159ehled je dostupn\u00fd po&nbsp;p\u0159ihl\u00e1\u0161en\u00ed ve v\u00fddejn\u00edm modulu geoport\u00e1lu na str\u00e1nce v\u00fdb\u011bru z&nbsp;produktov\u00e9ho katalogu<br \/>\n<a href=\"https:\/\/geoportal.npu.cz\/web\/DataMarketOrder\/ProductSelection\" target=\"_blank\" rel=\"noopener\">https:\/\/geoportal.npu.cz\/web\/DataMarketOrder\/ProductSelection<\/a>.<br \/>\nProstorov\u00e1 data \u00fadaj\u016f o&nbsp;\u00fazem\u00ed pro sledovan\u00e9 jevy 4 &#8211;<em>pam\u00e1tkov\u011b chr\u00e1n\u011bn\u00e9 \u00fazem\u00ed a&nbsp;jeho ochrann\u00e9 p\u00e1smo<\/em>, 5 &#8211; <em>nemovit\u00e1 n\u00e1rodn\u00ed kulturn\u00ed pam\u00e1tka, nemovit\u00e1 kulturn\u00ed pam\u00e1tka a&nbsp;jejich ochrann\u00e9 p\u00e1smo<\/em> a&nbsp;6 &#8211; <em>statek zapsan\u00fd na Seznamu sv\u011btov\u00e9ho d\u011bdictv\u00ed a&nbsp;jeho n\u00e1razn\u00edkov\u00e1 z\u00f3na<\/em> (d\u0159\u00edve 5a, 8a a&nbsp;10) jsou dostupn\u00e1 formou souborn\u00e9ho produktu Datov\u00e9 sady dostupn\u00e9 ve v\u00fddejn\u00edm modulu na odkaze <a href=\"https:\/\/geoportal.npu.cz\/web\/DataMarketOrder\/ProductDetail?productId=3\" target=\"_blank\" rel=\"noopener\">https:\/\/geoportal.npu.cz\/web\/DataMarketOrder\/ProductDetail?productId=3<\/a>.<\/p>\n<p><em>* Data nemovit\u00fdch kulturn\u00edch pam\u00e1tek jsou standardn\u011b vyd\u00e1v\u00e1na pouze jako defini\u010dn\u00ed body; polygonov\u00e1 vymezen\u00ed nejsou zpracov\u00e1na pro cel\u00e9 \u00fazem\u00ed \u010cR, lze vy\u017e\u00e1dat formou nestandardn\u00ed objedn\u00e1vky na Geoport\u00e1lu pam\u00e1tkov\u00e9 p\u00e9\u010de <a href=\"https:\/\/geoportal.npu.cz\/web\/DataMarketOrder\" target=\"_blank\" rel=\"noopener\">https:\/\/geoportal.npu.cz\/web\/DataMarketOrder<\/a><\/em><br \/>\n<em>* Sou\u010dasn\u00e1 evidence neumo\u017e\u0148uje rozd\u011blen\u00ed ochrann\u00fdch p\u00e1sem; data ochrann\u00fdch p\u00e1sem jsou proto vyd\u00e1v\u00e1na odd\u011blen\u011b od dat pam\u00e1tkov\u00fdch rezervac\u00ed a&nbsp;z\u00f3n a&nbsp;nemovit\u00fdch kulturn\u00edch a&nbsp;n\u00e1rodn\u00edch kulturn\u00edch pam\u00e1tek.<\/em><\/p>\n<p>Pr\u016fb\u011b\u017en\u011b aktualizovan\u00e1 data centr\u00e1ln\u00ed geodatab\u00e1ze s&nbsp;p\u0159ipojen\u00fdmi atributy evidovan\u00fdmi v&nbsp;\u00daSKP prost\u0159ednictv\u00edm aplikace Pam\u00e1tkov\u00fd katalog jsou z\u00e1rove\u0148 dostupn\u00e1 mapov\u00fdmi slu\u017ebami NP\u00da.<br \/>\nData jsou publikov\u00e1na formou mapov\u00e9 slu\u017eby standardu OGC WMS 1.1.3 a&nbsp;REST slu\u017eeb esri ArcGIS Serveru.<br \/>\nKompletn\u00ed p\u0159ehled mapov\u00fdch slu\u017eeb najdete na Geoport\u00e1lu pam\u00e1tkov\u00e9 p\u00e9\u010de v&nbsp;sekci mapov\u00e9 slu\u017eby: <a href=\"https:\/\/geoportal.npu.cz\/web\/Applications\/LiveData\" target=\"_blank\" rel=\"noopener\">https:\/\/geoportal.npu.cz\/web\/Applications\/LiveData<\/a>. Mapov\u00e9 slu\u017eby \u00fadaj\u016f o&nbsp;\u00fazem\u00ed pro \u00daAP &#8211; bodov\u00e9 identifikace a&nbsp;polygonov\u00e9ho vymezen\u00ed rozsah\u016f ochrany maj\u00ed shodn\u00fd obsah a&nbsp;jejich vrstvy jsou toto\u017en\u00e9 co do n\u00e1zv\u016f a&nbsp;struktury s&nbsp;daty p\u0159ed\u00e1van\u00fdmi prost\u0159ednictv\u00edm v\u00fddejn\u00edho modulu geoport\u00e1lu, tj.&nbsp;sekce Objedn\u00e1vka dat <a href=\"https:\/\/geoportal.npu.cz\/web\/DataMarketOrder\" target=\"_blank\" rel=\"noopener\">https:\/\/geoportal.npu.cz\/web\/DataMarketOrder<\/a>.<br \/>\nStejn\u00fdm zp\u016fsobem vizualizovan\u00e1 data pro UAP jsou dostupn\u00e1 rovn\u011b\u017e prost\u0159ednictv\u00edm mapov\u00e9<br \/>\naplikace \u00daSKP a&nbsp;SAS (data pro \u00daAP): <a href=\"https:\/\/geoportal.npu.cz\/webappbuilder\/apps\/100\/\" target=\"_blank\" rel=\"noopener\">https:\/\/geoportal.npu.cz\/webappbuilder\/apps\/100\/<\/a> .<\/p>\n<p>&nbsp;<\/p>\n<h4 id=\"z\u00e1kladn\u00ed-atributy-datov\u00fdch-\">Z\u00e1kladn\u00ed atributy datov\u00fdch vrstev:<\/h4>\n<h5 id=\"a\/-geometrick\u00e1-\u010d\u00e1st-prostor\">A\/ geometrick\u00e1 \u010d\u00e1st prostorov\u00fdch dat:<\/h5>\n<p>\u25cf KodStavObjRUIAN (kodStavObjR) &#8211; kod stavebn\u00edho objektu v&nbsp;RUIAN<br \/>\n\u25cf prvekId (Prvek_id) &#8211; identifik\u00e1tor prvku v&nbsp;Pam\u00e1tkov\u00e9m katalogu<br \/>\n\u25cf prStavId (PrStav_id) &#8211; identifik\u00e1tor pr\u00e1vn\u00edho stavu v&nbsp;Pam\u00e1tkov\u00e9m katalogu<\/p>\n<h5 id=\"b\/-p\u0159ipojen\u00e9-atributy-\u00daskp-\">B\/ p\u0159ipojen\u00e9 atributy \u00daSKP evidovan\u00e9 v&nbsp;Pam\u00e1tkov\u00e9m katalogu:<\/h5>\n<p>\u25cf datumStavuOchrany (datumStavu) &#8211; datum nabyt\u00ed pr\u00e1vn\u00ed stavu<br \/>\n\u25cf hlavniPrvek (hlavniPrve) &#8211; hlavn\u00ed prvek v&nbsp;Pam\u00e1tkov\u00e9m katalogu<br \/>\n\u25cf PrStavNazev(PrStavNaze) \u2013 n\u00e1zev pr\u00e1vn\u00edho stavu<br \/>\n\u25cf rejstrikoveCisloUSKP (rejstrikov) &#8211; rejst\u0159\u00edkov\u00e9 \u010d\u00edslo \u00daSKP<br \/>\n\u25cf typOchranyKod (typOchrany) &#8211; typ ochrany &#8211; k\u00f3d<br \/>\n\u25cf typOchranyNazev (typOchra_1) &#8211; typ ochrany<br \/>\n\u25cf upresneniTypuOchrany (upresneniT) &#8211; up\u0159esn\u011bn\u00ed typu ochrany<br \/>\n\u25cf urlExt &#8211; odkaz na z\u00e1znam ve ve\u0159ejn\u00e9 \u010d\u00e1sti Pam\u00e1tkov\u00e9ho katalogu<br \/>\n\u25cf urlInt &#8211; odkaz na z\u00e1znam ve vyhrazen\u00e9 \u010d\u00e1sti Pam\u00e1tkov\u00e9ho katalogu<br \/>\n\u25cf fazeOchranyId (fazeOchran) &#8211; f\u00e1ze ochrany &#8211; identifik\u00e1tor<br \/>\n\u25cf fazeOchranyKod (fazeOchr_1) &#8211; f\u00e1ze ochrany &#8211; k\u00f3d<br \/>\n\u25cf fazeOchranyNazev (fazeOchr_2) &#8211; f\u00e1ze ochrany<\/p>\n<p><em>P\u0159i extraktu dat do form\u00e1tu Shapefile doch\u00e1z\u00ed ke kr\u00e1cen\u00ed n\u00e1zv\u016f pol\u00ed; zkr\u00e1cen\u00fd n\u00e1zev je uveden v&nbsp;z\u00e1vorce; V&nbsp;p\u0159\u00edpad\u011b duplicitn\u00edho n\u00e1zvu pole p\u0159ipojen\u00e9 tabulky m\u016f\u017ee doj\u00edt k&nbsp;substituci n\u00e1zvu pole za Expr_n<\/em>.<\/p>\n<h4 id=\"datov\u00e9-vrstvy:\">Datov\u00e9 vrstvy:<\/h4>\n<h5 id=\"chr\u00e1n\u011bn\u00e1-\u00fazem\u00ed---pam\u00e1tko\">Chr\u00e1n\u011bn\u00e1 \u00fazem\u00ed &#8211; Pam\u00e1tkov\u00e9 rezervace a&nbsp;pam\u00e1tkov\u00e9 z\u00f3ny (jev \u010d.&nbsp;4 (d\u0159\u00edve 5a)):<\/h5>\n<p>\u25cf PaKa_PR_BI = Pam\u00e1tkov\u00e9 rezervace &#8211; bodov\u00e1 identifikace (defini\u010dn\u00ed body)<br \/>\n\u25cf PaKa_PR_PI = Pam\u00e1tkov\u00e9 rezervace &#8211; vymezen\u00ed rozsahu ochrany (plo\u0161n\u00e1 \/ polygonov\u00e1 vymezen\u00ed)<br \/>\n\u25cf PaKa_PZ_BI = Pam\u00e1tkov\u00e9 z\u00f3ny &#8211; bodov\u00e1 identifikace (defini\u010dn\u00ed body pam\u00e1tkov\u00fdch z\u00f3n s&nbsp;v\u00fdjimkou z\u00f3n typu krajinn\u00e1 pam\u00e1tkov\u00e1 z\u00f3na)<br \/>\n\u25cf PaKa_PZ_PI = Pam\u00e1tkov\u00e9 z\u00f3ny &#8211; vymezen\u00ed rozsahu ochrany (plo\u0161n\u00e1 \/ polygonov\u00e1 vymezen\u00ed pam\u00e1tkov\u00fdch z\u00f3n s&nbsp;v\u00fdjimkou z\u00f3n typu krajinn\u00e1 pam\u00e1tkov\u00e1 z\u00f3na)<br \/>\n\u25cf PaKa_KPZ_BI = Krajinn\u00e9 pam\u00e1tkov\u00e9 z\u00f3ny &#8211; bodov\u00e1 identifikace (defini\u010dn\u00ed body)<br \/>\n\u25cf PaKa_KPZ_PI = Krajinn\u00e9 pam\u00e1tkov\u00e9 z\u00f3ny &#8211; vymezen\u00ed rozsahu ochrany (plo\u0161n\u00e1 \/ polygonov\u00e1 vymezen\u00ed)<\/p>\n<h5 id=\"nemovit\u00e9-n\u00e1rodn\u00ed-kulturn\u00ed-\">Nemovit\u00e9 n\u00e1rodn\u00ed kulturn\u00ed pam\u00e1tky a&nbsp;nemovit\u00e9 kulturn\u00ed pam\u00e1tky (jev \u010d.&nbsp;5 (d\u0159\u00edve 8a)):<\/h5>\n<p>\u25cf PaKa_KPHDB = Nemovit\u00e9 kulturn\u00ed pam\u00e1tky &#8211; bodov\u00e1 identifikace (hlavn\u00ed defini\u010dn\u00ed body)<br \/>\n\u25cf PaKa_NKPHDB = Nemovit\u00e9 n\u00e1rodn\u00ed kulturn\u00ed pam\u00e1tky &#8211; bodov\u00e1 identifikace (hlavn\u00ed defini\u010dn\u00ed body)<br \/>\n\u25cf PaKa_NKP_PI: Nemovit\u00e9 n\u00e1rodn\u00ed kulturn\u00ed pam\u00e1tky &#8211; vymezen\u00ed rozsahu ochrany (plo\u0161n\u00e1 \/ polygonov\u00e1 vymezen\u00ed)<\/p>\n<h5 id=\"\">Statky zapsan\u00e9 na Seznamu sv\u011btov\u00e9ho d\u011bdictv\u00ed a&nbsp;jejich n\u00e1razn\u00edkov\u00e9 z\u00f3ny (jev \u010d.&nbsp;6 (d\u0159\u00edve 10))<\/h5>\n<p>\u25cf PaKa_SD_BI = Sv\u011btov\u00e9 d\u011bdictv\u00ed &#8211; bodov\u00e1 identifikace (defini\u010dn\u00ed body)<br \/>\n\u25cf PaKa_SD_PI = Sv\u011btov\u00e9 d\u011bdictv\u00ed &#8211; vymezen\u00ed rozsahu ochrany (plo\u0161n\u00e1 \/ polygonov\u00e1 vymezen\u00ed)<\/p>\n<h5 id=\"ochrann\u00e9-p\u00e1smo-k-jevu-\u010d-4-5\">Ochrann\u00e9 p\u00e1smo (k&nbsp;jevu \u010d.&nbsp;4, 5 (d\u0159\u00edve 5a a&nbsp;8a))<\/h5>\n<p>\u25cf PaKa_OP_BI = Ochrann\u00e1 p\u00e1sma &#8211; bodov\u00e1 identifikace (defini\u010dn\u00ed body ochrann\u00fdch<br \/>\np\u00e1sem pam\u00e1tkov\u00fdch rezervac\u00ed a&nbsp;z\u00f3n, nemovit\u00fdch kulturn\u00edch a&nbsp;n\u00e1rodn\u00edch kulturn\u00edch<br \/>\npam\u00e1tek)<br \/>\n\u25cf PaKa_OP_PI = Ochrann\u00e1 p\u00e1sma &#8211; vymezen\u00ed rozsahu (plo\u0161n\u00e1 \/ polygonov\u00e1 vymezen\u00ed<br \/>\nochrann\u00fdch p\u00e1sem pam\u00e1tkov\u00fdch rezervac\u00ed a&nbsp;z\u00f3n, nemovit\u00fdch kulturn\u00edch<br \/>\na&nbsp;n\u00e1rodn\u00edch kulturn\u00edch pam\u00e1tek)<\/p>\n<p>&nbsp;<\/p>\n<p><a href=\"https:\/\/pagis.npu.cz\/wordpress\/uap\/specifikace-prostorovych-dat-uskp\/metadata-prostorovych-dat-uskp\/\">*<em> Metadata podle p\u0159\u00edlohy \u010d.&nbsp;2 vyhl\u00e1\u0161ky \u010d.&nbsp;157\/2024 v\u010detn\u011b jejich porovn\u00e1n\u00ed s&nbsp;pasportem \u00fadaje o&nbsp;\u00fazem\u00ed podle p\u0159\u00edlohy \u010d.&nbsp;2 k&nbsp;vyhl\u00e1\u0161ce \u010d.&nbsp;500\/2006 Sb., ve zn\u011bn\u00ed pozd\u011bj\u0161\u00edch zm\u011bn.<\/em><\/a><\/p>\n","protected":false},"excerpt":{"rendered":"<p>Prostorov\u00e1 data \u00dast\u0159edn\u00edho seznamu kulturn\u00edch pam\u00e1tek (d\u00e1le jen \u00daSKP) jsou publikov\u00e1na a&nbsp;vyd\u00e1v\u00e1na ve struktu\u0159e, kter\u00e1 vych\u00e1z\u00ed ze zp\u016fsobu, jak\u00fdm jsou aktu\u00e1ln\u011b evidov\u00e1ny z\u00e1znamy v&nbsp;\u00daSKP prost\u0159ednictv\u00edm aplikace Pam\u00e1tkov\u00fd katalog. Data pro &hellip; <a href=\"https:\/\/pagis.npu.cz\/wordpress\/uap\/specifikace-prostorovych-dat-uskp\/\" class=\"more-link\">Pokra\u010dovat ve \u010dten\u00ed<span class=\"screen-reader-text\"> &#8222;Specifikace prostorov\u00fdch dat \u00daSKP&#8220;<\/span><\/a><\/p>\n","protected":false},"author":3,"featured_media":0,"parent":6304,"menu_order":0,"comment_status":"closed","ping_status":"closed","template":"","meta":{"footnotes":""},"class_list":["post-6283","page","type-page","status-publish","hentry"],"_links":{"self":[{"href":"https:\/\/pagis.npu.cz\/wordpress\/wp-json\/wp\/v2\/pages\/6283","targetHints":{"allow":["GET"]}}],"collection":[{"href":"https:\/\/pagis.npu.cz\/wordpress\/wp-json\/wp\/v2\/pages"}],"about":[{"href":"https:\/\/pagis.npu.cz\/wordpress\/wp-json\/wp\/v2\/types\/page"}],"author":[{"embeddable":true,"href":"https:\/\/pagis.npu.cz\/wordpress\/wp-json\/wp\/v2\/users\/3"}],"replies":[{"embeddable":true,"href":"https:\/\/pagis.npu.cz\/wordpress\/wp-json\/wp\/v2\/comments?post=6283"}],"version-history":[{"count":9,"href":"https:\/\/pagis.npu.cz\/wordpress\/wp-json\/wp\/v2\/pages\/6283\/revisions"}],"predecessor-version":[{"id":6334,"href":"https:\/\/pagis.npu.cz\/wordpress\/wp-json\/wp\/v2\/pages\/6283\/revisions\/6334"}],"up":[{"embeddable":true,"href":"https:\/\/pagis.npu.cz\/wordpress\/wp-json\/wp\/v2\/pages\/6304"}],"wp:attachment":[{"href":"https:\/\/pagis.npu.cz\/wordpress\/wp-json\/wp\/v2\/media?parent=6283"}],"curies":[{"name":"wp","href":"https:\/\/api.w.org\/{rel}","templated":true}]}}