{"id":622,"date":"2016-08-15T19:38:59","date_gmt":"2016-08-15T17:38:59","guid":{"rendered":"https:\/\/propagis.synology.me\/?page_id=622"},"modified":"2018-01-03T18:06:16","modified_gmt":"2018-01-03T17:06:16","slug":"who-is-who-in-pagis","status":"publish","type":"page","link":"https:\/\/pagis.npu.cz\/wordpress\/kontakty\/who-is-who-in-pagis\/","title":{"rendered":"Who is who in PaGIS"},"content":{"rendered":"<span id=\"tablepress-1-description\" class=\"tablepress-table-description tablepress-table-description-id-1\">P\u0159ehled osob pod\u00edlej\u00edc\u00edch se na vytv\u00e1\u0159en\u00ed, spr\u00e1v\u011b a publikov\u00e1n\u00ed prostorov\u00fdch dat Pam\u00e1tkov\u00e9ho geografick\u00e9ho informa\u010dn\u00edho syst\u00e9mu PaGIS.<br \/>\n***<\/span>\n\n<table id=\"tablepress-1\" class=\"tablepress tablepress-id-1\" aria-describedby=\"tablepress-1-description\">\n<thead>\n<tr class=\"row-1\">\n\t<th class=\"column-1\">Pracovi\u0161t\u011b NP\u00da<\/th><th class=\"column-2\">Jm\u00e9no<\/th><th class=\"column-3\">Role<\/th><th class=\"column-4\">Kontakt<\/th>\n<\/tr>\n<\/thead>\n<tbody class=\"row-striping row-hover\">\n<tr class=\"row-2\">\n\t<td class=\"column-1\">Gn\u0158 - odbor INF <br \/>\n\/ Odd GIS<\/td><td class=\"column-2\">AMBRO\u017dOV\u00c1 Jelena<\/td><td class=\"column-3\">spr\u00e1vce ISAD <br \/>\neditor PaGIS<\/td><td class=\"column-4\">ambrozova.jelena@npu.cz<\/td>\n<\/tr>\n<tr class=\"row-3\">\n\t<td class=\"column-1\">\u00daOP \u00dast\u00ed nad Labem  <br \/>\n\/ EDIS<\/td><td class=\"column-2\">BRO\u017d Tom\u00e1\u0161<\/td><td class=\"column-3\">editor PaGIS<br \/>\nkorektor PB<\/td><td class=\"column-4\">broz.tomas@npu.cz<\/td>\n<\/tr>\n<tr class=\"row-4\">\n\t<td class=\"column-1\">\u00daOP Krom\u011b\u0159\u00ed\u017e <br \/>\n\/ EDIS<\/td><td class=\"column-2\">DVO\u0158\u00c1K Petr<\/td><td class=\"column-3\">editor PaGIS <br \/>\nkorektor PB<\/td><td class=\"column-4\">dvorak.petr@npu.cz<\/td>\n<\/tr>\n<tr class=\"row-5\">\n\t<td class=\"column-1\">Gn\u0158 - odbor INF <br \/>\n\/ Odd GIS<\/td><td class=\"column-2\">EISMANN \u0160imon<\/td><td class=\"column-3\">technick\u00fd spr\u00e1vce PaGIS<br \/>\nspr\u00e1vce PB<br \/>\nadmInistr\u00e1tor geoport\u00e1lu<br \/>\n<\/td><td class=\"column-4\">eismann.simon@npu.cz<\/td>\n<\/tr>\n<tr class=\"row-6\">\n\t<td class=\"column-1\">\u00daOP Pardubice <br \/>\n\/  EDIS<\/td><td class=\"column-2\">JARO\u0160 Jakub<\/td><td class=\"column-3\">editor PaGIS<br \/>\nkorektor PB<\/td><td class=\"column-4\">jaros.jakub@npu.cz<\/td>\n<\/tr>\n<tr class=\"row-7\">\n\t<td class=\"column-1\">\u00daOP Plze\u0148 <br \/>\n\/  EDIS<\/td><td class=\"column-2\">JEDLI\u010cKOV\u00c1 Renata<\/td><td class=\"column-3\">editor PaGIS <br \/>\nkorektor PB<\/td><td class=\"column-4\">jedlickova.renata@npu.cz<\/td>\n<\/tr>\n<tr class=\"row-8\">\n\t<td class=\"column-1\">Gn\u0158 - odbor INF <br \/>\n\/ Odd GIS<\/td><td class=\"column-2\">KU\u010cA Karel<\/td><td class=\"column-3\">spr\u00e1vce PaGIS - C2 (CZ-RETRO)<\/td><td class=\"column-4\">kuca.karel@npu.cz<\/td>\n<\/tr>\n<tr class=\"row-9\">\n\t<td class=\"column-1\">\u00daOP Plze\u0148 <br \/>\n\/  EDIS<\/td><td class=\"column-2\">LI\u0160KOV\u00c1 Lenka<\/td><td class=\"column-3\">korektor PB<\/td><td class=\"column-4\">liskova.lenka@.npu.cz<\/td>\n<\/tr>\n<tr class=\"row-10\">\n\t<td class=\"column-1\">\u00daOP Loket <br \/>\n\/  EDIS<\/td><td class=\"column-2\">MALINA Ond\u0159ej<\/td><td class=\"column-3\">editor PaGIS <br \/>\nkorektor PB<\/td><td class=\"column-4\">malina.ondrej@npu.cz<\/td>\n<\/tr>\n<tr class=\"row-11\">\n\t<td class=\"column-1\">\u00daOP Ostrava <br \/>\n\/  EDIS<\/td><td class=\"column-2\">MAREN Pavel<\/td><td class=\"column-3\">editor PaGIS <br \/>\nkorektor PB<\/td><td class=\"column-4\">maren.pavel@npu.cz<\/td>\n<\/tr>\n<tr class=\"row-12\">\n\t<td class=\"column-1\">\u00daOP St\u0159edn\u00ed \u010cechy <br \/>\n\/ EDIS<\/td><td class=\"column-2\">MAROUNEK Ji\u0159\u00ed<\/td><td class=\"column-3\">editor PaGIS<\/td><td class=\"column-4\">marounek.jiri@.npu.cz<\/td>\n<\/tr>\n<tr class=\"row-13\">\n\t<td class=\"column-1\">\u00daOP St\u0159edn\u00ed \u010cechy <br \/>\n\/  EDIS<\/td><td class=\"column-2\">MIN\u00c1\u0158 Ivan<\/td><td class=\"column-3\">editor PaGIS <br \/>\nkorektor PB<\/td><td class=\"column-4\">minar.ivan@npu.cz<\/td>\n<\/tr>\n<tr class=\"row-14\">\n\t<td class=\"column-1\">\u00daOP Praha <br \/>\n\/  EDIS<br \/>\n<\/td><td class=\"column-2\">NOV\u00dd  Vratislav<\/td><td class=\"column-3\">editor PaGIS <br \/>\nkorektor PB<\/td><td class=\"column-4\">novy.vratislav@npu.cz<\/td>\n<\/tr>\n<tr class=\"row-15\">\n\t<td class=\"column-1\">\u00daOP Josefov <br \/>\n\/  EDIS<\/td><td class=\"column-2\">PAC\u00c1K Marek<\/td><td class=\"column-3\">editor PaGIS<\/td><td class=\"column-4\">pacak.marek@npu.cz<\/td>\n<\/tr>\n<tr class=\"row-16\">\n\t<td class=\"column-1\">\u00daOP Brno <br \/>\r\n\/ EDIS<\/td><td class=\"column-2\">PAVELKA Vojt\u011bch<\/td><td class=\"column-3\">editor PaGIS<\/td><td class=\"column-4\">pavelka.vojtech@npu.cz<\/td>\n<\/tr>\n<tr class=\"row-17\">\n\t<td class=\"column-1\">\u00daOP \u010cesk\u00e9 Bud\u011bjovice <br \/>\n\/  EDIS<\/td><td class=\"column-2\">PIKOUS Miroslav<\/td><td class=\"column-3\">editor PaGIS<br \/>\nkorektor PB<\/td><td class=\"column-4\">pikous.miroslav@npu.cz<\/td>\n<\/tr>\n<tr class=\"row-18\">\n\t<td class=\"column-1\">Gn\u0158 - odbor INF <br \/>\n\/ Odd GIS<\/td><td class=\"column-2\">PODRAZILOV\u00c1 Svatava<\/td><td class=\"column-3\">spr\u00e1vce PB<br \/>\neditor PaGIS<\/td><td class=\"column-4\">podrazilova.svatava@npu.cz<\/td>\n<\/tr>\n<tr class=\"row-19\">\n\t<td class=\"column-1\">\u00daOP Olomouc <br \/>\r\n\/ EDIS<\/td><td class=\"column-2\">RICHTER, Radim<\/td><td class=\"column-3\">editor PaGIS <br \/>\nkorektor PB<\/td><td class=\"column-4\">richter.radim@npu.cz<\/td>\n<\/tr>\n<tr class=\"row-20\">\n\t<td class=\"column-1\">Gn\u0158 - odbor INF <br \/>\n\/ Odd GIS<\/td><td class=\"column-2\">SKLEN\u00c1\u0158 Karel<\/td><td class=\"column-3\">editor PaGIS<br \/>\nspr\u00e1vce PB<br \/>\nadministr\u00e1tor geoport\u00e1lu<\/td><td class=\"column-4\">sklenar.karel@npu.cz<\/td>\n<\/tr>\n<tr class=\"row-21\">\n\t<td class=\"column-1\">\u00daOP Tel\u010d <br \/>\n\/  EDIS<\/td><td class=\"column-2\">STAN\u011aK Roman<\/td><td class=\"column-3\">editor PaGIS <br \/>\nkorektor PB<\/td><td class=\"column-4\">stanek.roman@npu.cz<\/td>\n<\/tr>\n<tr class=\"row-22\">\n\t<td class=\"column-1\">Gn\u0158 - odbor INF <br \/>\n\/ Odd GIS<\/td><td class=\"column-2\">SYROV\u00c1 Zuzana<\/td><td class=\"column-3\">odborn\u00fd spr\u00e1vce PaGIS<br \/>\nspr\u00e1vce PB<br \/>\nadministr\u00e1tor geoport\u00e1lu<br \/>\n<\/td><td class=\"column-4\">syrova.zuzana@npu.cz<\/td>\n<\/tr>\n<tr class=\"row-23\">\n\t<td class=\"column-1\">\u00daOP \u00dast\u00ed nad Labem <br \/>\n\/ EDIS<\/td><td class=\"column-2\">VESEL\u00c1 Hana<\/td><td class=\"column-3\">editor PaGIS <br \/>\nkorektor PB<\/td><td class=\"column-4\">vesela.hana2@npu.cz<\/td>\n<\/tr>\n<tr class=\"row-24\">\n\t<td class=\"column-1\">\u00daOP Liberec <br \/>\n\/  EDIS<\/td><td class=\"column-2\">VRABEC Vladim\u00edr<\/td><td class=\"column-3\">editor PaGIS <br \/>\nkorektor PB<\/td><td class=\"column-4\">vrabec.vladimir@npu.cz<\/td>\n<\/tr>\n<\/tbody>\n<\/table>\n<!-- #tablepress-1 from cache -->\n<p>Aktualizov\u00e1no 2024-09-27 11:37:00<\/p>\n<p><em>Na vysv\u011btlenou k&nbsp;z\u00e1kladn\u00edm rol\u00edm uveden\u00fdm v&nbsp;tabulce kontakt\u016f:<\/em><br \/>\n<em> &#8211; <strong>spr\u00e1vce PaGIS<\/strong> spravuje dle sv\u00fdch opr\u00e1vn\u011bn\u00ed ur\u010ditou \u010d\u00e1st prostorov\u00fdch dat centr\u00e1ln\u00edch (geo)datab\u00e1z\u00ed, za\u010dle\u0148uje data zpracovan\u00e1 editory PaGIS metodou odd\u011blen\u00e9 editace, edituje dle pot\u0159eby data centr\u00e1ln\u00ed geodatab\u00e1ze p\u0159\u00edmou editac\u00ed; spr\u00e1vce technick\u00fd zaji\u0161\u0165uje dal\u0161\u00ed specifick\u00e9 \u00fakoly jako publikov\u00e1n\u00ed mapov\u00fdch slu\u017eeb<\/em><br \/>\n<em> &#8211;<strong> editor PaGIS<\/strong> se pod\u00edl\u00ed na vytv\u00e1\u0159en\u00ed odborn\u00fdch dat centr\u00e1ln\u00ed geodatab\u00e1ze metodou odd\u011blen\u00e9 editace; v&nbsp;rozsah \u00fazemn\u00ed p\u016fsobnosti sv\u00e9ho pracovi\u0161t\u011b zaji\u0161\u0165uje slo\u017eit\u011bj\u0161\u00ed GIS \u00falohy a&nbsp;technickou pomoc koleg\u016fm ze sv\u00e9ho pracovi\u0161t\u011b<\/em><br \/>\n<em> &#8211; <strong>spr\u00e1vce PB<\/strong> zaji\u0161tuje spr\u00e1vu tzv.&nbsp;p\u0159\u00edr\u016fstkov\u00fdch bod\u016f &#8211; prostorov\u00fdch identifik\u00e1tor\u016f IISPP editovateln\u00fdch registrovan\u00fdmi u\u017eivateli na geoport\u00e1lu; tato role je v\u011bt\u0161inou spojena s&nbsp;opr\u00e1vn\u011bn\u00edm spr\u00e1vce GIS v&nbsp;MIS a&nbsp;v&nbsp;Pam\u00e1tkov\u00e9m katalogu<\/em><br \/>\n<em> &#8211; <strong>korektor PB<\/strong> zaji\u0161\u0165uje spr\u00e1vu a&nbsp;opravy tzv.&nbsp;p\u0159\u00edr\u016fstkov\u00fdch bod\u016f vytvo\u0159en\u00fdch u\u017eivateli z&nbsp;jeho pracovi\u0161t\u011b; tato role je v\u011bt\u0161inou spojena s&nbsp;obdobn\u00fdmi opr\u00e1vn\u011bn\u00edmi k&nbsp;oprav\u011b prostorov\u00e9 identifikace v&nbsp;Pam\u00e1tkov\u00e9m katalogu<\/em><\/p>\n<p>&nbsp;<\/p>\n","protected":false},"excerpt":{"rendered":"<p>Aktualizov\u00e1no Na vysv\u011btlenou k&nbsp;z\u00e1kladn\u00edm rol\u00edm uveden\u00fdm v&nbsp;tabulce kontakt\u016f: &#8211; spr\u00e1vce PaGIS spravuje dle sv\u00fdch opr\u00e1vn\u011bn\u00ed ur\u010ditou \u010d\u00e1st prostorov\u00fdch dat centr\u00e1ln\u00edch (geo)datab\u00e1z\u00ed, za\u010dle\u0148uje data zpracovan\u00e1 editory PaGIS metodou odd\u011blen\u00e9 editace, edituje &hellip; <a href=\"https:\/\/pagis.npu.cz\/wordpress\/kontakty\/who-is-who-in-pagis\/\" class=\"more-link\">Pokra\u010dovat ve \u010dten\u00ed<span class=\"screen-reader-text\"> &#8222;Who is who in PaGIS&#8220;<\/span><\/a><\/p>\n","protected":false},"author":3,"featured_media":0,"parent":331,"menu_order":0,"comment_status":"closed","ping_status":"closed","template":"","meta":{"footnotes":""},"class_list":["post-622","page","type-page","status-publish","hentry"],"_links":{"self":[{"href":"https:\/\/pagis.npu.cz\/wordpress\/wp-json\/wp\/v2\/pages\/622","targetHints":{"allow":["GET"]}}],"collection":[{"href":"https:\/\/pagis.npu.cz\/wordpress\/wp-json\/wp\/v2\/pages"}],"about":[{"href":"https:\/\/pagis.npu.cz\/wordpress\/wp-json\/wp\/v2\/types\/page"}],"author":[{"embeddable":true,"href":"https:\/\/pagis.npu.cz\/wordpress\/wp-json\/wp\/v2\/users\/3"}],"replies":[{"embeddable":true,"href":"https:\/\/pagis.npu.cz\/wordpress\/wp-json\/wp\/v2\/comments?post=622"}],"version-history":[{"count":0,"href":"https:\/\/pagis.npu.cz\/wordpress\/wp-json\/wp\/v2\/pages\/622\/revisions"}],"up":[{"embeddable":true,"href":"https:\/\/pagis.npu.cz\/wordpress\/wp-json\/wp\/v2\/pages\/331"}],"wp:attachment":[{"href":"https:\/\/pagis.npu.cz\/wordpress\/wp-json\/wp\/v2\/media?parent=622"}],"curies":[{"name":"wp","href":"https:\/\/api.w.org\/{rel}","templated":true}]}}