{"id":602,"date":"2016-08-15T12:45:35","date_gmt":"2016-08-15T10:45:35","guid":{"rendered":"https:\/\/propagis.synology.me\/?page_id=602"},"modified":"2024-03-21T19:22:00","modified_gmt":"2024-03-21T18:22:00","slug":"setkani-editoru-pagis-a-spravcu-mis","status":"publish","type":"page","link":"https:\/\/pagis.npu.cz\/wordpress\/setkani-editoru-pagis-a-spravcu-mis\/","title":{"rendered":"Setk\u00e1n\u00ed editor\u016f paGIS a&nbsp;spr\u00e1vc\u016f MIS"},"content":{"rendered":"<p>Setk\u00e1n\u00ed editor\u016f PaGIS a&nbsp;spr\u00e1vc\u016f MIS se konaj\u00ed od roku 2011\/12 minim\u00e1ln\u011b dvakr\u00e1t ro\u010dn\u011b. Setk\u00e1n\u00ed na za\u010d\u00e1tku roku, zvan\u00e1 svatovalent\u00fdnsk\u00e1, po\u0159\u00e1dan\u00e1 tradi\u010dn\u011b v&nbsp;\u00fanoru na \u00daOP v&nbsp;Brn\u011b jsou intern\u00ed. Prob\u00edr\u00e1me na nich p\u0159edev\u0161\u00edm \u00fakoly, kter\u00e9 n\u00e1s v&nbsp;dan\u00e9m roce \u010dekaj\u00ed. V\u00fdjezdn\u00ed t\u0159\u00eddenn\u00ed setk\u00e1n\u00ed m\u00e1 charakter workshopu a&nbsp;je otev\u0159eno v\u0161em z\u00e1jemc\u016fm o&nbsp;PaGIS a&nbsp;ostatn\u00ed \u010d\u00e1sti IISPP.<\/p>\n<ul>\n<li><a href=\"https:\/\/pagis.npu.cz\/wordpress\/events\/rubrika\/setkani-editoru-pagis\/\" target=\"_blank\" rel=\"noopener noreferrer\">Kalend\u00e1rium setk\u00e1n\u00ed editor\u016f PaGIS a&nbsp;spr\u00e1vc\u016f MIS<\/a><\/li>\n<li><strong>Dokumenty ze setk\u00e1n\u00ed editor\u016f PaGIS a&nbsp;spr\u00e1vc\u016f MIS<\/strong>\n<ul>\n<li>sv. Valent\u00fdn\n<ol>\n<li><a href=\"https:\/\/pagis.npu.cz\/sheet\/d\/f\/609050633021990885\" target=\"_blank\" rel=\"noopener noreferrer\">2011<\/a><\/li>\n<li><a href=\"https:\/\/pagis.npu.cz\/sheet\/d\/f\/609050719227521003\" target=\"_blank\" rel=\"noopener noreferrer\">2012<\/a><\/li>\n<li><a href=\"https:\/\/pagis.npu.cz\/sheet\/d\/f\/609052877744290382\" target=\"_blank\" rel=\"noopener noreferrer\">2013<\/a><\/li>\n<li><a href=\"https:\/\/pagis.npu.cz\/sheet\/d\/f\/609047475927426909\" target=\"_blank\" rel=\"noopener noreferrer\">2014\u00a0<\/a><\/li>\n<li><a href=\"https:\/\/pagis.npu.cz\/sheet\/d\/f\/609044779363247727\" target=\"_blank\" rel=\"noopener noreferrer\">2015<\/a><\/li>\n<li><a href=\"https:\/\/pagis.npu.cz\/sheet\/d\/f\/608550450693711329\" target=\"_blank\" rel=\"noopener noreferrer\">2016<\/a><\/li>\n<li><a href=\"https:\/\/pagis.npu.cz\/wordpress\/jak-bylo-na-mdz-v-brne\/\" target=\"_blank\" rel=\"noopener noreferrer\">2017<\/a><\/li>\n<li><a href=\"https:\/\/pagis.npu.cz\/wordpress\/jak-bylo-letos-na-mdz-v-brne\/\" target=\"_blank\" rel=\"noopener noreferrer\">2018<\/a><\/li>\n<li><a href=\"https:\/\/pagis.npu.cz\/wordpress\/svatovalentynske-setkani-pagis-2019\/\">2019 (program)<\/a><\/li>\n<li><a href=\"https:\/\/pagis.npu.cz\/sheet\/d\/f\/537301354203361848\" target=\"_blank\" rel=\"noopener noreferrer\">2020<\/a><\/li>\n<li><a href=\"https:\/\/pagis.npu.cz\/wordpress\/sejdeme-se-na-zoomu\/\">2021<\/a><\/li>\n<li><a href=\"https:\/\/pagis.npu.cz\/sheet\/d\/f\/nrkNuRSHt1tO4QBIDERvszjfjia1rC5U\" target=\"_blank\" rel=\"noopener\">2022<\/a> (<a href=\"https:\/\/pagis.npu.cz\/sheet\/d\/s\/nsIiEWzIiB63eedLxwMWg3W58elBPxsk\/arjphc7QHo8Q6yU_OdIwXPBmSBFhFoDx-bbGAJrWyhgk\" target=\"_blank\" rel=\"noopener\">program s&nbsp;odkazy na prezentace<\/a>)<\/li>\n<li><a href=\"https:\/\/pagis.npu.cz\/sheet\/d\/f\/svF7oUZnrTQBRvI1a4Ibsa6hDghCoHp4\">2023<\/a><\/li>\n<li><a href=\"https:\/\/pagis.npu.cz\/sheet\/d\/f\/xQzjmKMYTGGkQWyzUz1P9dSzQYdeQS1R\" target=\"_blank\" rel=\"noopener\">2024<\/a><\/li>\n<\/ol>\n<\/li>\n<\/ul>\n<ul>\n<li>V\u00fdjezdn\u00ed setk\u00e1n\u00ed editor\u016f paGIS a&nbsp;spr\u00e1vc\u016f MIS\n<ul>\n<li><a href=\"https:\/\/pagis.npu.cz\/sheet\/d\/f\/609050804174762601\" target=\"_blank\" rel=\"noopener noreferrer\">Pardubice 2012<\/a> *<\/li>\n<\/ul>\n<\/li>\n<li>V\u00fdjezdn\u00ed setk\u00e1n\u00ed editor\u016f paGIS, spr\u00e1vc\u016f MIS a&nbsp;dal\u0161\u00edch p\u0159\u00edznivc\u016f IISPP\n<ol>\n<li><a href=\"https:\/\/pagis.npu.cz\/sheet\/d\/f\/609050816499724955\" target=\"_blank\" rel=\"noopener noreferrer\">T\u0159ebo\u0148 2012<\/a><\/li>\n<li><a href=\"https:\/\/pagis.npu.cz\/sheet\/d\/f\/609053080117361571\" target=\"_blank\" rel=\"noopener noreferrer\">Grab\u0161tejn 2013<\/a><\/li>\n<li><a href=\"https:\/\/pagis.npu.cz\/sheet\/d\/f\/609047785035048815\" target=\"_blank\" rel=\"noopener noreferrer\">Ostrava \u2013 D\u016fl Michal 2014<\/a><\/li>\n<li><a href=\"https:\/\/pagis.npu.cz\/sheet\/d\/f\/609044801282680453\" target=\"_blank\" rel=\"noopener noreferrer\">Brno \u2013 COPA p\u0159i&nbsp;vile Stiassny 2015<\/a> (<a href=\"https:\/\/pagis.npu.cz\/sheet\/d\/f\/609044803254003353\" target=\"_blank\" rel=\"noopener noreferrer\">prezentace<\/a>; <a href=\"https:\/\/pagis.npu.cz\/sheet\/d\/f\/609044802775852689\" target=\"_blank\" rel=\"noopener noreferrer\">cvi\u010den\u00ed<\/a>)<\/li>\n<li><a href=\"https:\/\/pagis.npu.cz\/jak-bylo-v-telci\/\">Tel\u010d 2016<\/a> (<a href=\"https:\/\/pagis.npu.cz\/sheet\/d\/f\/608546029242983853\" target=\"_blank\" rel=\"noopener noreferrer\">prezentace<\/a>)<\/li>\n<li><a href=\"https:\/\/pagis.npu.cz\/jak-bylo-na-kuksu\/\">Kuks 2017<\/a> (<a href=\"https:\/\/pagis.npu.cz\/setkani-na-kuksu-se-blizi\/\">program<\/a>, <a href=\"https:\/\/pagis.npu.cz\/jak-bylo-na-kuksu\/#prednesene-prispevky\" target=\"_blank\" rel=\"noopener noreferrer\">prezentace<\/a>)<\/li>\n<li><a href=\"https:\/\/pagis.npu.cz\/ohlednuti-za-letosnim-setkanim-iispp\/\">Hor\u0161ovsk\u00fd T\u00fdn 2018<\/a> (<a href=\"https:\/\/pagis.npu.cz\/program-vyjezdniho-setkani-v-horsovskem-tyne\/\" target=\"_blank\" rel=\"noopener noreferrer\">program s&nbsp;odkazy na prezentace<\/a>)<\/li>\n<li><a href=\"https:\/\/pagis.npu.cz\/ohlednuti-za-kromerizi\/\">Krom\u011b\u0159\u00ed\u017e 2019<\/a> (<a href=\"https:\/\/pagis.npu.cz\/program-vyjezdniho-setkani-v-kromerizi\/\">program s&nbsp;odkazy na prezentace<\/a>)<\/li>\n<li><a href=\"https:\/\/pagis.npu.cz\/sheet\/d\/s\/640750326359571142\/18_h2KsQKC7jm-77d-LSmeOBu_GiA1qP-pLGAsDqzhgk\" target=\"_blank\" rel=\"noopener\">Pardubice 2021<\/a> (<a href=\"https:\/\/pagis.npu.cz\/program-vyjezdniho-setkani-v-pardubicich\/\" target=\"_blank\" rel=\"noopener\">program s&nbsp;odkazy na prezentace<\/a>)<\/li>\n<li><a href=\"https:\/\/pagis.npu.cz\/sheet\/d\/f\/svFnan5Hbb3OfljUPAM5zUjD0Zepkwqf\">\u017datec 2022<\/a> (<a href=\"https:\/\/pagis.npu.cz\/program-vyjezdniho-setkani-v-zatci\/\">program s&nbsp;odkazy na prezentace<\/a>)<\/li>\n<li><a href=\"https:\/\/pagis.npu.cz\/program-vyjezdniho-zasedani-v-olomouci\/\">Olomouc 2023 (program s&nbsp;odkazy na prezentace)<\/a><\/li>\n<\/ol>\n<\/li>\n<li>Spole\u010dn\u00e9 setk\u00e1n\u00ed urbanist\u016f a&nbsp;editor\u016f PaGIS\n<ul>\n<li><a href=\"https:\/\/pagis.npu.cz\/sheet\/d\/f\/ohokrCnKwZMvdTmCKwARtErTNXO4yVPx\" target=\"_blank\" rel=\"noopener\">Brno 2022<\/a> (<a href=\"https:\/\/pagis.npu.cz\/k-odbornym-a-vecnym-revizim\/\" target=\"_blank\" rel=\"noopener\">program s&nbsp;odkazy na prezentace<\/a>)<\/li>\n<\/ul>\n<\/li>\n<\/ul>\n<\/li>\n<li><a href=\"https:\/\/pagis.npu.cz\/photo\/#!Albums\/album_5061474953\/album_50614749532f5365746b616e69\" target=\"_blank\" rel=\"noopener noreferrer\">Fotografie ze setk\u00e1n\u00ed<\/a><\/li>\n<\/ul>\n<p>*<em> Jednodenn\u00ed setk\u00e1n\u00ed k&nbsp;zaveden\u00ed p\u0159\u00edr\u016fstkov\u00fdch bod\u016f<\/em><\/p>\n<p>&nbsp;<\/p>\n","protected":false},"excerpt":{"rendered":"<p>Setk\u00e1n\u00ed editor\u016f PaGIS a&nbsp;spr\u00e1vc\u016f MIS se konaj\u00ed od roku 2011\/12 minim\u00e1ln\u011b dvakr\u00e1t ro\u010dn\u011b. Setk\u00e1n\u00ed na za\u010d\u00e1tku roku, zvan\u00e1 svatovalent\u00fdnsk\u00e1, po\u0159\u00e1dan\u00e1 tradi\u010dn\u011b v&nbsp;\u00fanoru na \u00daOP v&nbsp;Brn\u011b jsou intern\u00ed. Prob\u00edr\u00e1me na nich &hellip; <a href=\"https:\/\/pagis.npu.cz\/wordpress\/setkani-editoru-pagis-a-spravcu-mis\/\" class=\"more-link\">Pokra\u010dovat ve \u010dten\u00ed<span class=\"screen-reader-text\"> &#8222;Setk\u00e1n\u00ed editor\u016f paGIS a&nbsp;spr\u00e1vc\u016f MIS&#8220;<\/span><\/a><\/p>\n","protected":false},"author":3,"featured_media":0,"parent":0,"menu_order":0,"comment_status":"closed","ping_status":"closed","template":"","meta":{"footnotes":""},"class_list":["post-602","page","type-page","status-publish","hentry"],"_links":{"self":[{"href":"https:\/\/pagis.npu.cz\/wordpress\/wp-json\/wp\/v2\/pages\/602","targetHints":{"allow":["GET"]}}],"collection":[{"href":"https:\/\/pagis.npu.cz\/wordpress\/wp-json\/wp\/v2\/pages"}],"about":[{"href":"https:\/\/pagis.npu.cz\/wordpress\/wp-json\/wp\/v2\/types\/page"}],"author":[{"embeddable":true,"href":"https:\/\/pagis.npu.cz\/wordpress\/wp-json\/wp\/v2\/users\/3"}],"replies":[{"embeddable":true,"href":"https:\/\/pagis.npu.cz\/wordpress\/wp-json\/wp\/v2\/comments?post=602"}],"version-history":[{"count":2,"href":"https:\/\/pagis.npu.cz\/wordpress\/wp-json\/wp\/v2\/pages\/602\/revisions"}],"predecessor-version":[{"id":5978,"href":"https:\/\/pagis.npu.cz\/wordpress\/wp-json\/wp\/v2\/pages\/602\/revisions\/5978"}],"wp:attachment":[{"href":"https:\/\/pagis.npu.cz\/wordpress\/wp-json\/wp\/v2\/media?parent=602"}],"curies":[{"name":"wp","href":"https:\/\/api.w.org\/{rel}","templated":true}]}}