{"id":5356,"date":"2023-10-19T10:25:30","date_gmt":"2023-10-19T08:25:30","guid":{"rendered":"https:\/\/pagis.npu.cz\/?page_id=5356"},"modified":"2025-06-02T08:16:21","modified_gmt":"2025-06-02T06:16:21","slug":"uap-kontakty","status":"publish","type":"page","link":"https:\/\/pagis.npu.cz\/wordpress\/uap\/uap-2\/uap-kontakty\/","title":{"rendered":"\u00daAP: kontakty"},"content":{"rendered":"<p>Informace \u010di&nbsp;dotazy k&nbsp;poskytovan\u00fdm \u00fadaj\u016fm o&nbsp;\u00fazem\u00ed jev\u016f 5a (pam\u00e1tkov\u00e9 rezervace a&nbsp;pam\u00e1tkov\u00e9 z\u00f3ny a&nbsp;jejich ochrann\u00e1 p\u00e1sma), 8a (nemovit\u00e9 n\u00e1rodn\u00ed kulturn\u00ed pam\u00e1tky a&nbsp;nemovit\u00e9 kulturn\u00ed pam\u00e1tky a&nbsp;jejich ochrann\u00e1 p\u00e1sma) a&nbsp;10 (statky zapsan\u00e9 na Seznamu sv\u011btov\u00e9ho d\u011bdictv\u00ed a&nbsp;jejich n\u00e1razn\u00edkov\u00e9 z\u00f3ny) z&nbsp;konkr\u00e9tn\u00edho z\u00e1jmov\u00e9ho \u00fazem\u00ed poskytuj\u00ed pracovn\u00edci odboru evidence, dokumentace a&nbsp;informac\u00ed p\u0159\u00edslu\u0161n\u00e9ho \u00fazemn\u00edho odborn\u00e9ho pracovi\u0161t\u011b NP\u00da uveden\u00e9 v&nbsp;<a href=\"https:\/\/geoportal.npu.cz\/web\/UAP\/UapContacts\" target=\"_top\" rel=\"noopener\">tabulce kontakt\u016f<\/a>.<\/p>\n<p>Informace \u010di&nbsp;dotazy k&nbsp;poskytovan\u00fdm \u00fadaj\u016fm o&nbsp;\u00fazem\u00ed jevu 16 (\u00fazem\u00ed s&nbsp;archeologick\u00fdmi n\u00e1lezy) poskytuje odbor archeologie Gn\u0158 NP\u00da (Mgr. Martin Tom\u00e1\u0161ek, Ph.D. &#8211; <a href=\"mailto:tomasek.martin@npu.cz\">tomasek.martin@npu.cz<\/a>, 257&nbsp;010&nbsp;150)<\/p>\n<p>Technick\u00e9 dotazy k\u00a0vlastn\u00edmu v\u00fddeji dat \u010di&nbsp;obecn\u011b slu\u017eb\u00e1m Geoport\u00e1lu pam\u00e1tkov\u00e9 p\u00e9\u010de lze pos\u00edlat na emailovou adresu <a href=\"mailto:gis%40npu.cz\">gis@npu.cz<\/a>.<\/p>\n","protected":false},"excerpt":{"rendered":"<p>Informace \u010di&nbsp;dotazy k&nbsp;poskytovan\u00fdm \u00fadaj\u016fm o&nbsp;\u00fazem\u00ed jev\u016f 5a (pam\u00e1tkov\u00e9 rezervace a&nbsp;pam\u00e1tkov\u00e9 z\u00f3ny a&nbsp;jejich ochrann\u00e1 p\u00e1sma), 8a (nemovit\u00e9 n\u00e1rodn\u00ed kulturn\u00ed pam\u00e1tky a&nbsp;nemovit\u00e9 kulturn\u00ed pam\u00e1tky a&nbsp;jejich ochrann\u00e1 p\u00e1sma) a&nbsp;10 (statky zapsan\u00e9 na Seznamu &hellip; <a href=\"https:\/\/pagis.npu.cz\/wordpress\/uap\/uap-2\/uap-kontakty\/\" class=\"more-link\">Pokra\u010dovat ve \u010dten\u00ed<span class=\"screen-reader-text\"> &#8222;\u00daAP: kontakty&#8220;<\/span><\/a><\/p>\n","protected":false},"author":3,"featured_media":0,"parent":5344,"menu_order":0,"comment_status":"closed","ping_status":"closed","template":"","meta":{"footnotes":""},"class_list":["post-5356","page","type-page","status-publish","hentry"],"_links":{"self":[{"href":"https:\/\/pagis.npu.cz\/wordpress\/wp-json\/wp\/v2\/pages\/5356","targetHints":{"allow":["GET"]}}],"collection":[{"href":"https:\/\/pagis.npu.cz\/wordpress\/wp-json\/wp\/v2\/pages"}],"about":[{"href":"https:\/\/pagis.npu.cz\/wordpress\/wp-json\/wp\/v2\/types\/page"}],"author":[{"embeddable":true,"href":"https:\/\/pagis.npu.cz\/wordpress\/wp-json\/wp\/v2\/users\/3"}],"replies":[{"embeddable":true,"href":"https:\/\/pagis.npu.cz\/wordpress\/wp-json\/wp\/v2\/comments?post=5356"}],"version-history":[{"count":3,"href":"https:\/\/pagis.npu.cz\/wordpress\/wp-json\/wp\/v2\/pages\/5356\/revisions"}],"predecessor-version":[{"id":6655,"href":"https:\/\/pagis.npu.cz\/wordpress\/wp-json\/wp\/v2\/pages\/5356\/revisions\/6655"}],"up":[{"embeddable":true,"href":"https:\/\/pagis.npu.cz\/wordpress\/wp-json\/wp\/v2\/pages\/5344"}],"wp:attachment":[{"href":"https:\/\/pagis.npu.cz\/wordpress\/wp-json\/wp\/v2\/media?parent=5356"}],"curies":[{"name":"wp","href":"https:\/\/api.w.org\/{rel}","templated":true}]}}