{"id":5344,"date":"2023-10-18T16:39:06","date_gmt":"2023-10-18T14:39:06","guid":{"rendered":"https:\/\/pagis.npu.cz\/?page_id=5344"},"modified":"2025-07-28T07:44:09","modified_gmt":"2025-07-28T05:44:09","slug":"uap-2","status":"publish","type":"page","link":"https:\/\/pagis.npu.cz\/wordpress\/uap\/uap-2\/","title":{"rendered":"\u00daAP (do 30.&nbsp;6.&nbsp;2024)"},"content":{"rendered":"<p id=\"--vybran\u00e9-p\u0159\u00edsp\u011bvky:\">Data NP\u00da, kter\u00e1 jsou vyu\u017eiteln\u00e1 pro \u00fazemn\u011b analytick\u00e9 podklady (d\u00e1le jen \u00daAP), m\u016f\u017eeme rozd\u011blit do dvou z\u00e1kladn\u00edch skupin:<\/p>\n<ul>\n<li><strong>Data jev\u016f, u&nbsp;nich\u017e je NP\u00da poskytovatelem \u00fadaj\u016f o&nbsp;\u00fazem\u00ed pro \u00fa\u010dely po\u0159izov\u00e1n\u00ed \u00daAP<\/strong> (tj.\u00a0 data jev\u016f typu U&nbsp;\u2013 \u00fadaj o&nbsp;\u00fazem\u00ed \u2013 ve smyslu \u00a7 27 odst. 2 stavebn\u00edho z\u00e1kona, kter\u00e9 poskytuje po\u0159izovateli \u00daAP org\u00e1n ve\u0159ejn\u00e9 spr\u00e1vy, j\u00edm z\u0159\u00edzen\u00e1 pr\u00e1vnick\u00e1 osoba a&nbsp;vlastn\u00edk dopravn\u00ed a&nbsp;technick\u00e9 infrastruktury).<br \/>\nPodle vyhl\u00e1\u0161ky \u010d.&nbsp;13\/2018 Sb., kterou se m\u011bn\u00ed vyhl\u00e1\u0161ka \u010d.&nbsp;500\/2006 Sb., o&nbsp;\u00fazemn\u011b analytick\u00fdch podkladech, \u00fazemn\u011b pl\u00e1novac\u00ed dokumentaci a&nbsp;zp\u016fsobu evidence \u00fazemn\u011b pl\u00e1novac\u00ed \u010dinnosti, ve zn\u011bn\u00ed vyhl\u00e1\u0161ky \u010d.&nbsp;458\/2012 Sb., (\u00fa\u010dinnost od 29.1.2018) jde o:<\/p>\n<ul>\n<li><strong>sledovan\u00fd jev \u010d.\u00a05a<\/strong>: pam\u00e1tkov\u00e9 rezervace a\u00a0pam\u00e1tkov\u00e9 z\u00f3ny a\u00a0jejich ochrann\u00e1 p\u00e1sma<\/li>\n<li><strong>sledovan\u00fd jev \u010d.\u00a08a<\/strong>: nemovit\u00e9 n\u00e1rodn\u00ed kulturn\u00ed pam\u00e1tky a\u00a0nemovit\u00e9 kulturn\u00ed pam\u00e1tky a\u00a0jejich ochrann\u00e1 p\u00e1sma<\/li>\n<li><strong>sledovan\u00fd jev \u010d.\u00a010<\/strong>: statky zapsan\u00e9 na Seznamu sv\u011btov\u00e9ho d\u011bdictv\u00ed a\u00a0jejich n\u00e1razn\u00edkov\u00e9 z\u00f3ny<\/li>\n<li><strong>sledovan\u00fd jev \u010d.\u00a016<\/strong>: \u00fazem\u00ed s\u00a0archeologick\u00fdmi n\u00e1lezy<\/li>\n<\/ul>\n<\/li>\n<\/ul>\n<p><em>Informace o&nbsp;t\u00e9to prvn\u00ed skupin\u011b dat, kterou tvo\u0159\u00ed prostorov\u00e1 data \u00dast\u0159edn\u00edho seznamu kulturn\u00edch pam\u00e1tek (\u00daSKP) a&nbsp;St\u00e1tn\u00edho archeologick\u00e9ho seznamu (SAS), a&nbsp;jejich poskytov\u00e1n\u00ed najde z\u00e1jemce na Geoport\u00e1lu pam\u00e1tkov\u00e9 p\u00e9\u010de na str\u00e1nce <a href=\"https:\/\/geoportal.npu.cz\/web\/UAP\" target=\"_blank\" rel=\"noopener\">Poskytov\u00e1n\u00ed \u00fadaj\u016f o&nbsp;\u00fazem\u00ed pro \u00fa\u010dely po\u0159izov\u00e1n\u00ed \u00fazemn\u011b analytick\u00fdch podklad\u016f<\/a>.<\/em><\/p>\n<ul>\n<li><strong>Dal\u0161\u00ed informace o&nbsp;architektonick\u00fdch a&nbsp;urbanistick\u00fdch hodnot\u00e1ch \u00fazem\u00ed<\/strong>, jejich\u017e zdrojem je Geoport\u00e1l pam\u00e1tkov\u00e9 p\u00e9\u010de spolu s&nbsp;dal\u0161\u00edmi aplikacemi IISPP. De facto se tedy jedn\u00e1 o&nbsp;jevy, kter\u00e9 Metodick\u00fd n\u00e1vod k&nbsp;p\u0159\u00edloze \u010d.&nbsp;1 vyhl\u00e1\u0161ky \u010d.&nbsp;500\/2006 Sb., o&nbsp;\u00fazemn\u011b analytick\u00fdch podkladech, \u00fazemn\u011bpl\u00e1novac\u00ed dokumentaci a&nbsp;zp\u016fsobu evidence \u00fazemn\u011bpl\u00e1novac\u00ed \u010dinnosti, z&nbsp;r. 2019 klasifikuje v&nbsp;p\u0159\u00edpad\u011b prvn\u00ed skupiny jako U&nbsp;\u2013 \u00fadaj o&nbsp;\u00fazem\u00ed, v&nbsp;p\u0159\u00edpad\u011b druh\u00e9 jako Z&nbsp;\u2013 zji\u0161t\u011bn\u00ed vypl\u00fdvaj\u00edc\u00ed z&nbsp;pr\u016fzkum\u016f \u00fazem\u00ed a&nbsp;D \u2013 dal\u0161\u00ed d\u016fle\u017eit\u00e9 dostupn\u00e9 informace o&nbsp;\u00fazem\u00ed. Jedn\u00e1 se o&nbsp;jevy <strong>11 (Urbanistick\u00e9 a&nbsp;krajinn\u00e9 hodnoty)<\/strong>, <strong>13a (Architektonicky nebo urbanisticky cenn\u00e9 stavby nebo soubory staveb, historicky v\u00fdznamn\u00e9 stavby, m\u00edsta nebo soubory)<\/strong>, <strong>118 (dal\u0161\u00ed z\u00e1m\u011bry, pokud nejsou vyj\u00e1d\u0159eny jinou polo\u017ekou)<\/strong>.<\/li>\n<\/ul>\n<p><em>Informace o&nbsp;t\u00e9to druh\u00e9 skupin\u011b dat a&nbsp;jejich dostupnosti najde z\u00e1jemce na Geoport\u00e1lu pam\u00e1tkov\u00e9 p\u00e9\u010de na str\u00e1nce <a href=\"https:\/\/geoportal.npu.cz\/web\/UAP\/NotRequiredPhenomenon\" target=\"_blank\" rel=\"noopener\">Podklady pro \u00fadaje o&nbsp;\u00fazem\u00ed, pro n\u011b\u017e nen\u00ed NP\u00da poskytovatelem<\/a><\/em>.<\/p>\n<p><em>Dal\u0161\u00ed informace pod\u00e1v\u00e1 \u010dl\u00e1nek KRUSOV\u00c1, Alena, SYROV\u00c1 Zuzana. <a href=\"https:\/\/www.uur.cz\/casopis-uaur\/cisla-casopisu-journal-issues\/2022\/52022\/\" target=\"_blank\" rel=\"noopener\">Data pam\u00e1tkov\u00e9 p\u00e9\u010de pro \u00fa\u010dely \u00daAP. Urbanismus a\u00a0\u00fazemn\u00ed rozvoj. \u00dastav \u00fazemn\u00edho rozvoje, Brno: \u010d\u00edslo 5\/2022, ro\u010dn\u00edk XXV, ISSN 1212-0855, MK \u010cR E 721, str.&nbsp;45-53<\/a>. Dostupn\u00e9 tak\u00e9\u00a0<a href=\"https:\/\/www.uur.cz\/media\/4ioffz5m\/08-datapam.pdf\" target=\"_blank\" rel=\"noopener\">zde<\/a>.<\/em><\/p>\n<p style=\"text-align: center;\">***<\/p>\n<p>\u00dadaje o&nbsp;\u00fazem\u00ed jsou od 1.&nbsp;1.&nbsp;2020 vyd\u00e1v\u00e1ny na z\u00e1klad\u011b\u00a0 <a href=\"https:\/\/intranet.npu.cz\/dms\/-\/doc\/url\/720357\/dms\" target=\"_blank\" rel=\"noopener\">intern\u00ed sm\u011brnice N\u00e1rodn\u00edho pam\u00e1tkov\u00e9ho \u00fastavu &#8211; <strong><em>Sm\u011brnic\u00ed G\u0158 XXVIII\/2019\/NP\u00da o&nbsp;poskytov\u00e1n\u00ed prostorov\u00fdch dat \u00daSKP a&nbsp;SAS vydan\u00e9 pod \u010d.&nbsp;j. NP\u00da-310\/98382\/2019<\/em><\/strong><\/a> (dostupn\u00e9 rovn\u011b\u017e <a href=\"https:\/\/pagis.npu.cz\/sheet\/d\/s\/529145248192962695\/plWZlZp4g28joDv_762F6t9oX3hZtD0N-PbSgDWGKcgc_\" target=\"_blank\" rel=\"noopener\">zde<\/a>).<\/p>\n<p>V roce 2023 vznikl d\u00e1le pam\u00e1tkov\u00fd postup <em><strong><a href=\"https:\/\/pagis.npu.cz\/wordpress\/wp-content\/uploads\/2023\/09\/PP_UAP_2023_20230614.pdf\" target=\"_blank\" rel=\"noopener\">P\u0159\u00edprava poskytnut\u00ed aktu\u00e1ln\u00edch \u00fadaj\u016f N\u00e1rodn\u00edho pam\u00e1tkov\u00e9ho \u00fastavu a&nbsp;dal\u0161\u00edch podklad\u016f pro po\u0159izov\u00e1n\u00ed \u00fazemn\u011b analytick\u00fdch podklad\u016f<\/a><\/strong>.<\/em> Je ur\u010den pro intern\u00ed pot\u0159eby NP\u00da jako podklad pro pracovn\u00edky \u00fazemn\u00edch odborn\u00fdch pracovi\u0161\u0165 i&nbsp;gener\u00e1ln\u00edho \u0159editelstv\u00ed, kte\u0159\u00ed se pod\u00edlej\u00ed na p\u0159\u00edprav\u011b podklad\u016f NP\u00da ve smyslu poskytov\u00e1n\u00ed aktu\u00e1ln\u00edch \u00fadaj\u016f o&nbsp;\u00fazem\u00ed a&nbsp;dal\u0161\u00edch podklad\u016f pro po\u0159izov\u00e1n\u00ed \u00daAP.\u00a0\u00a0Pam\u00e1tkov\u00fd postup je rozd\u011blen do dvou odd\u00edl\u016f. <strong>Odd\u00edl A<\/strong> se v\u011bnuje p\u0159\u00edprav\u011b aktu\u00e1ln\u00edch \u00fadaj\u016f pro po\u0159\u00edzen\u00ed \u00daAP ve smyslu v\u00fddeje podklad\u016f pro jevy typu U&nbsp;&#8211; \u00fadaje o&nbsp;\u00fazem\u00ed pro \u00fa\u010dely po\u0159izov\u00e1n\u00ed \u00daAP, pro n\u011b\u017e je NP\u00da zodpov\u011bdn\u00fdm poskytovatelem. N\u00e1sleduje <strong>odd\u00edl B<\/strong> s&nbsp;p\u0159ehledem jev\u016f typu Z&nbsp;&#8211; zji\u0161t\u011bn\u00ed vypl\u00fdvaj\u00edc\u00ed z&nbsp;pr\u016fzkum\u016f \u00fazem\u00ed (informace o&nbsp;architektonick\u00fdch a&nbsp;urbanistick\u00fdch hodnot\u00e1ch \u00fazem\u00ed, jejich\u017e zdrojem je Geoport\u00e1l pam\u00e1tkov\u00e9 p\u00e9\u010de spolu s&nbsp;dal\u0161\u00edmi aplikacemi IISPP a&nbsp;jevy typu D &#8211; dal\u0161\u00ed d\u016fle\u017eit\u00e9 dostupn\u00e9 informace o&nbsp;\u00fazem\u00ed. Odd\u00edl A&nbsp;i&nbsp;B obsahuje pokyny pro referenta ve smyslu jak p\u0159istoupit ke zpracov\u00e1n\u00ed podklad\u016f pro \u00fadaje o&nbsp;\u00fazem\u00ed a&nbsp;dal\u0161\u00edch podklad\u016f pro \u00fa\u010dely po\u0159\u00edzen\u00ed \u00daAP v\u010detn\u011b uveden\u00ed jejich zdroj\u016f.<\/p>\n<p>&nbsp;<\/p>\n<h4 id=\"souvisej\u00edc\u00ed:\">Souvisej\u00edc\u00ed:<\/h4>\n<ul>\n<li><a href=\"https:\/\/pagis.npu.cz\/wordpress\/category\/uzemni-planovani\/uap\/\">\u00daAP: vybran\u00e9 p\u0159\u00edsp\u011bvky na blogu Pro(Pa)Gis<\/a><\/li>\n<li><a href=\"https:\/\/pagis.npu.cz\/wordpress\/wp-content\/uploads\/2023\/09\/ZS_DataProUAP_2023R.pdf\" target=\"_blank\" rel=\"noopener\">\u00dadaje o&nbsp;\u00fazem\u00ed pro po\u0159izov\u00e1n\u00ed \u00daAP, zji\u0161t\u011bn\u00ed vypl\u00fdvaj\u00edc\u00ed z&nbsp;pr\u016fzkum\u016f \u00fazem\u00ed a&nbsp;dal\u0161\u00ed dostupn\u00e9 informace o&nbsp;\u00fazem\u00ed<\/a> (prezentace ze Setk\u00e1n\u00ed editor\u016f paGIS, spr\u00e1vc\u016f MIS a&nbsp;dal\u0161\u00edch p\u0159\u00edznivc\u016f IISPP v&nbsp;Olomouci 13.9.2023)<\/li>\n<li><a href=\"https:\/\/pagis.npu.cz\/uap-porizovatele\/\">\u00daAP (kraj\u016f) zve\u0159ejn\u011bn\u00e9<\/a> (aneb jak\u00fdm zp\u016fsobem jsou data poskytnut\u00e1 NP\u00da interpretov\u00e1na po\u0159izovateli \/ p\u0159ehled odkaz\u016f a&nbsp;legend)<\/li>\n<\/ul>\n<p><em>Aktualizov\u00e1no: <span class=\"last-modified-timestamp\">28\/07\/2025 7:44<\/span><\/em><\/p>\n","protected":false},"excerpt":{"rendered":"<p>Data NP\u00da, kter\u00e1 jsou vyu\u017eiteln\u00e1 pro \u00fazemn\u011b analytick\u00e9 podklady (d\u00e1le jen \u00daAP), m\u016f\u017eeme rozd\u011blit do dvou z\u00e1kladn\u00edch skupin: Data jev\u016f, u&nbsp;nich\u017e je NP\u00da poskytovatelem \u00fadaj\u016f o&nbsp;\u00fazem\u00ed pro \u00fa\u010dely po\u0159izov\u00e1n\u00ed \u00daAP &hellip; <a href=\"https:\/\/pagis.npu.cz\/wordpress\/uap\/uap-2\/\" class=\"more-link\">Pokra\u010dovat ve \u010dten\u00ed<span class=\"screen-reader-text\"> &#8222;\u00daAP (do 30.&nbsp;6.&nbsp;2024)&#8220;<\/span><\/a><\/p>\n","protected":false},"author":3,"featured_media":0,"parent":6304,"menu_order":0,"comment_status":"closed","ping_status":"closed","template":"","meta":{"footnotes":""},"class_list":["post-5344","page","type-page","status-publish","hentry"],"_links":{"self":[{"href":"https:\/\/pagis.npu.cz\/wordpress\/wp-json\/wp\/v2\/pages\/5344","targetHints":{"allow":["GET"]}}],"collection":[{"href":"https:\/\/pagis.npu.cz\/wordpress\/wp-json\/wp\/v2\/pages"}],"about":[{"href":"https:\/\/pagis.npu.cz\/wordpress\/wp-json\/wp\/v2\/types\/page"}],"author":[{"embeddable":true,"href":"https:\/\/pagis.npu.cz\/wordpress\/wp-json\/wp\/v2\/users\/3"}],"replies":[{"embeddable":true,"href":"https:\/\/pagis.npu.cz\/wordpress\/wp-json\/wp\/v2\/comments?post=5344"}],"version-history":[{"count":4,"href":"https:\/\/pagis.npu.cz\/wordpress\/wp-json\/wp\/v2\/pages\/5344\/revisions"}],"predecessor-version":[{"id":6755,"href":"https:\/\/pagis.npu.cz\/wordpress\/wp-json\/wp\/v2\/pages\/5344\/revisions\/6755"}],"up":[{"embeddable":true,"href":"https:\/\/pagis.npu.cz\/wordpress\/wp-json\/wp\/v2\/pages\/6304"}],"wp:attachment":[{"href":"https:\/\/pagis.npu.cz\/wordpress\/wp-json\/wp\/v2\/media?parent=5344"}],"curies":[{"name":"wp","href":"https:\/\/api.w.org\/{rel}","templated":true}]}}