{"id":5322,"date":"2023-10-11T09:11:26","date_gmt":"2023-10-11T07:11:26","guid":{"rendered":"https:\/\/pagis.npu.cz\/?page_id=5322"},"modified":"2025-10-02T13:37:12","modified_gmt":"2025-10-02T11:37:12","slug":"urbanisticke-okenko","status":"publish","type":"page","link":"https:\/\/pagis.npu.cz\/wordpress\/urbanisticke-okenko\/","title":{"rendered":"Urbanistick\u00e9 ok\u00e9nko"},"content":{"rendered":"<hr \/>\n<p>Tato sekce je ur\u010dena p\u0159edev\u0161\u00edm pro osoby spolupracuj\u00edc\u00ed \u0159e\u0161en\u00ed \u00fakolu odborn\u00fdch a&nbsp;v\u011bcn\u00fdch reviz\u00ed chr\u00e1n\u011bn\u00fdch \u00fazem\u00ed:<br \/>\n&#8211; Pravidla \u0159e\u0161en\u00ed \u00fakolu viz <a href=\"https:\/\/pagis.npu.cz\/wordpress\/ten-dela-to-a-ten-zas-tohle-i\/\">Ten d\u011bl\u00e1 to a\u00a0ten zas tohle I.<\/a> (GIS) \u00a6 <a href=\"https:\/\/pagis.npu.cz\/wordpress\/ten-dela-to-a-ten-zas-tohle-ii\/\">Ten d\u011bl\u00e1 to a&nbsp;ten zas tohle II.<\/a> \u00a0(urbanismus)<br \/>\n&#8211; Odkazy na sd\u00edlen\u00e9 dokumenty \u00fakolu od r. 2009, kontakty etc. viz <a href=\"https:\/\/pagis.npu.cz\/wordpress\/chranena-uzemi-pu-2009-2023\/\">Chr\u00e1n\u011bn\u00e1 \u00fazem\u00ed: P\u00da 2009\u2014<\/a>.<br \/>\nOd r. 2024 slou\u017e\u00ed i&nbsp;ke spolupr\u00e1ci na profilov\u00fdch \u00fakolech, jejich c\u00edlem je definice p\u0159edm\u011btu a&nbsp;podm\u00ednek ochrany chr\u00e1n\u011bn\u00fdch \u00fazem\u00ed:<br \/>\n&#8211; Z\u00e1kladn\u00ed p\u0159ehled viz <a href=\"https:\/\/pagis.npu.cz\/wordpress\/urbanisticke-okenko\/predmet-a-podminky-ochrany-chu-pu-2023-2024\/\">P\u0159edm\u011bt a&nbsp;podm\u00ednky ochrany: P\u00da 2023\u2014<\/a>.<br \/>\nD\u016fle\u017eit\u00e9 dokumenty:<br \/>\n&#8211; Metodick\u00fd pokyn\u00a0 <a href=\"https:\/\/pagis.npu.cz\/wordpress\/wp-content\/uploads\/2025\/04\/Navrhovani-chu-a-OP-a-upravy-202411.pdf\" target=\"_blank\" rel=\"noopener\">Navrhov\u00e1n\u00ed chr\u00e1n\u011bn\u00fdch \u00fazem\u00ed a\u00a0ochrann\u00fdch p\u00e1sem a\u00a0\u00fapravy hranic ve smyslu zmen\u0161en\u00ed \u010di\u00a0zv\u011bt\u0161en\u00ed rozsahu ji\u017e chr\u00e1n\u011bn\u00fdch \u00fazem\u00ed<\/a><br \/>\n&#8211; Sm\u011brnice <a href=\"https:\/\/pagis.npu.cz\/wordpress\/wp-content\/uploads\/2025\/10\/sme300-250015-navrhovani-zmeny-ruseni-chranenych-uzemi-a-ochrannych-pasem.pdf\" target=\"_blank\" rel=\"noopener\">Navrhov\u00e1n\u00ed\/zm\u011bny\/ru\u0161en\u00ed chr\u00e1n\u011bn\u00fdch \u00fazem\u00ed a&nbsp;ochrann\u00fdch p\u00e1sem<\/a><\/p>\n<p>Podrobn\u011bj\u0161\u00ed p\u0159ehled toho, co kde hledat, pro oba \u00fakoly pod\u00e1v\u00e1 \u010dl\u00e1nek <a href=\"https:\/\/pagis.npu.cz\/wordpress\/kdo-hleda-najde\/\">Kdo hled\u00e1, najde<\/a>.<\/p>\n<h4 id=\"v\u00fdb\u011br-p\u0159\u00edsp\u011bvk\u016f:\">V\u00fdb\u011br p\u0159\u00edsp\u011bvk\u016f:<\/h4>\n<div class=\"pt-cv-wrapper\"><div class=\"pt-cv-view pt-cv-grid pt-cv-colsys\" id=\"pt-cv-view-be950b1pr8\"><div data-id=\"pt-cv-page-1\" class=\"pt-cv-page\" data-cvc=\"2\"><div class=\"col-md-6 col-sm-6 col-xs-12 pt-cv-content-item pt-cv-1-col\" ><div class='pt-cv-ifield'><h4 class=\"pt-cv-title\"><a href=\"https:\/\/pagis.npu.cz\/wordpress\/aprilove-setkani-k-pu-4-2026\/\" class=\"_self\" target=\"_self\" >Apr\u00edlov\u00e9 setk\u00e1n\u00ed k&nbsp;P\u00da 4\/2026<\/a><\/h4>\n<div class=\"pt-cv-content\"><p><a href=\"https:\/\/pagis.npu.cz\/wordpress\/wp-content\/uploads\/2026\/03\/manfredsteger-pixel-cells-3976296_1920.jpg\"><img loading=\"lazy\" decoding=\"async\" class=\"aligncenter size-large wp-image-7039\" src=\"https:\/\/pagis.npu.cz\/wordpress\/wp-content\/uploads\/2026\/03\/manfredsteger-pixel-cells-3976296_1920-1024x752.jpg\" alt=\"\" width=\"840\" height=\"617\" srcset=\"https:\/\/pagis.npu.cz\/wordpress\/wp-content\/uploads\/2026\/03\/manfredsteger-pixel-cells-3976296_1920-1024x752.jpg 1024w, https:\/\/pagis.npu.cz\/wordpress\/wp-content\/uploads\/2026\/03\/manfredsteger-pixel-cells-3976296_1920-300x220.jpg 300w, https:\/\/pagis.npu.cz\/wordpress\/wp-content\/uploads\/2026\/03\/manfredsteger-pixel-cells-3976296_1920-768x564.jpg 768w, https:\/\/pagis.npu.cz\/wordpress\/wp-content\/uploads\/2026\/03\/manfredsteger-pixel-cells-3976296_1920-1536x1128.jpg 1536w, https:\/\/pagis.npu.cz\/wordpress\/wp-content\/uploads\/2026\/03\/manfredsteger-pixel-cells-3976296_1920-1200x881.jpg 1200w, https:\/\/pagis.npu.cz\/wordpress\/wp-content\/uploads\/2026\/03\/manfredsteger-pixel-cells-3976296_1920.jpg 1853w\" sizes=\"auto, (max-width: 709px) 85vw, (max-width: 909px) 67vw, (max-width: 1362px) 62vw, 840px\" \/><\/a><\/p>\n<p>Intern\u00ed setk\u00e1n\u00ed urbanist\u016f a\u00a0editor\u016f PaGIS k\u00a0problematice chr\u00e1n\u011bn\u00fdch \u00fazem\u00ed \u0159e\u0161en\u00e9 v\u00a0profilov\u00e9m \u00fakolu 04\/2026. Uskute\u010dn\u00ed se 1.\u00a0dubna 2025 \u00a0v s\u00eddle NP\u00da Gn\u0158, Liliov\u00e1 219\/5, 110\u00a000 Praha,\u00a0 zasedac\u00ed m\u00edstnost v\u00a0podkrov\u00ed.<span id=\"more-7022\"><\/span><\/p>\n<ul>\n<li><a href=\"https:\/\/pagis.npu.cz\/wordpress\/chranena-uzemi-2026\/\" target=\"_blank\" rel=\"noopener\">P\u0159ihla\u0161ovac\u00ed formul\u00e1\u0159 na akci ZDE<\/a>.<\/li>\n<\/ul>\n<p> <a href=\"https:\/\/pagis.npu.cz\/wordpress\/aprilove-setkani-k-pu-4-2026\/#more-7029\" class=\"more-link\"><span aria-label=\"Pokra\u010dov\u00e1n\u00ed textu Apr\u00edlov\u00e9 setk\u00e1n\u00ed k&nbsp;P\u00da 4\/2026\">(Pokra\u010dov\u00e1n\u00ed textu&hellip;)<\/span><\/a><\/p>\n<\/div><\/div><\/div>\n<div class=\"col-md-6 col-sm-6 col-xs-12 pt-cv-content-item pt-cv-1-col\" ><div class='pt-cv-ifield'><h4 class=\"pt-cv-title\"><a href=\"https:\/\/pagis.npu.cz\/wordpress\/podzimni-becov-s-informacnimi-systemy-pamatkove-pece\/\" class=\"_self\" target=\"_self\" >Podzimn\u00ed Be\u010dov s&nbsp;informa\u010dn\u00edmi syst\u00e9my pam\u00e1tkov\u00e9 p\u00e9\u010de<\/a><\/h4>\n<div class=\"pt-cv-content\"><p data-start=\"268\" data-end=\"512\">Cyklus setk\u00e1n\u00ed editor\u016f paGIS a&nbsp;dal\u0161\u00edch p\u0159\u00edznivc\u016f IISPP NP\u00da se pomalu ch\u00fdl\u00ed ke sv\u00e9mu prvn\u00edmu zakon\u010den\u00ed \u2014 zb\u00fdv\u00e1 u\u017e jen Praha \ud83d\ude09. I&nbsp;proto m\u016f\u017eeme leto\u0161n\u00ed be\u010dovsk\u00e9 setk\u00e1n\u00ed porovnat s&nbsp;p\u0159edchoz\u00edmi ro\u010dn\u00edky. A&nbsp;nutno \u0159\u00edci: <strong data-start=\"481\" data-end=\"511\">leto\u0161n\u00ed se opravdu povedlo<\/strong>.<\/p>\n<p data-start=\"268\" data-end=\"512\"><img loading=\"lazy\" decoding=\"async\" class=\"wp-image-6817 aligncenter\" src=\"https:\/\/pagis.npu.cz\/wordpress\/wp-content\/uploads\/2025\/10\/20251016_235208-300x169.jpg\" alt=\"\" width=\"529\" height=\"298\" srcset=\"https:\/\/pagis.npu.cz\/wordpress\/wp-content\/uploads\/2025\/10\/20251016_235208-300x169.jpg 300w, https:\/\/pagis.npu.cz\/wordpress\/wp-content\/uploads\/2025\/10\/20251016_235208-1024x577.jpg 1024w, https:\/\/pagis.npu.cz\/wordpress\/wp-content\/uploads\/2025\/10\/20251016_235208-768x432.jpg 768w, https:\/\/pagis.npu.cz\/wordpress\/wp-content\/uploads\/2025\/10\/20251016_235208-1536x865.jpg 1536w, https:\/\/pagis.npu.cz\/wordpress\/wp-content\/uploads\/2025\/10\/20251016_235208-2048x1153.jpg 2048w, https:\/\/pagis.npu.cz\/wordpress\/wp-content\/uploads\/2025\/10\/20251016_235208-1200x676.jpg 1200w\" sizes=\"auto, (max-width: 529px) 85vw, 529px\" \/><\/p>\n<p data-start=\"268\" data-end=\"512\"> <a href=\"https:\/\/pagis.npu.cz\/wordpress\/podzimni-becov-s-informacnimi-systemy-pamatkove-pece\/#more-6803\" class=\"more-link\"><span aria-label=\"Pokra\u010dov\u00e1n\u00ed textu Podzimn\u00ed Be\u010dov s&nbsp;informa\u010dn\u00edmi syst\u00e9my pam\u00e1tkov\u00e9 p\u00e9\u010de\">(Pokra\u010dov\u00e1n\u00ed textu&hellip;)<\/span><\/a><\/p>\n<\/div><\/div><\/div>\n<div class=\"col-md-6 col-sm-6 col-xs-12 pt-cv-content-item pt-cv-1-col\" ><div class='pt-cv-ifield'><h4 class=\"pt-cv-title\"><a href=\"https:\/\/pagis.npu.cz\/wordpress\/z-apriloveho-setkani\/\" class=\"_self\" target=\"_self\" >Z apr\u00edlov\u00e9ho setk\u00e1n\u00ed<\/a><\/h4>\n<div class=\"pt-cv-content\"><p><img loading=\"lazy\" decoding=\"async\" class=\"aligncenter size-large wp-image-6596\" src=\"https:\/\/pagis.npu.cz\/wordpress\/wp-content\/uploads\/2025\/04\/R0021331-scaled-e1744094801827-1024x701.jpg\" alt=\"\" width=\"840\" height=\"575\" \/>Prvn\u00edho dubna se v&nbsp;zasedac\u00ed m\u00edstnosti v&nbsp;podkrov\u00ed v&nbsp;s\u00eddle NP\u00da Gn\u0158 v&nbsp;Praze uskute\u010dnilo intern\u00ed setk\u00e1n\u00ed urbanist\u016f a&nbsp;editor\u016f PaGIS k&nbsp;problematice chr\u00e1n\u011bn\u00fdch \u00fazem\u00ed \u0159e\u0161en\u00e9 v&nbsp;profilov\u00fdch \u00fakolech. <a href=\"https:\/\/pagis.npu.cz\/wordpress\/z-apriloveho-setkani\/#more-6597\" class=\"more-link\"><span aria-label=\"Pokra\u010dov\u00e1n\u00ed textu Z apr\u00edlov\u00e9ho setk\u00e1n\u00ed\">(Pokra\u010dov\u00e1n\u00ed textu&hellip;)<\/span><\/a><\/p>\n<\/div><\/div><\/div>\n<div class=\"col-md-6 col-sm-6 col-xs-12 pt-cv-content-item pt-cv-1-col\" ><div class='pt-cv-ifield'><h4 class=\"pt-cv-title\"><a href=\"https:\/\/pagis.npu.cz\/wordpress\/aprilove-setkani-k-pu-5-2025-program\/\" class=\"_self\" target=\"_self\" >Apr\u00edlov\u00e9 setk\u00e1n\u00ed k&nbsp;P\u00da 5\/2025: program<\/a><\/h4>\n<div class=\"pt-cv-content\"><p><a href=\"https:\/\/pagis.npu.cz\/wordpress\/wp-content\/uploads\/2025\/03\/pixel-cells-3974170_1280.png\"><img loading=\"lazy\" decoding=\"async\" class=\"aligncenter size-large wp-image-6531\" src=\"https:\/\/pagis.npu.cz\/wordpress\/wp-content\/uploads\/2025\/03\/pixel-cells-3974170_1280-1024x610.png\" alt=\"\" width=\"840\" height=\"500\" srcset=\"https:\/\/pagis.npu.cz\/wordpress\/wp-content\/uploads\/2025\/03\/pixel-cells-3974170_1280-1024x610.png 1024w, https:\/\/pagis.npu.cz\/wordpress\/wp-content\/uploads\/2025\/03\/pixel-cells-3974170_1280-300x179.png 300w, https:\/\/pagis.npu.cz\/wordpress\/wp-content\/uploads\/2025\/03\/pixel-cells-3974170_1280-768x458.png 768w, https:\/\/pagis.npu.cz\/wordpress\/wp-content\/uploads\/2025\/03\/pixel-cells-3974170_1280-1200x715.png 1200w, https:\/\/pagis.npu.cz\/wordpress\/wp-content\/uploads\/2025\/03\/pixel-cells-3974170_1280.png 1280w\" sizes=\"auto, (max-width: 709px) 85vw, (max-width: 909px) 67vw, (max-width: 1362px) 62vw, 840px\" \/><\/a><\/p>\n<p>Intern\u00ed setk\u00e1n\u00ed urbanist\u016f a&nbsp;editor\u016f PaGIS k&nbsp;problematice chr\u00e1n\u011bn\u00fdch \u00fazem\u00ed \u0159e\u0161en\u00e9 v&nbsp;profilov\u00fdch \u00fakolech. Uskute\u010dn\u00ed se 1.&nbsp;dubna 2025 \u00a0v s\u00eddle NP\u00da Gn\u0158, Liliov\u00e1 219\/5, 110&nbsp;00 Praha,\u00a0 zasedac\u00ed m\u00edstnost v&nbsp;podkrov\u00ed.<\/p>\n<p><a href=\"https:\/\/pagis.npu.cz\/wordpress\/chranena-uzemi-2025\/\" target=\"_blank\" rel=\"noopener\">P\u0159ihla\u0161ovac\u00ed formul\u00e1\u0159 na akci ZDE.<\/a><\/p>\n<p> <a href=\"https:\/\/pagis.npu.cz\/wordpress\/aprilove-setkani-k-pu-5-2025-program\/#more-6543\" class=\"more-link\"><span aria-label=\"Pokra\u010dov\u00e1n\u00ed textu Apr\u00edlov\u00e9 setk\u00e1n\u00ed k&nbsp;P\u00da 5\/2025: program\">(Pokra\u010dov\u00e1n\u00ed textu&hellip;)<\/span><\/a><\/p>\n<\/div><\/div><\/div>\n<div class=\"col-md-6 col-sm-6 col-xs-12 pt-cv-content-item pt-cv-1-col\" ><div class='pt-cv-ifield'><h4 class=\"pt-cv-title\"><a href=\"https:\/\/pagis.npu.cz\/wordpress\/rekapitulace-kolinskeho-setkani\/\" class=\"_self\" target=\"_self\" >Rekapitulace kol\u00ednsk\u00e9ho setk\u00e1n\u00ed<\/a><\/h4>\n<div class=\"pt-cv-content\"><p><a href=\"https:\/\/pagis.npu.cz\/wordpress\/wp-content\/uploads\/2024\/09\/DSC00846-scaled-e1727158581358.jpg\" target=\"_blank\" rel=\"noopener\"><img loading=\"lazy\" decoding=\"async\" class=\"aligncenter wp-image-6261 size-large\" src=\"https:\/\/pagis.npu.cz\/wordpress\/wp-content\/uploads\/2024\/09\/DSC00846-1024x726.jpg\" alt=\"\" width=\"840\" height=\"596\" \/><\/a>Leto\u0161n\u00ed \u0159\u00edjnov\u00e9 setk\u00e1n\u00ed m\u016f\u017eeme pr\u00e1vem ozna\u010dit za \u00fasp\u011b\u0161n\u00e9. V&nbsp;Kol\u00edn\u011b jsme absolvovali bohat\u00fd a&nbsp;n\u00e1ro\u010dn\u00fd program, kter\u00fd zahrnoval tradi\u010dn\u00ed rekapitula\u010dn\u00ed p\u0159edn\u00e1\u0161ky s&nbsp;v\u00fdhledem do budoucna, dopln\u011bn\u00e9 o&nbsp;zaj\u00edmav\u00e9 p\u0159\u00edsp\u011bvky z&nbsp;oblast\u00ed mimo sv\u011bt IISPP. Obzvl\u00e1\u0161\u0165\u00a0 bych r\u00e1d vyzdvihl dv\u011b prezentace.\u00a0 Prvn\u00ed byla st\u0159ede\u010dn\u00ed z\u00e1v\u011bre\u010dn\u00e1 p\u0159edn\u00e1\u0161ka kolegy Ji\u0159\u00edho Marounka ze st\u0159edo\u010desk\u00e9ho pracovi\u0161t\u011b, kter\u00fd n\u00e1m p\u0159ibl\u00ed\u017eil nedostatky p\u0159i&nbsp;tvorb\u011b map v&nbsp;akademick\u00e9m prost\u0159ed\u00ed. Druhou inspirativn\u00ed p\u0159edn\u00e1\u0161kou byl \u010dtvrte\u010dn\u00ed p\u0159\u00edsp\u011bvek pana Pavla Doubka z&nbsp;\u010cesk\u00e9ho \u00fa\u0159adu zem\u011bm\u011b\u0159ick\u00e9ho a&nbsp;katastr\u00e1ln\u00edho. Jeho pohled na ochranu pam\u00e1tek v&nbsp;r\u00e1mci katastr\u00e1ln\u00edch p\u0159inesl do debaty n\u00e1hled mimo prost\u0159ed\u00ed NP\u00da a&nbsp;vzbudil zna\u010dnou zp\u011btnou vazbu. <a href=\"https:\/\/pagis.npu.cz\/wordpress\/rekapitulace-kolinskeho-setkani\/#more-6260\" class=\"more-link\"><span aria-label=\"Pokra\u010dov\u00e1n\u00ed textu Rekapitulace kol\u00ednsk\u00e9ho setk\u00e1n\u00ed\">(Pokra\u010dov\u00e1n\u00ed textu&hellip;)<\/span><\/a><\/p>\n<\/div><\/div><\/div>\n<div class=\"col-md-6 col-sm-6 col-xs-12 pt-cv-content-item pt-cv-1-col\" ><div class='pt-cv-ifield'><h4 class=\"pt-cv-title\"><a href=\"https:\/\/pagis.npu.cz\/wordpress\/k-navrhovani-chu-a-op-a-upravam-hranic-chu\/\" class=\"_self\" target=\"_self\" >K navrhov\u00e1n\u00ed  CH\u00da a&nbsp;OP a&nbsp;\u00faprav\u00e1m CH\u00da<\/a><\/h4>\n<div class=\"pt-cv-content\"><p><a href=\"https:\/\/pagis.npu.cz\/wordpress\/wp-content\/uploads\/2024\/08\/board-3700116_1280-e1723631139945.jpg\"><img loading=\"lazy\" decoding=\"async\" class=\"aligncenter wp-image-6169\" src=\"https:\/\/pagis.npu.cz\/wordpress\/wp-content\/uploads\/2024\/08\/board-3700116_1280-1024x682.jpg\" alt=\"\" width=\"840\" height=\"559\" \/><\/a><\/p>\n<p>Ministerstvo kultury vydalo dlouho o\u010dek\u00e1van\u00fd metodick\u00fd pokyn\u00a0 <strong>Navrhov\u00e1n\u00ed chr\u00e1n\u011bn\u00fdch \u00fazem\u00ed a&nbsp;ochrann\u00fdch p\u00e1sem a&nbsp;\u00fapravy hranic ve smyslu zmen\u0161en\u00ed \u010di&nbsp;zv\u011bt\u0161en\u00ed rozsahu ji\u017e chr\u00e1n\u011bn\u00fdch \u00fazem\u00ed<\/strong>, kter\u00fd nahrazuje ji\u017e neaktu\u00e1ln\u00ed \u00a0<em>Metodick\u00fd pokyn MK k&nbsp;n\u00e1vrhu na prohl\u00e1\u0161en\u00ed\/zm\u011bnu rozsahu pam\u00e1tkov\u011b chr\u00e1n\u011bn\u00e9ho \u00fazem\u00ed v\u010detn\u011b popisu hranice pam\u00e1tkov\u011b chr\u00e1n\u011bn\u00e9ho \u00fazem\u00ed v&nbsp;r\u00e1mci revize PZ<\/em> \u00a0ze dne 23.&nbsp;8.&nbsp;2011.  <a href=\"https:\/\/pagis.npu.cz\/wordpress\/k-navrhovani-chu-a-op-a-upravam-hranic-chu\/#more-6165\" class=\"more-link\"><span aria-label=\"Pokra\u010dov\u00e1n\u00ed textu K navrhov\u00e1n\u00ed  CH\u00da a&nbsp;OP a&nbsp;\u00faprav\u00e1m CH\u00da\">(Pokra\u010dov\u00e1n\u00ed textu&hellip;)<\/span><\/a><\/p>\n<\/div><\/div><\/div><\/div><\/div>\n<div class=\" pt-cv-pagination-wrapper\"><ul class=\"pt-cv-pagination pt-cv-ajax pagination\" data-totalpages=\"2\" data-currentpage=\"1\" data-sid=\"be950b1pr8\" data-unid=\"\" data-isblock=\"\" data-postid=\"\"><li class=\"active\"><a href=\"#\">1<\/a><\/li>\n\t<li ><a class=\"\" href=\"https:\/\/pagis.npu.cz\/wordpress\/wp-json\/wp\/v2\/pages\/5322\/?_page=2\">2<\/a><\/li>\n\t<li ><a class=\" \" href=\"https:\/\/pagis.npu.cz\/wordpress\/wp-json\/wp\/v2\/pages\/5322\/?_page=2\">&rsaquo;<\/a><\/li>\n\t<\/ul><img loading=\"lazy\" decoding=\"async\" width=\"15\" height=\"15\" class=\"pt-cv-spinner\" alt=\"Loading...\" src=\"data:image\/gif;base64,R0lGODlhDwAPALMPAMrKygwMDJOTkz09PZWVla+vr3p6euTk5M7OzuXl5TMzMwAAAJmZmWZmZszMzP\/\/\/yH\/C05FVFNDQVBFMi4wAwEAAAAh+QQFCgAPACwAAAAADwAPAAAEQvDJaZaZOIcV8iQK8VRX4iTYoAwZ4iCYoAjZ4RxejhVNoT+mRGP4cyF4Pp0N98sBGIBMEMOotl6YZ3S61Bmbkm4mAgAh+QQFCgAPACwAAAAADQANAAAENPDJSRSZeA418itN8QiK8BiLITVsFiyBBIoYqnoewAD4xPw9iY4XLGYSjkQR4UAUD45DLwIAIfkEBQoADwAsAAAAAA8ACQAABC\/wyVlamTi3nSdgwFNdhEJgTJoNyoB9ISYoQmdjiZPcj7EYCAeCF1gEDo4Dz2eIAAAh+QQFCgAPACwCAAAADQANAAAEM\/DJBxiYeLKdX3IJZT1FU0iIg2RNKx3OkZVnZ98ToRD4MyiDnkAh6BkNC0MvsAj0kMpHBAAh+QQFCgAPACwGAAAACQAPAAAEMDC59KpFDll73HkAA2wVY5KgiK5b0RRoI6MuzG6EQqCDMlSGheEhUAgqgUUAFRySIgAh+QQFCgAPACwCAAIADQANAAAEM\/DJKZNLND\/kkKaHc3xk+QAMYDKsiaqmZCxGVjSFFCxB1vwy2oOgIDxuucxAMTAJFAJNBAAh+QQFCgAPACwAAAYADwAJAAAEMNAs86q1yaWwwv2Ig0jUZx3OYa4XoRAfwADXoAwfo1+CIjyFRuEho60aSNYlOPxEAAAh+QQFCgAPACwAAAIADQANAAAENPA9s4y8+IUVcqaWJ4qEQozSoAzoIyhCK2NFU2SJk0hNnyEOhKR2AzAAj4Pj4GE4W0bkJQIAOw==\" \/><div class=\"clear pt-cv-clear-pagination\"><\/div><\/div><\/div>\n","protected":false},"excerpt":{"rendered":"<p>Tato sekce je ur\u010dena p\u0159edev\u0161\u00edm pro osoby spolupracuj\u00edc\u00ed \u0159e\u0161en\u00ed \u00fakolu odborn\u00fdch a&nbsp;v\u011bcn\u00fdch reviz\u00ed chr\u00e1n\u011bn\u00fdch \u00fazem\u00ed: &#8211; Pravidla \u0159e\u0161en\u00ed \u00fakolu viz Ten d\u011bl\u00e1 to a\u00a0ten zas tohle I. (GIS) \u00a6 Ten &hellip; <a href=\"https:\/\/pagis.npu.cz\/wordpress\/urbanisticke-okenko\/\" class=\"more-link\">Pokra\u010dovat ve \u010dten\u00ed<span class=\"screen-reader-text\"> &#8222;Urbanistick\u00e9 ok\u00e9nko&#8220;<\/span><\/a><\/p>\n","protected":false},"author":3,"featured_media":0,"parent":0,"menu_order":0,"comment_status":"closed","ping_status":"closed","template":"","meta":{"footnotes":""},"class_list":["post-5322","page","type-page","status-publish","hentry"],"_links":{"self":[{"href":"https:\/\/pagis.npu.cz\/wordpress\/wp-json\/wp\/v2\/pages\/5322","targetHints":{"allow":["GET"]}}],"collection":[{"href":"https:\/\/pagis.npu.cz\/wordpress\/wp-json\/wp\/v2\/pages"}],"about":[{"href":"https:\/\/pagis.npu.cz\/wordpress\/wp-json\/wp\/v2\/types\/page"}],"author":[{"embeddable":true,"href":"https:\/\/pagis.npu.cz\/wordpress\/wp-json\/wp\/v2\/users\/3"}],"replies":[{"embeddable":true,"href":"https:\/\/pagis.npu.cz\/wordpress\/wp-json\/wp\/v2\/comments?post=5322"}],"version-history":[{"count":6,"href":"https:\/\/pagis.npu.cz\/wordpress\/wp-json\/wp\/v2\/pages\/5322\/revisions"}],"predecessor-version":[{"id":6795,"href":"https:\/\/pagis.npu.cz\/wordpress\/wp-json\/wp\/v2\/pages\/5322\/revisions\/6795"}],"wp:attachment":[{"href":"https:\/\/pagis.npu.cz\/wordpress\/wp-json\/wp\/v2\/media?parent=5322"}],"curies":[{"name":"wp","href":"https:\/\/api.w.org\/{rel}","templated":true}]}}