{"id":5030,"date":"2023-06-02T08:25:58","date_gmt":"2023-06-02T06:25:58","guid":{"rendered":"https:\/\/pagis.npu.cz\/?page_id=5030"},"modified":"2026-01-21T12:45:08","modified_gmt":"2026-01-21T11:45:08","slug":"prihlasovaci-formular-2026","status":"publish","type":"page","link":"https:\/\/pagis.npu.cz\/wordpress\/prihlasovaci-formular-2026\/","title":{"rendered":"P\u0159ihla\u0161ovac\u00ed formul\u00e1\u0159 2026"},"content":{"rendered":"\r\n<p>B\u0159eznov\u00e9 setk\u00e1n\u00ed 10.&nbsp;3.&nbsp;2026:<\/p>\r\n<link rel='stylesheet' id='formidable-css' href='https:\/\/pagis.npu.cz\/wordpress\/wp-content\/plugins\/formidable\/css\/formidableforms.css?ver=3121054' media='all' \/>\n<div class=\"frm_forms  with_frm_style frm_style_formidable-style\" id=\"frm_form_27_container\" >\n<form enctype=\"multipart\/form-data\" method=\"post\" class=\"frm-show-form \" id=\"form_qtdd42306c5071977222\" >\n<div class=\"frm_form_fields \">\n<fieldset>\n<legend class=\"frm_hidden\">Brno 2026<\/legend>\r\n\r\n<div class=\"frm_fields_container\">\n<input type=\"hidden\" name=\"frm_action\" value=\"create\" \/>\n<input type=\"hidden\" name=\"form_id\" value=\"27\" \/>\n<input type=\"hidden\" name=\"frm_hide_fields_27\" id=\"frm_hide_fields_27\" value=\"\" \/>\n<input type=\"hidden\" name=\"form_key\" value=\"qtdd42306c5071977222\" \/>\n<input type=\"hidden\" name=\"item_meta[0]\" value=\"\" \/>\n<input type=\"hidden\" id=\"frm_submit_entry_27\" name=\"frm_submit_entry_27\" value=\"015adfbb57\" \/><input type=\"hidden\" name=\"_wp_http_referer\" value=\"\/wordpress\/wp-json\/wp\/v2\/pages\/5030\" \/><div id=\"frm_field_235_container\" class=\"frm_form_field form-field  frm_required_field frm_top_container frm_half\">\r\n    <label for=\"field_4wayn4b77dc018db32\" class=\"frm_primary_label\">P\u0159\u00edjmen\u00ed\r\n        <span class=\"frm_required\">*<\/span>\r\n    <\/label>\r\n    <input type=\"text\" id=\"field_4wayn4b77dc018db32\" name=\"item_meta[235]\" value=\"\"  maxlength=\"25\" data-reqmsg=\"Toto pole nem\u016f\u017ee b\u00fdt pr\u00e1zdn\u00e9.\" aria-required=\"true\" data-invmsg=\"P\u0159\u00edjmen\u00ed is invalid\" aria-invalid=\"false\"  \/>\r\n    \r\n    \r\n<\/div>\n<div id=\"frm_field_236_container\" class=\"frm_form_field form-field  frm_required_field frm_top_container frm_third\">\r\n    <label for=\"field_qwagn429cb39e91632\" class=\"frm_primary_label\">Jm\u00e9no\r\n        <span class=\"frm_required\">*<\/span>\r\n    <\/label>\r\n    <input type=\"text\" id=\"field_qwagn429cb39e91632\" name=\"item_meta[236]\" value=\"\"  maxlength=\"25\" data-reqmsg=\"Toto pole nem\u016f\u017ee b\u00fdt pr\u00e1zdn\u00e9.\" aria-required=\"true\" data-invmsg=\"Jm\u00e9no is invalid\" aria-invalid=\"false\"  \/>\r\n    \r\n    \r\n<\/div>\n<div id=\"frm_field_237_container\" class=\"frm_form_field form-field  frm_required_field frm_top_container frm_half\">\r\n    <label for=\"field_13dyk47cba216bfb32\" class=\"frm_primary_label\">Email\r\n        <span class=\"frm_required\">*<\/span>\r\n    <\/label>\r\n    <input type=\"email\" id=\"field_13dyk47cba216bfb32\" name=\"item_meta[237]\" value=\"\"  data-reqmsg=\"Toto pole nem\u016f\u017ee b\u00fdt pr\u00e1zdn\u00e9.\" aria-required=\"true\" data-invmsg=\"Email is invalid\" aria-invalid=\"false\"  \/>\r\n    \r\n    \r\n<\/div>\n<div id=\"frm_field_238_container\" class=\"frm_form_field form-field  frm_required_field frm_top_container frm_three_col vertical_radio\">\r\n    <label  class=\"frm_primary_label\">Potvrzen\u00ed \u00fa\u010dasti:\r\n        <span class=\"frm_required\">*<\/span>\r\n    <\/label>\r\n    <div class=\"frm_opt_container\">\t\t<div class=\"frm_radio\" id=\"frm_radio_238-0\">\t\t\t<label  for=\"field_50zbc40adbea5c4932-0\">\n\t\t\t\t\t<input type=\"radio\" name=\"item_meta[238]\" id=\"field_50zbc40adbea5c4932-0\" value=\"p\u0159ijedu ur\u010dit\u011b\"\n\t\t data-reqmsg=\"Toto pole nem\u016f\u017ee b\u00fdt pr\u00e1zdn\u00e9.\" data-invmsg=\"Potvrzen\u00ed \u00fa\u010dasti: is invalid\"   \/> p\u0159ijedu ur\u010dit\u011b<\/label><\/div>\n\t\t<div class=\"frm_radio\" id=\"frm_radio_238-1\">\t\t\t<label  for=\"field_50zbc40adbea5c4932-1\">\n\t\t\t\t\t<input type=\"radio\" name=\"item_meta[238]\" id=\"field_50zbc40adbea5c4932-1\" value=\"p\u0159ijedu mo\u017en\u00e1\"\n\t\t data-reqmsg=\"Toto pole nem\u016f\u017ee b\u00fdt pr\u00e1zdn\u00e9.\" data-invmsg=\"Potvrzen\u00ed \u00fa\u010dasti: is invalid\"   \/> p\u0159ijedu mo\u017en\u00e1<\/label><\/div>\n\t\t<div class=\"frm_radio\" id=\"frm_radio_238-2\">\t\t\t<label  for=\"field_50zbc40adbea5c4932-2\">\n\t\t\t\t\t<input type=\"radio\" name=\"item_meta[238]\" id=\"field_50zbc40adbea5c4932-2\" value=\"nep\u0159ijedu\"\n\t\t data-reqmsg=\"Toto pole nem\u016f\u017ee b\u00fdt pr\u00e1zdn\u00e9.\" data-invmsg=\"Potvrzen\u00ed \u00fa\u010dasti: is invalid\"   \/> nep\u0159ijedu<\/label><\/div>\n<\/div>\r\n    \r\n    \r\n<\/div>\n<div id=\"frm_field_239_container\" class=\"frm_form_field form-field  frm_top_container\">\r\n    <label for=\"field_ijvxf3c1e95fe29932\" class=\"frm_primary_label\">Up\u0159esn\u011bn\u00ed k (ne)\u00fa\u010dasti:\r\n        <span class=\"frm_required\"><\/span>\r\n    <\/label>\r\n    <input type=\"text\" id=\"field_ijvxf3c1e95fe29932\" name=\"item_meta[239]\" value=\"\"  data-invmsg=\"Up\u0159esn\u011bn\u00ed k (ne)\u00fa\u010dasti: is invalid\" aria-invalid=\"false\"  \/>\r\n    \r\n    \r\n<\/div>\n<div id=\"frm_field_240_container\" class=\"frm_form_field form-field  frm_top_container\">\r\n    <label for=\"field_ma0w3419471d2e4b32\" class=\"frm_primary_label\">Dotazy a n\u00e1m\u011bty do programu:\r\n        <span class=\"frm_required\"><\/span>\r\n    <\/label>\r\n    <textarea name=\"item_meta[240]\" id=\"field_ma0w3419471d2e4b32\" rows=\"5\"  data-invmsg=\"Dotazy a n\u00e1m\u011bty do programu: is invalid\" aria-invalid=\"false\"  ><\/textarea>\r\n    \r\n    \r\n<\/div>\n<div id=\"frm_field_241_container\" class=\"frm_form_field form-field  frm_none_container\">\r\n    <label for=\"g-recaptcha-response\" class=\"frm_primary_label\">reCAPTCHA\r\n        <span class=\"frm_required\"><\/span>\r\n    <\/label>\r\n    <div  id=\"field_a0hlq4f4f60d68aa32\" class=\"g-recaptcha\" data-sitekey=\"6LfGdhgUAAAAAA5hKlRKRakzF3Z5-qzl9m7C2EHh\" data-size=\"normal\" data-theme=\"light\"><\/div>\r\n    <div id=\"frm_desc_field_a0hlq4f4f60d68aa32\" class=\"frm_description\">Doka\u017ete pros\u00edm, \u017ee nejste robot.<\/div>\r\n    \r\n<\/div>\n<div id=\"frm_field_242_container\" class=\"frm_form_field form-field \">\r\n\t<div class=\"frm_submit\">\r\n\r\n<button class=\"frm_button_submit\" type=\"submit\"  >Odeslat formul\u00e1\u0159.<\/button>\r\n\r\n<\/div>\r\n<\/div>\n\t<input type=\"hidden\" name=\"item_key\" value=\"\" \/>\n\t\t\t<div id=\"frm_field_259_container\">\n\t\t\t<label for=\"field_m9xux\" >\n\t\t\t\tIf you are human, leave this field blank.\t\t\t<\/label>\n\t\t\t<input  id=\"field_m9xux\" type=\"text\" class=\"frm_form_field form-field frm_verify\" name=\"item_meta[259]\" value=\"\"  \/>\n\t\t<\/div>\n\t\t<input name=\"frm_state\" type=\"hidden\" value=\"nV6MpZOv4Yhz8JhJmfPBXlzMe+Z1en6JMuBID9MXtoA=\" \/><\/div>\n<\/fieldset>\n<\/div>\n\n<\/form>\n<\/div>\n\r\n\r\n","protected":false},"excerpt":{"rendered":"<p>B\u0159eznov\u00e9 setk\u00e1n\u00ed 10.&nbsp;3.&nbsp;2026:<\/p>\n","protected":false},"author":4,"featured_media":0,"parent":0,"menu_order":0,"comment_status":"closed","ping_status":"closed","template":"","meta":{"footnotes":""},"class_list":["post-5030","page","type-page","status-publish","hentry"],"_links":{"self":[{"href":"https:\/\/pagis.npu.cz\/wordpress\/wp-json\/wp\/v2\/pages\/5030","targetHints":{"allow":["GET"]}}],"collection":[{"href":"https:\/\/pagis.npu.cz\/wordpress\/wp-json\/wp\/v2\/pages"}],"about":[{"href":"https:\/\/pagis.npu.cz\/wordpress\/wp-json\/wp\/v2\/types\/page"}],"author":[{"embeddable":true,"href":"https:\/\/pagis.npu.cz\/wordpress\/wp-json\/wp\/v2\/users\/4"}],"replies":[{"embeddable":true,"href":"https:\/\/pagis.npu.cz\/wordpress\/wp-json\/wp\/v2\/comments?post=5030"}],"version-history":[{"count":6,"href":"https:\/\/pagis.npu.cz\/wordpress\/wp-json\/wp\/v2\/pages\/5030\/revisions"}],"predecessor-version":[{"id":6907,"href":"https:\/\/pagis.npu.cz\/wordpress\/wp-json\/wp\/v2\/pages\/5030\/revisions\/6907"}],"wp:attachment":[{"href":"https:\/\/pagis.npu.cz\/wordpress\/wp-json\/wp\/v2\/media?parent=5030"}],"curies":[{"name":"wp","href":"https:\/\/api.w.org\/{rel}","templated":true}]}}