{"id":4512,"date":"2022-08-26T00:15:49","date_gmt":"2022-08-25T22:15:49","guid":{"rendered":"https:\/\/pagis.npu.cz\/?page_id=4512"},"modified":"2022-08-29T13:38:28","modified_gmt":"2022-08-29T11:38:28","slug":"setkani-iispp-2022-prakticke-informace","status":"publish","type":"page","link":"https:\/\/pagis.npu.cz\/wordpress\/setkani-iispp-2022-prakticke-informace\/","title":{"rendered":"Setk\u00e1n\u00ed IISPP 2022 &#8211; praktick\u00e9 informace"},"content":{"rendered":"<p><a href=\"https:\/\/pagis.npu.cz\/wordpress\/wp-content\/uploads\/2022\/08\/zatec.jpg\"><img loading=\"lazy\" decoding=\"async\" class=\"aligncenter wp-image-4509\" src=\"https:\/\/pagis.npu.cz\/wordpress\/wp-content\/uploads\/2022\/08\/zatec.jpg\" alt=\"\" width=\"840\" height=\"533\" srcset=\"https:\/\/pagis.npu.cz\/wordpress\/wp-content\/uploads\/2022\/08\/zatec.jpg 630w, https:\/\/pagis.npu.cz\/wordpress\/wp-content\/uploads\/2022\/08\/zatec-300x190.jpg 300w\" sizes=\"auto, (max-width: 709px) 85vw, (max-width: 909px) 67vw, (max-width: 1362px) 62vw, 840px\" \/><\/a><\/p>\n<p>V\u00fdro\u010dn\u00ed des\u00e1t\u00e9 setk\u00e1n\u00ed se uskute\u010dn\u00ed v&nbsp;\u017datci v&nbsp;<a href=\"https:\/\/www.chchp.cz\/galerie-sladovna\/\" target=\"_blank\" rel=\"noopener\">Galerii Sladovna<\/a>,\u00a0Masarykova 356, \u00a0438&nbsp;01 \u017datec.<br \/>\nToto setk\u00e1n\u00ed nebude p\u0159en\u00e1\u0161eno jako stream.<\/p>\n<p>Ob\u011bdy a&nbsp;ve\u010de\u0159e: <a href=\"https:\/\/www.orlojzatec.cz\/kontakt\/\" target=\"_blank\" rel=\"noopener\">Pivovar U&nbsp;Orloje<\/a>, n\u00e1m. Prokopa Velk\u00e9ho 1951, 438&nbsp;01 \u017datec; cena ob\u011bd cca 140.-K\u010d, ve\u010de\u0159e 150,- K\u010d.<\/p>\n<p>Ubytov\u00e1n\u00ed: <a href=\"https:\/\/hotelzatec.cz\/\" target=\"_blank\" rel=\"noopener\">Hotel \u010cern\u00fd Orel<\/a>, Kruhov\u00e9 n\u00e1m\u011bst\u00ed 233, 438&nbsp;01 \u017datec &#8211; 1\u20132 l\u016f\u017ekov\u00e9 pokoje. Cena 950,- K\u010d\/pokoj\/noc. 500,- K\u010d\/l\u016f\u017eko se sn\u00eddan\u00ed.<\/p>\n<p><strong>Ubytov\u00e1n\u00ed, ob\u011bdy a&nbsp;ve\u010de\u0159e<\/strong>\u00a0budou zamluveny na z\u00e1klad\u011b p\u0159ihl\u00e1\u0161ek.<\/p>\n<ul>\n<li><a href=\"https:\/\/pagis.npu.cz\/zatec-2022\/\"><span style=\"color: #00ccff;\"><strong>P\u0159ihla\u0161ovac\u00ed formul\u00e1\u0159<\/strong><\/span><\/a><\/li>\n<li><a href=\"https:\/\/pagis.npu.cz\/program-vyjezdniho-setkani-v-zatci\/\">Program<\/a><\/li>\n<\/ul>\n<p>Aktualizov\u00e1no: <span class=\"last-modified-timestamp\">29\/08\/2022 13:38<\/span><\/p>\n","protected":false},"excerpt":{"rendered":"<p>V\u00fdro\u010dn\u00ed des\u00e1t\u00e9 setk\u00e1n\u00ed se uskute\u010dn\u00ed v&nbsp;\u017datci v&nbsp;Galerii Sladovna,\u00a0Masarykova 356, \u00a0438&nbsp;01 \u017datec. Toto setk\u00e1n\u00ed nebude p\u0159en\u00e1\u0161eno jako stream. Ob\u011bdy a&nbsp;ve\u010de\u0159e: Pivovar U&nbsp;Orloje, n\u00e1m. Prokopa Velk\u00e9ho 1951, 438&nbsp;01 \u017datec; cena ob\u011bd cca &hellip; <a href=\"https:\/\/pagis.npu.cz\/wordpress\/setkani-iispp-2022-prakticke-informace\/\" class=\"more-link\">Pokra\u010dovat ve \u010dten\u00ed<span class=\"screen-reader-text\"> &#8222;Setk\u00e1n\u00ed IISPP 2022 &#8211; praktick\u00e9 informace&#8220;<\/span><\/a><\/p>\n","protected":false},"author":3,"featured_media":0,"parent":0,"menu_order":0,"comment_status":"closed","ping_status":"closed","template":"","meta":{"footnotes":""},"class_list":["post-4512","page","type-page","status-publish","hentry"],"_links":{"self":[{"href":"https:\/\/pagis.npu.cz\/wordpress\/wp-json\/wp\/v2\/pages\/4512","targetHints":{"allow":["GET"]}}],"collection":[{"href":"https:\/\/pagis.npu.cz\/wordpress\/wp-json\/wp\/v2\/pages"}],"about":[{"href":"https:\/\/pagis.npu.cz\/wordpress\/wp-json\/wp\/v2\/types\/page"}],"author":[{"embeddable":true,"href":"https:\/\/pagis.npu.cz\/wordpress\/wp-json\/wp\/v2\/users\/3"}],"replies":[{"embeddable":true,"href":"https:\/\/pagis.npu.cz\/wordpress\/wp-json\/wp\/v2\/comments?post=4512"}],"version-history":[{"count":0,"href":"https:\/\/pagis.npu.cz\/wordpress\/wp-json\/wp\/v2\/pages\/4512\/revisions"}],"wp:attachment":[{"href":"https:\/\/pagis.npu.cz\/wordpress\/wp-json\/wp\/v2\/media?parent=4512"}],"curies":[{"name":"wp","href":"https:\/\/api.w.org\/{rel}","templated":true}]}}