{"id":4455,"date":"2022-05-24T14:37:40","date_gmt":"2022-05-24T12:37:40","guid":{"rendered":"https:\/\/pagis.npu.cz\/?page_id=4455"},"modified":"2022-05-24T14:37:40","modified_gmt":"2022-05-24T12:37:40","slug":"zatec-2022","status":"publish","type":"page","link":"https:\/\/pagis.npu.cz\/wordpress\/zatec-2022\/","title":{"rendered":"\u017datec 2022"},"content":{"rendered":"<link rel='stylesheet' id='formidable-css' href='https:\/\/pagis.npu.cz\/wordpress\/wp-content\/plugins\/formidable\/css\/formidableforms.css?ver=3121054' media='all' \/>\n<div class=\"frm_forms  with_frm_style frm_style_formidable-style\" id=\"frm_form_19_container\" data-token=\"509ff4261f8f7ea07411e6ba3feabaa1\">\n<form enctype=\"multipart\/form-data\" method=\"post\" class=\"frm-show-form \" id=\"form_541vp229452707e40600d2841692\" data-token=\"509ff4261f8f7ea07411e6ba3feabaa1\">\n<div class=\"frm_form_fields \">\n<fieldset>\n<legend class=\"frm_hidden\">Zatec 2022<\/legend>\r\n\r\n<div class=\"frm_fields_container\">\n<input type=\"hidden\" name=\"frm_action\" value=\"create\" \/>\n<input type=\"hidden\" name=\"form_id\" value=\"19\" \/>\n<input type=\"hidden\" name=\"frm_hide_fields_19\" id=\"frm_hide_fields_19\" value=\"\" \/>\n<input type=\"hidden\" name=\"form_key\" value=\"541vp229452707e40600d2841692\" \/>\n<input type=\"hidden\" name=\"item_meta[0]\" value=\"\" \/>\n<input type=\"hidden\" id=\"frm_submit_entry_19\" name=\"frm_submit_entry_19\" value=\"85389b70be\" \/><input type=\"hidden\" name=\"_wp_http_referer\" value=\"\/wordpress\/wp-json\/wp\/v2\/pages\/4455\" \/><div id=\"frm_field_144_container\" class=\"frm_form_field form-field  frm_required_field frm_top_container frm_first frm_half\">\r\n    <label for=\"field_2g8h300857e6a3541f9555ed72\" class=\"frm_primary_label\">P\u0159\u00edjmen\u00ed\r\n        <span class=\"frm_required\">*<\/span>\r\n    <\/label>\r\n    <input type=\"text\" id=\"field_2g8h300857e6a3541f9555ed72\" name=\"item_meta[144]\" value=\"\"  data-reqmsg=\"Toto pole nem\u016f\u017ee b\u00fdt pr\u00e1zdn\u00e9.\" aria-required=\"true\" data-invmsg=\"P\u0159\u00edjmen\u00ed is invalid\" aria-invalid=\"false\"  \/>\r\n    \r\n    \r\n<\/div>\n<div id=\"frm_field_145_container\" class=\"frm_form_field form-field  frm_required_field frm_top_container frm_third\">\r\n    <label for=\"field_5fbyt32d7a7eda402ec0a2c2112\" class=\"frm_primary_label\">Jm\u00e9no\r\n        <span class=\"frm_required\">*<\/span>\r\n    <\/label>\r\n    <input type=\"text\" id=\"field_5fbyt32d7a7eda402ec0a2c2112\" name=\"item_meta[145]\" value=\"\"  maxlength=\"25\" data-reqmsg=\"Toto pole nem\u016f\u017ee b\u00fdt pr\u00e1zdn\u00e9.\" aria-required=\"true\" data-invmsg=\"Jm\u00e9no is invalid\" aria-invalid=\"false\"  \/>\r\n    \r\n    \r\n<\/div>\n<div id=\"frm_field_146_container\" class=\"frm_form_field form-field  frm_required_field frm_top_container frm_first frm_half\">\r\n    <label for=\"field_q6es43f21bb555661eccc5b8292\" class=\"frm_primary_label\">Email\r\n        <span class=\"frm_required\">*<\/span>\r\n    <\/label>\r\n    <input type=\"email\" id=\"field_q6es43f21bb555661eccc5b8292\" name=\"item_meta[146]\" value=\"\"  data-reqmsg=\"Toto pole nem\u016f\u017ee b\u00fdt pr\u00e1zdn\u00e9.\" aria-required=\"true\" data-invmsg=\"Email is invalid\" aria-invalid=\"false\"  \/>\r\n    \r\n    \r\n<\/div>\n<div id=\"frm_field_147_container\" class=\"frm_form_field form-field  frm_required_field frm_top_container vertical_radio\">\r\n    <label  class=\"frm_primary_label\">P\u0159ihla\u0161uji se na tyto dny programu:\r\n        <span class=\"frm_required\">*<\/span>\r\n    <\/label>\r\n    <div class=\"frm_opt_container\">\t\t<div class=\"frm_checkbox\" id=\"frm_checkbox_147-0\">\t\t\t<label  for=\"field_lanfq3bf0c1484ab1d0218f65c2-0\">\n\t\t\t<input type=\"checkbox\" name=\"item_meta[147][]\" id=\"field_lanfq3bf0c1484ab1d0218f65c2-0\" value=\"21.9.2022\"  data-reqmsg=\"Toto pole nem\u016f\u017ee b\u00fdt pr\u00e1zdn\u00e9.\" data-invmsg=\"P\u0159ihla\u0161uji se na tyto dny programu: is invalid\"   aria-required=\"true\"  \/> 21.9.2022<\/label><\/div>\n\t\t<div class=\"frm_checkbox\" id=\"frm_checkbox_147-1\">\t\t\t<label  for=\"field_lanfq3bf0c1484ab1d0218f65c2-1\">\n\t\t\t<input type=\"checkbox\" name=\"item_meta[147][]\" id=\"field_lanfq3bf0c1484ab1d0218f65c2-1\" value=\"22.9.2022\"  data-reqmsg=\"Toto pole nem\u016f\u017ee b\u00fdt pr\u00e1zdn\u00e9.\" data-invmsg=\"P\u0159ihla\u0161uji se na tyto dny programu: is invalid\"   \/> 22.9.2022<\/label><\/div>\n\t\t<div class=\"frm_checkbox\" id=\"frm_checkbox_147-2\">\t\t\t<label  for=\"field_lanfq3bf0c1484ab1d0218f65c2-2\">\n\t\t\t<input type=\"checkbox\" name=\"item_meta[147][]\" id=\"field_lanfq3bf0c1484ab1d0218f65c2-2\" value=\"23.9.2022\"  data-reqmsg=\"Toto pole nem\u016f\u017ee b\u00fdt pr\u00e1zdn\u00e9.\" data-invmsg=\"P\u0159ihla\u0161uji se na tyto dny programu: is invalid\"   \/> 23.9.2022<\/label><\/div>\n\t\t<div class=\"frm_checkbox\" id=\"frm_checkbox_147-3\">\t\t\t<label  for=\"field_lanfq3bf0c1484ab1d0218f65c2-3\">\n\t\t\t<input type=\"checkbox\" name=\"item_meta[147][]\" id=\"field_lanfq3bf0c1484ab1d0218f65c2-3\" value=\"nez\u00fa\u010dastn\u00edm se\"  data-reqmsg=\"Toto pole nem\u016f\u017ee b\u00fdt pr\u00e1zdn\u00e9.\" data-invmsg=\"P\u0159ihla\u0161uji se na tyto dny programu: is invalid\"   \/> nez\u00fa\u010dastn\u00edm se<\/label><\/div>\n<\/div>\r\n    <div id=\"frm_desc_field_lanfq3bf0c1484ab1d0218f65c2\" class=\"frm_description\">Program:  IISPP (21.9.2022) \/ Katalog a MIS + Codebook (22.9.2022) \/ PaGIS a Geoport\u00e1l (23.9.2022) .<\/div>\r\n    \r\n<\/div>\n<div id=\"frm_field_148_container\" class=\"frm_form_field form-field  frm_top_container vertical_radio\">\r\n    <label  class=\"frm_primary_label\">Chci se z\u00fa\u010dastnit odborn\u00e9 exkurze:\r\n        <span class=\"frm_required\"><\/span>\r\n    <\/label>\r\n    <div class=\"frm_opt_container\">\t\t<div class=\"frm_checkbox\" id=\"frm_checkbox_148-2\">\t\t\t<label  for=\"field_m0wl1ca5992fbdb3a0148e4c02-2\">\n\t\t\t<input type=\"checkbox\" name=\"item_meta[148][]\" id=\"field_m0wl1ca5992fbdb3a0148e4c02-2\" value=\"22.9.2022 v 15:30\"  data-invmsg=\"Chci se z\u00fa\u010dastnit odborn\u00e9 exkurze: is invalid\"   \/> 22.9.2022 v 15:30<\/label><\/div>\n<\/div>\r\n    <div id=\"frm_desc_field_m0wl1ca5992fbdb3a0148e4c02\" class=\"frm_description\">Program a za\u010d\u00e1tek exkurze bude up\u0159esn\u011bn v definitivn\u00edm programu.<\/div>\r\n    \r\n<\/div>\n<div id=\"frm_field_149_container\" class=\"frm_form_field form-field  frm_top_container vertical_radio\">\r\n    <label  class=\"frm_primary_label\">Objedn\u00e1v\u00e1m ubytov\u00e1n\u00ed na:\r\n        <span class=\"frm_required\"><\/span>\r\n    <\/label>\r\n    <div class=\"frm_opt_container\">\t\t<div class=\"frm_checkbox\" id=\"frm_checkbox_149-0\">\t\t\t<label  for=\"field_288q13440f539234eb06c9a3042-0\">\n\t\t\t<input type=\"checkbox\" name=\"item_meta[149][]\" id=\"field_288q13440f539234eb06c9a3042-0\" value=\"21.-22.9.2022\"  data-invmsg=\"Objedn\u00e1v\u00e1m ubytov\u00e1n\u00ed na: is invalid\"   \/> 21.-22.9.2022<\/label><\/div>\n\t\t<div class=\"frm_checkbox\" id=\"frm_checkbox_149-1\">\t\t\t<label  for=\"field_288q13440f539234eb06c9a3042-1\">\n\t\t\t<input type=\"checkbox\" name=\"item_meta[149][]\" id=\"field_288q13440f539234eb06c9a3042-1\" value=\"22.-23.9.2022\"  data-invmsg=\"Objedn\u00e1v\u00e1m ubytov\u00e1n\u00ed na: is invalid\"   \/> 22.-23.9.2022<\/label><\/div>\n<\/div>\r\n    <div id=\"frm_desc_field_288q13440f539234eb06c9a3042\" class=\"frm_description\">Ubytov\u00e1n\u00ed: Hotel \u010cern\u00fd Orel, 2950, Kruhov\u00e9 n\u00e1m\u011bst\u00ed 233, 438 01 \u017datec \r\n- 1\u20132 l\u016f\u017ekov\u00e9 pokoje. Cena 950,- K\u010d\/pokoj\/noc. 500,- K\u010d\/l\u016f\u017eko se sn\u00eddan\u00ed. <\/div>\r\n    \r\n<\/div>\n<div id=\"frm_field_150_container\" class=\"frm_form_field form-field  frm_top_container vertical_radio\">\r\n    <label  class=\"frm_primary_label\">M\u00e1m z\u00e1jem o zaji\u0161t\u011bn\u00ed stravov\u00e1n\u00ed:\r\n        <span class=\"frm_required\"><\/span>\r\n    <\/label>\r\n    <div class=\"frm_opt_container\">\t\t<div class=\"frm_checkbox\" id=\"frm_checkbox_150-2\">\t\t\t<label  for=\"field_w064835890aad9e31ae4e00f592-2\">\n\t\t\t<input type=\"checkbox\" name=\"item_meta[150][]\" id=\"field_w064835890aad9e31ae4e00f592-2\" value=\"21.9.2022 - ve\u010de\u0159e\"  data-invmsg=\"M\u00e1m z\u00e1jem o zaji\u0161t\u011bn\u00ed stravov\u00e1n\u00ed: is invalid\"   \/> 21.9.2022 - ve\u010de\u0159e<\/label><\/div>\n\t\t<div class=\"frm_checkbox\" id=\"frm_checkbox_150-3\">\t\t\t<label  for=\"field_w064835890aad9e31ae4e00f592-3\">\n\t\t\t<input type=\"checkbox\" name=\"item_meta[150][]\" id=\"field_w064835890aad9e31ae4e00f592-3\" value=\"22.9.2022 - ob\u011bd\"  data-invmsg=\"M\u00e1m z\u00e1jem o zaji\u0161t\u011bn\u00ed stravov\u00e1n\u00ed: is invalid\"   \/> 22.9.2022 - ob\u011bd<\/label><\/div>\n\t\t<div class=\"frm_checkbox\" id=\"frm_checkbox_150-4\">\t\t\t<label  for=\"field_w064835890aad9e31ae4e00f592-4\">\n\t\t\t<input type=\"checkbox\" name=\"item_meta[150][]\" id=\"field_w064835890aad9e31ae4e00f592-4\" value=\"22.9.2022 - ve\u010de\u0159e\"  data-invmsg=\"M\u00e1m z\u00e1jem o zaji\u0161t\u011bn\u00ed stravov\u00e1n\u00ed: is invalid\"   \/> 22.9.2022 - ve\u010de\u0159e<\/label><\/div>\n\t\t<div class=\"frm_checkbox\" id=\"frm_checkbox_150-5\">\t\t\t<label  for=\"field_w064835890aad9e31ae4e00f592-5\">\n\t\t\t<input type=\"checkbox\" name=\"item_meta[150][]\" id=\"field_w064835890aad9e31ae4e00f592-5\" value=\"23.9.2022 - ob\u011bd\"  data-invmsg=\"M\u00e1m z\u00e1jem o zaji\u0161t\u011bn\u00ed stravov\u00e1n\u00ed: is invalid\"   \/> 23.9.2022 - ob\u011bd<\/label><\/div>\n<\/div>\r\n    <div id=\"frm_desc_field_w064835890aad9e31ae4e00f592\" class=\"frm_description\">Ob\u011bdy a ve\u010de\u0159e:  Pivovar U Orloje, cena ob\u011bd cca 140.-K\u010d, ve\u010de\u0159e 150,- K\u010d.<\/div>\r\n    \r\n<\/div>\n<div id=\"frm_field_151_container\" class=\"frm_form_field form-field  frm_top_container frm_scroll_box\">\r\n    <label for=\"field_6v94y38b742c9315b5b3a5e4b62\" class=\"frm_primary_label\">Dotazy a n\u00e1m\u011bty do programu:\r\n        <span class=\"frm_required\"><\/span>\r\n    <\/label>\r\n    <textarea name=\"item_meta[151]\" id=\"field_6v94y38b742c9315b5b3a5e4b62\" rows=\"5\"  data-invmsg=\"Dotazy a n\u00e1m\u011bty do programu: is invalid\" aria-invalid=\"false\"   aria-describedby=\"frm_desc_field_6v94y38b742c9315b5b3a5e4b62\"><\/textarea>\r\n    <div id=\"frm_desc_field_6v94y38b742c9315b5b3a5e4b62\" class=\"frm_description\">Pokud chcete p\u0159edat dotaz dodavatel\u016fm jednotliv\u00fdch aplikac\u00ed IISPP nebo m\u00e1te n\u00e1m\u011bty do programu, uve\u010fte je pros\u00edm zde.<\/div>\r\n    \r\n<\/div>\n<div id=\"frm_field_152_container\" class=\"frm_form_field form-field  frm_top_container\">\r\n    <label for=\"g-recaptcha-response\" class=\"frm_primary_label\">reCAPTCHA\r\n        <span class=\"frm_required\"><\/span>\r\n    <\/label>\r\n    <div  id=\"field_8tpzn38979bb062f481fd384dd2\" class=\"g-recaptcha\" data-sitekey=\"6LfGdhgUAAAAAA5hKlRKRakzF3Z5-qzl9m7C2EHh\" data-size=\"normal\" data-theme=\"light\"><\/div>\r\n    <div id=\"frm_desc_field_8tpzn38979bb062f481fd384dd2\" class=\"frm_description\">Pros\u00edm doka\u017ete, \u017ee nejste robot.<\/div>\r\n    \r\n<\/div>\n<div id=\"frm_field_153_container\" class=\"frm_form_field form-field  frm_top_container\">\n    <label for=\"field_tk2s0\" id=\"field_tk2s0_label\" class=\"frm_primary_label\">Email\n        <span class=\"frm_required\" aria-hidden=\"true\"><\/span>\n    <\/label>\n    <input type=\"email\" id=\"field_tk2s0\" name=\"item_meta[153]\" value=\"\"  data-invmsg=\"Email is invalid\" aria-invalid=\"false\"  \/>\n    \n    \n<\/div>\n\t<input type=\"hidden\" name=\"item_key\" value=\"\" \/>\n\t\t\t<div id=\"frm_field_259_container\">\n\t\t\t<label for=\"field_wu3fc\" >\n\t\t\t\tIf you are human, leave this field blank.\t\t\t<\/label>\n\t\t\t<input  id=\"field_wu3fc\" type=\"text\" class=\"frm_form_field form-field frm_verify\" name=\"item_meta[259]\" value=\"\"  \/>\n\t\t<\/div>\n\t\t<input name=\"frm_state\" type=\"hidden\" value=\"nV6MpZOv4Yhz8JhJmfPBXlzMe+Z1en6JMuBID9MXtoA=\" \/><div class=\"frm_submit\">\r\n\r\n<button class=\"frm_button_submit\" type=\"submit\"  >odeslat formul\u00e1\u0159<\/button>\r\n\r\n<\/div><\/div>\n<\/fieldset>\n<\/div>\n\n<\/form>\n<\/div>\n\n","protected":false},"excerpt":{"rendered":"","protected":false},"author":3,"featured_media":0,"parent":0,"menu_order":0,"comment_status":"closed","ping_status":"closed","template":"","meta":{"footnotes":""},"class_list":["post-4455","page","type-page","status-publish","hentry"],"_links":{"self":[{"href":"https:\/\/pagis.npu.cz\/wordpress\/wp-json\/wp\/v2\/pages\/4455","targetHints":{"allow":["GET"]}}],"collection":[{"href":"https:\/\/pagis.npu.cz\/wordpress\/wp-json\/wp\/v2\/pages"}],"about":[{"href":"https:\/\/pagis.npu.cz\/wordpress\/wp-json\/wp\/v2\/types\/page"}],"author":[{"embeddable":true,"href":"https:\/\/pagis.npu.cz\/wordpress\/wp-json\/wp\/v2\/users\/3"}],"replies":[{"embeddable":true,"href":"https:\/\/pagis.npu.cz\/wordpress\/wp-json\/wp\/v2\/comments?post=4455"}],"version-history":[{"count":0,"href":"https:\/\/pagis.npu.cz\/wordpress\/wp-json\/wp\/v2\/pages\/4455\/revisions"}],"wp:attachment":[{"href":"https:\/\/pagis.npu.cz\/wordpress\/wp-json\/wp\/v2\/media?parent=4455"}],"curies":[{"name":"wp","href":"https:\/\/api.w.org\/{rel}","templated":true}]}}