{"id":3740,"date":"2021-03-15T11:32:38","date_gmt":"2021-03-15T10:32:38","guid":{"rendered":"https:\/\/pagis.npu.cz\/?page_id=3740"},"modified":"2021-03-19T11:45:34","modified_gmt":"2021-03-19T10:45:34","slug":"sdilene-dokumenty-pagis","status":"publish","type":"page","link":"https:\/\/pagis.npu.cz\/wordpress\/pro-editory-pagis\/sdilene-dokumenty-pagis\/","title":{"rendered":"Sd\u00edlen\u00e9 dokumenty PaGIS"},"content":{"rendered":"<p>Odkazy na z\u00e1kladn\u00ed slo\u017eky a&nbsp;dokumenty sd\u00edlen\u00e9 na \u00falo\u017ei\u0161ti PaGIS:<\/p>\n<ul>\n<li><a href=\"https:\/\/pagis.npu.cz\/sheet\/d\/f\/608531851396557789\" target=\"_blank\" rel=\"noopener noreferrer\">Struktury centr\u00e1ln\u00ed geodatab\u00e1ze a&nbsp;dal\u0161\u00edch datab\u00e1z\u00ed IISPP<\/a>\n<ul>\n<li><a href=\"https:\/\/pagis.npu.cz\/sheet\/oo\/r\/608531851790822369\" target=\"_blank\" rel=\"noopener noreferrer\">Revize po&nbsp;parcel\u00e1ch<\/a><\/li>\n<\/ul>\n<\/li>\n<li><a href=\"https:\/\/pagis.npu.cz\/sheet\/oo\/r\/609096534197320543\" target=\"_blank\" rel=\"noopener noreferrer\">Pravidla prostorov\u00e9 identifikace v&nbsp;IISPP<\/a><\/li>\n<li><a href=\"https:\/\/pagis.npu.cz\/sheet\/d\/f\/582786815270908757\" target=\"_blank\" rel=\"noopener noreferrer\">Pravidla editace PaGIS<\/a><\/li>\n<li><a href=\"https:\/\/pagis.npu.cz\/sheet\/oo\/r\/608531868565941349\" target=\"_blank\" rel=\"noopener noreferrer\">Mapov\u00e9 projekty PaGIS<\/a><\/li>\n<li><a href=\"https:\/\/pagis.npu.cz\/sheet\/oo\/r\/608531888633588939\" target=\"_blank\" rel=\"noopener noreferrer\">Mapov\u00e9 slu\u017eby, geoport\u00e1ly<\/a><\/li>\n<li><a href=\"https:\/\/pagis.npu.cz\/sheet\/d\/f\/582791108612913216\" target=\"_blank\" rel=\"noopener noreferrer\">Mapov\u00e9 zna\u010dky pro IISPP<\/a><\/li>\n<li><a href=\"https:\/\/pagis.npu.cz\/sheet\/d\/f\/608531808123923219\" target=\"_blank\" rel=\"noopener noreferrer\">Digitalizace KP<\/a>\n<ul>\n<li><a href=\"https:\/\/pagis.npu.cz\/sheet\/d\/f\/609098650024456571\" target=\"_blank\" rel=\"noopener noreferrer\">Krajsk\u00e9 slo\u017eky (archivov\u00e1no z&nbsp;Google Docs)<\/a><\/li>\n<li>Krajsk\u00e9 slo\u017eky aktu\u00e1ln\u00ed &#8211; viz\u00a0<a href=\"https:\/\/pagis.npu.cz\/tabulky-evidence-oddelene-editace-pagis\/\">Tabulky evidence odd\u011blen\u00e9 editace PaGIS<\/a><\/li>\n<li><a href=\"https:\/\/pagis.npu.cz\/sheet\/d\/f\/608531808436398871\" target=\"_blank\" rel=\"noopener noreferrer\">Dokumenty k&nbsp;digitalizaci<\/a>\n<ul>\n<li><a href=\"https:\/\/pagis.npu.cz\/sheet\/oo\/r\/609060581380499461\" target=\"_blank\" rel=\"noopener noreferrer\">Ke sd\u00edlen\u00ed a&nbsp;editaci na Googgle Docs<\/a><\/li>\n<li><a href=\"https:\/\/pagis.npu.cz\/sheet\/oo\/r\/609060578394155009\" target=\"_blank\" rel=\"noopener noreferrer\">Struktury sd\u00edlen\u00fdch tabulek<\/a><\/li>\n<li><a href=\"https:\/\/pagis.npu.cz\/sheet\/oo\/r\/609060593057441801\" target=\"_blank\" rel=\"noopener noreferrer\">Objekt, are\u00e1l \/ soubor objekt\u016f, \u010d\u00e1st objektu v&nbsp;paGIS, MIS a&nbsp;p\u0159ehledu dokument\u016f na Google Docs (s&nbsp;v\u00fdhledem pro Katalog pam\u00e1tek)<\/a><\/li>\n<\/ul>\n<\/li>\n<li><a href=\"https:\/\/pagis.npu.cz\/sheet\/d\/f\/608531808583199515\" target=\"_blank\" rel=\"noopener noreferrer\">Vzorov\u00e9 tabulky<\/a><\/li>\n<li><a href=\"https:\/\/pagis.npu.cz\/sheet\/d\/f\/608531808300083989\" target=\"_blank\" rel=\"noopener noreferrer\">Vzorov\u00e9 mapov\u00e9 projekty<\/a><\/li>\n<\/ul>\n<\/li>\n<\/ul>\n<h4 id=\"\">Dokumenty ze setk\u00e1n\u00ed editor\u016f paGIS a&nbsp;spr\u00e1vc\u016f MIS<\/h4>\n<p>viz\u00a0<a href=\"https:\/\/pagis.npu.cz\/setkani-editoru-pagis-a-spravcu-mis\/\">Setk\u00e1n\u00ed editor\u016f paGIS a&nbsp;spr\u00e1vc\u016f MIS<\/a><\/p>\n<h4 id=\"dokumenty-pdf\">Dokumenty PDF<\/h4>\n<ul>\n<li><a href=\"https:\/\/pagis.npu.cz\/sheet\/oo\/r\/609056378278950657\" target=\"_blank\" rel=\"noopener noreferrer\">Dokumenty PDF (nejen)\u00a0 v&nbsp;MIS<\/a><\/li>\n<li><a href=\"https:\/\/pagis.npu.cz\/sheet\/oo\/r\/609056681141254086\" target=\"_blank\" rel=\"noopener noreferrer\">Vytv\u00e1\u0159en\u00ed nov\u00fdch dokument\u016f PDF<\/a><\/li>\n<\/ul>\n<h4 id=\"ku-v\u011bd\u011b-v\u00fdkumu-a-v\u00fdvoji:\">Ku v\u011bd\u011b, v\u00fdkumu a&nbsp;v\u00fdvoji:<\/h4>\n<ul>\n<li><a href=\"https:\/\/pagis.npu.cz\/sheet\/oo\/r\/609057264759781539\" target=\"_blank\" rel=\"noopener noreferrer\">K mo\u017enostem zpracov\u00e1n\u00ed specializovan\u00fdch map v&nbsp;r\u00e1mci Integrovan\u00e9ho informa\u010dn\u00edho syst\u00e9mu pam\u00e1tkov\u00e9 p\u00e9\u010de (d\u00e1le jen IISPP)<\/a><\/li>\n<li><a href=\"https:\/\/pagis.npu.cz\/sheet\/oo\/r\/609057496266488138\" target=\"_blank\" rel=\"noopener noreferrer\">K ukl\u00e1d\u00e1n\u00ed v\u00fdstup\u016f v+v do MIS<\/a><\/li>\n<li><a href=\"https:\/\/pagis.npu.cz\/sheet\/d\/f\/609058997072345975\" target=\"_blank\" rel=\"noopener noreferrer\">Pracovn\u00ed ilustrovan\u00fd n\u00e1vod prostorov\u00e9 identifikace a&nbsp;vazeb na dokumentaci MIS v&nbsp;pam\u00e1tkov\u00e9m Katalogu<\/a><\/li>\n<\/ul>\n","protected":false},"excerpt":{"rendered":"<p>Odkazy na z\u00e1kladn\u00ed slo\u017eky a&nbsp;dokumenty sd\u00edlen\u00e9 na \u00falo\u017ei\u0161ti PaGIS: Struktury centr\u00e1ln\u00ed geodatab\u00e1ze a&nbsp;dal\u0161\u00edch datab\u00e1z\u00ed IISPP Revize po&nbsp;parcel\u00e1ch Pravidla prostorov\u00e9 identifikace v&nbsp;IISPP Pravidla editace PaGIS Mapov\u00e9 projekty PaGIS Mapov\u00e9 slu\u017eby, geoport\u00e1ly &hellip; <a href=\"https:\/\/pagis.npu.cz\/wordpress\/pro-editory-pagis\/sdilene-dokumenty-pagis\/\" class=\"more-link\">Pokra\u010dovat ve \u010dten\u00ed<span class=\"screen-reader-text\"> &#8222;Sd\u00edlen\u00e9 dokumenty PaGIS&#8220;<\/span><\/a><\/p>\n","protected":false},"author":50,"featured_media":0,"parent":355,"menu_order":0,"comment_status":"closed","ping_status":"closed","template":"","meta":{"footnotes":""},"class_list":["post-3740","page","type-page","status-publish","hentry"],"_links":{"self":[{"href":"https:\/\/pagis.npu.cz\/wordpress\/wp-json\/wp\/v2\/pages\/3740","targetHints":{"allow":["GET"]}}],"collection":[{"href":"https:\/\/pagis.npu.cz\/wordpress\/wp-json\/wp\/v2\/pages"}],"about":[{"href":"https:\/\/pagis.npu.cz\/wordpress\/wp-json\/wp\/v2\/types\/page"}],"author":[{"embeddable":true,"href":"https:\/\/pagis.npu.cz\/wordpress\/wp-json\/wp\/v2\/users\/50"}],"replies":[{"embeddable":true,"href":"https:\/\/pagis.npu.cz\/wordpress\/wp-json\/wp\/v2\/comments?post=3740"}],"version-history":[{"count":0,"href":"https:\/\/pagis.npu.cz\/wordpress\/wp-json\/wp\/v2\/pages\/3740\/revisions"}],"up":[{"embeddable":true,"href":"https:\/\/pagis.npu.cz\/wordpress\/wp-json\/wp\/v2\/pages\/355"}],"wp:attachment":[{"href":"https:\/\/pagis.npu.cz\/wordpress\/wp-json\/wp\/v2\/media?parent=3740"}],"curies":[{"name":"wp","href":"https:\/\/api.w.org\/{rel}","templated":true}]}}