{"id":374,"date":"2016-08-11T21:17:35","date_gmt":"2016-08-11T19:17:35","guid":{"rendered":"https:\/\/194.213.42.102\/wordpress\/?page_id=374"},"modified":"2020-08-30T10:46:11","modified_gmt":"2020-08-30T08:46:11","slug":"mapove-zdroje-a-sluzby","status":"publish","type":"page","link":"https:\/\/pagis.npu.cz\/wordpress\/mapove-zdroje-a-sluzby\/","title":{"rendered":"Mapov\u00e9 zdroje a&nbsp;slu\u017eby"},"content":{"rendered":"<ul>\n<li><a href=\"http:\/\/www.chartae-antiquae.cz\/cs\" target=\"_blank\" rel=\"nofollow noopener noreferrer\" data-blogger-escaped-target=\"_blank\">Virtu\u00e1ln\u00ed mapov\u00e1 sb\u00edrka<\/a> projektu NAKI Kartografick\u00e9 zdroje jako kulturn\u00ed d\u011bdictv\u00ed, port\u00e1l v\u011bnovan\u00fd star\u00fdm kartografick\u00fdm produkt\u016fm, v\u010detn\u011b <a href=\"http:\/\/www.chartae-antiquae.cz\/cs\/mapcomparer\/\" target=\"_blank\" rel=\"nofollow noopener noreferrer\" data-blogger-escaped-target=\"_blank\">n\u00e1stroje pro porovn\u00e1v\u00e1n\u00ed map<\/a> a&nbsp;pozoruhodn\u00e9ho vyhled\u00e1v\u00e1n\u00ed zna\u010dek v&nbsp;mapov\u00e9m d\u00edle na p\u0159\u00edkladu <a href=\"http:\/\/www.chartae-antiquae.cz\/cs\/mapsymbols\/\" rel=\"nofollow\" data-blogger-escaped-target=\"_blank\">III. vojensk\u00e9ho mapov\u00e1n\u00ed<\/a><\/li>\n<li><a href=\"http:\/\/www.oldmapsonline.org\/\" target=\"_blank\" rel=\"nofollow noopener noreferrer\" data-blogger-escaped-target=\"_blank\">Old maps online<\/a>,\u00a0 podobn\u00fd projekt, ale s&nbsp;celosv\u011btov\u00fdm obsahem<\/li>\n<li><a href=\"http:\/\/towns.hiu.cas.cz\/\" target=\"_blank\" rel=\"nofollow noopener noreferrer\" data-blogger-escaped-target=\"_blank\">Mapov\u00fd port\u00e1l<\/a> historick\u00e9ho atlasu m\u011bst \u010cR<\/li>\n<li>Mollova mapov\u00e1 sb\u00edrka, <a href=\"http:\/\/mapy.mzk.cz\/\" target=\"_blank\" rel=\"nofollow noopener noreferrer\" data-blogger-escaped-target=\"_blank\">mapov\u00fd port\u00e1l Moravsk\u00e9 zemsk\u00e9 knihovny<\/a><\/li>\n<li><a href=\"https:\/\/www.natur.cuni.cz\/geografie\/mapova-sbirka\/\" target=\"_blank\" rel=\"nofollow noopener noreferrer\" data-blogger-escaped-target=\"_blank\">Mapov\u00e1 sb\u00edrka<\/a> p\u0159\u00edrodov\u011bdeck\u00e9 fakulty Univerzity Karlovy<\/li>\n<li><a href=\"http:\/\/oldmaps.geolab.cz\/\" target=\"_blank\" rel=\"nofollow noopener noreferrer\" data-blogger-escaped-target=\"_blank\">Server Mosteck\u00e9 laborato\u0159e geoinformatiky<\/a> Univerzity J.E.Purkyn\u011b, prvn\u00ed a\u017e t\u0159et\u00ed voj. mapov\u00e1n\u00ed,\u00a0 + stabiln\u00ed katastry kdysi skenovan\u00e9 ve spole\u010dn\u00e9m projektu s&nbsp;NP\u00da<\/li>\n<li><a href=\"http:\/\/archivnimapy.cuzk.cz\/\" target=\"_blank\" rel=\"nofollow noopener noreferrer\" data-blogger-escaped-target=\"_blank\">\u00dast\u0159edn\u00ed archiv zem\u011bm\u011b\u0159ictv\u00ed a&nbsp;katastru<\/a>, stabiln\u00ed katastr, 3. VM, topo mapy 50.&nbsp;l\u00e9ta, st\u00e1tn\u00ed mapy odvozen\u00e9 a&nbsp;mapy evidence nemovitost\u00ed, nereferencovan\u00e9, nicm\u00e9n\u011b v&nbsp;listokladu &#8211; provoz t\u00e9to aplikace bude dne 3.&nbsp;listopadu 2020 ukon\u010den a&nbsp;nahrazen novou mapovou apliakac\u00ed <a href=\"https:\/\/ags.cuzk.cz\/archiv\/\" target=\"_blank\" rel=\"noopener noreferrer\">Archiv<\/a>.<\/li>\n<li><a href=\"http:\/\/www.geoportalpraha.cz\/cs\/opendata\" target=\"_blank\" rel=\"nofollow noopener noreferrer\" data-blogger-escaped-target=\"_blank\">Geoport\u00e1l hlavn\u00edho M\u011bsta Prahy<\/a>, publikuj\u00edc\u00ed \u0159adu vrstev jako tzv.&nbsp;opendata, nap\u0159.&nbsp;klady list\u016f, orotfota, digit\u00e1ln\u00ed mapu, v\u00fd\u0161kov\u00e9 modely atp.<\/li>\n<li><a href=\"http:\/\/mapire.eu\/en\/\" target=\"_blank\" rel=\"nofollow noopener noreferrer\" data-blogger-escaped-target=\"_blank\">Historick\u00e9 mapy Habsbursk\u00e9 monarchie<\/a>, aneb prvn\u00ed a\u017e t\u0159et\u00ed vojensk\u00e9 mapov\u00e1n\u00ed, ale i&nbsp;Holandsko 18.&nbsp;stolet\u00ed a&nbsp;Uhersk\u00e9 kr\u00e1lovstv\u00ed posledn\u00ed \u010dtvrti 19.&nbsp;stolet\u00ed<\/li>\n<\/ul>\n<p>Aktualizov\u00e1no: <span class=\"last-modified-timestamp\">30\/08\/2020 10:46<\/span><\/p>\n","protected":false},"excerpt":{"rendered":"<p>Virtu\u00e1ln\u00ed mapov\u00e1 sb\u00edrka projektu NAKI Kartografick\u00e9 zdroje jako kulturn\u00ed d\u011bdictv\u00ed, port\u00e1l v\u011bnovan\u00fd star\u00fdm kartografick\u00fdm produkt\u016fm, v\u010detn\u011b n\u00e1stroje pro porovn\u00e1v\u00e1n\u00ed map a&nbsp;pozoruhodn\u00e9ho vyhled\u00e1v\u00e1n\u00ed zna\u010dek v&nbsp;mapov\u00e9m d\u00edle na p\u0159\u00edkladu III. vojensk\u00e9ho mapov\u00e1n\u00ed &hellip; <a href=\"https:\/\/pagis.npu.cz\/wordpress\/mapove-zdroje-a-sluzby\/\" class=\"more-link\">Pokra\u010dovat ve \u010dten\u00ed<span class=\"screen-reader-text\"> &#8222;Mapov\u00e9 zdroje a&nbsp;slu\u017eby&#8220;<\/span><\/a><\/p>\n","protected":false},"author":3,"featured_media":0,"parent":0,"menu_order":0,"comment_status":"closed","ping_status":"closed","template":"","meta":{"footnotes":""},"class_list":["post-374","page","type-page","status-publish","hentry"],"_links":{"self":[{"href":"https:\/\/pagis.npu.cz\/wordpress\/wp-json\/wp\/v2\/pages\/374","targetHints":{"allow":["GET"]}}],"collection":[{"href":"https:\/\/pagis.npu.cz\/wordpress\/wp-json\/wp\/v2\/pages"}],"about":[{"href":"https:\/\/pagis.npu.cz\/wordpress\/wp-json\/wp\/v2\/types\/page"}],"author":[{"embeddable":true,"href":"https:\/\/pagis.npu.cz\/wordpress\/wp-json\/wp\/v2\/users\/3"}],"replies":[{"embeddable":true,"href":"https:\/\/pagis.npu.cz\/wordpress\/wp-json\/wp\/v2\/comments?post=374"}],"version-history":[{"count":0,"href":"https:\/\/pagis.npu.cz\/wordpress\/wp-json\/wp\/v2\/pages\/374\/revisions"}],"wp:attachment":[{"href":"https:\/\/pagis.npu.cz\/wordpress\/wp-json\/wp\/v2\/media?parent=374"}],"curies":[{"name":"wp","href":"https:\/\/api.w.org\/{rel}","templated":true}]}}