{"id":372,"date":"2016-08-11T21:16:38","date_gmt":"2016-08-11T19:16:38","guid":{"rendered":"https:\/\/194.213.42.102\/wordpress\/?page_id=372"},"modified":"2016-08-11T21:16:38","modified_gmt":"2016-08-11T19:16:38","slug":"zakladni-statni-rejstriky","status":"publish","type":"page","link":"https:\/\/pagis.npu.cz\/wordpress\/zakladni-statni-rejstriky\/","title":{"rendered":"Z\u00e1kladn\u00ed st\u00e1tn\u00ed rejst\u0159\u00edky"},"content":{"rendered":"<ul>\n<li><a href=\"http:\/\/vdp.cuzk.cz\/\" rel=\"nofollow\" data-blogger-escaped-target=\"_blank\">Registr \u00fazemn\u00ed identifikace, adres a&nbsp;nemovitost\u00ed<\/a> \u0159e\u010den\u00fd R\u00daIAN, referen\u010dn\u00ed zdroj informac\u00ed o&nbsp;vlastnick\u00fdch vztaz\u00edch<\/li>\n<li><a href=\"http:\/\/www.czso.cz\/csu\/rso.nsf\/i\/ekatalog_gp\" rel=\"nofollow\" data-blogger-escaped-target=\"_blank\">Registr s\u010d\u00edtac\u00edch obvod\u016f<\/a> \u010cesk\u00e9ho \u00fa\u0159adu statistick\u00e9ho, spr\u00e1vce mj.&nbsp;s\u010d\u00edtac\u00edch obvod\u016f a&nbsp;z\u00e1kladn\u00edch s\u00eddeln\u00edch jednotek<\/li>\n<\/ul>\n","protected":false},"excerpt":{"rendered":"<p>Registr \u00fazemn\u00ed identifikace, adres a&nbsp;nemovitost\u00ed \u0159e\u010den\u00fd R\u00daIAN, referen\u010dn\u00ed zdroj informac\u00ed o&nbsp;vlastnick\u00fdch vztaz\u00edch Registr s\u010d\u00edtac\u00edch obvod\u016f \u010cesk\u00e9ho \u00fa\u0159adu statistick\u00e9ho, spr\u00e1vce mj.&nbsp;s\u010d\u00edtac\u00edch obvod\u016f a&nbsp;z\u00e1kladn\u00edch s\u00eddeln\u00edch jednotek<\/p>\n","protected":false},"author":3,"featured_media":0,"parent":0,"menu_order":0,"comment_status":"closed","ping_status":"closed","template":"","meta":{"footnotes":""},"class_list":["post-372","page","type-page","status-publish","hentry"],"_links":{"self":[{"href":"https:\/\/pagis.npu.cz\/wordpress\/wp-json\/wp\/v2\/pages\/372","targetHints":{"allow":["GET"]}}],"collection":[{"href":"https:\/\/pagis.npu.cz\/wordpress\/wp-json\/wp\/v2\/pages"}],"about":[{"href":"https:\/\/pagis.npu.cz\/wordpress\/wp-json\/wp\/v2\/types\/page"}],"author":[{"embeddable":true,"href":"https:\/\/pagis.npu.cz\/wordpress\/wp-json\/wp\/v2\/users\/3"}],"replies":[{"embeddable":true,"href":"https:\/\/pagis.npu.cz\/wordpress\/wp-json\/wp\/v2\/comments?post=372"}],"version-history":[{"count":0,"href":"https:\/\/pagis.npu.cz\/wordpress\/wp-json\/wp\/v2\/pages\/372\/revisions"}],"wp:attachment":[{"href":"https:\/\/pagis.npu.cz\/wordpress\/wp-json\/wp\/v2\/media?parent=372"}],"curies":[{"name":"wp","href":"https:\/\/api.w.org\/{rel}","templated":true}]}}