{"id":369,"date":"2016-08-11T21:13:48","date_gmt":"2016-08-11T19:13:48","guid":{"rendered":"https:\/\/194.213.42.102\/wordpress\/?page_id=369"},"modified":"2018-01-15T07:58:07","modified_gmt":"2018-01-15T06:58:07","slug":"normy-standardy-autority","status":"publish","type":"page","link":"https:\/\/pagis.npu.cz\/wordpress\/normy-standardy-autority\/","title":{"rendered":"Normy, standardy, autority"},"content":{"rendered":"<ul>\n<li>\u010cSN 01&nbsp;0172 ISO 5964. Pokyny pro vypracov\u00e1n\u00ed a&nbsp;rozv\u00edjen\u00ed v\u00edcejazy\u010dn\u00fdch tezaur\u016f. 1991. Praha: Vydavatelstv\u00ed norem.<\/li>\n<li>\u010cSN 01&nbsp;0193 Dokumentace. Pokyny pro vypracov\u00e1n\u00ed a&nbsp;rozv\u00edjen\u00ed jednojazy\u010dn\u00fdch tezaur\u016f. 1995. Praha: \u010cesk\u00fd normaliza\u010dn\u00ed institut.<\/li>\n<li>\u010cSN EN 15898. Ochrana kulturn\u00edho d\u011bdictv\u00ed \u2013 Z\u00e1kladn\u00ed obecn\u00e9 term\u00edny a&nbsp;definice. 2012. Praha: \u00da\u0159ad pro technickou normalizaci, metrologii a&nbsp;st\u00e1tn\u00ed zku\u0161ebnictv\u00ed.<\/li>\n<\/ul>\n<ul>\n<li><b>CARARE<\/b> metadatov\u00e9 schema, dostupn\u00e9 na<a href=\"http:\/\/www.carare.eu\/rum\/Resources\/CARARE-Documentation\/CARARE-metadata-schema\" target=\"_blank\" rel=\"noopener\"> http:\/\/www.carare.eu\/rum\/Resources\/CARARE-Documentation\/CARARE-metadata-schema<\/a><\/li>\n<li><b>Core Data Index to Historic Buildings and Monuments of the Architectural Heritage<\/b>, dostupn\u00fd na <a href=\"http:\/\/archives.icom.museum\/object-id\/heritage\/core.html\">http:\/\/archives.icom.museum\/object-id\/heritage\/core.html<\/a>.<\/li>\n<li>International <b>Core Data Standard for Archaeological Sites and Monuments<\/b> dostupn\u00fd na <a href=\"http:\/\/archives.icom.museum\/object-id\/heritage\/int.html\">http:\/\/archives.icom.museum\/object-id\/heritage\/int.html<\/a>.<\/li>\n<li><b>HEREIN<\/b> Thesaurus je dostupn\u00fd na <a href=\"http:\/\/www.herein-system.eu\/herein-thesaurus\" target=\"_blank\" rel=\"noopener\">http:\/\/www.herein-system.eu\/herein-thesaurus<\/a>; dal\u0161\u00ed jazykov\u00e9 verze <a href=\"http:\/\/www.herein-system.eu\/thesaurus-presentation\" target=\"_blank\" rel=\"noopener\">zde.<\/a><\/li>\n<li><b>MIDAS<\/b> Heritage dostupn\u00fd na <a href=\"http:\/\/www.english-heritage.org.uk\/publications\/midas-heritage\/\">http:\/\/www.english-heritage.org.uk\/publications\/midas-heritage\/<\/a>.<\/li>\n<\/ul>\n<ul>\n<li><b>GEMET Thesaurus<\/b> dostupn\u00fd na<a href=\"https:\/\/www.eionet.europa.eu\/gemet\/\" target=\"_blank\" rel=\"noopener\"> https:\/\/www.eionet.europa.eu\/gemet\/ <\/a><\/li>\n<li><b>Slovn\u00edk V\u00daGTK<\/b>. Dostupn\u00fd z&nbsp;WWW: &lt;<a href=\"http:\/\/www.vugtk.cz\/slovnik\/index.php\" target=\"_blank\" rel=\"noopener\">http:\/\/www.vugtk.cz\/slovnik\/index.php<\/a>&gt;<\/li>\n<\/ul>\n<p>Aktualizov\u00e1no: <span class=\"last-modified-timestamp\">15\/01\/2018 7:58<\/span><\/p>\n","protected":false},"excerpt":{"rendered":"<p>\u010cSN 01&nbsp;0172 ISO 5964. Pokyny pro vypracov\u00e1n\u00ed a&nbsp;rozv\u00edjen\u00ed v\u00edcejazy\u010dn\u00fdch tezaur\u016f. 1991. Praha: Vydavatelstv\u00ed norem. \u010cSN 01&nbsp;0193 Dokumentace. Pokyny pro vypracov\u00e1n\u00ed a&nbsp;rozv\u00edjen\u00ed jednojazy\u010dn\u00fdch tezaur\u016f. 1995. Praha: \u010cesk\u00fd normaliza\u010dn\u00ed institut. \u010cSN EN &hellip; <a href=\"https:\/\/pagis.npu.cz\/wordpress\/normy-standardy-autority\/\" class=\"more-link\">Pokra\u010dovat ve \u010dten\u00ed<span class=\"screen-reader-text\"> &#8222;Normy, standardy, autority&#8220;<\/span><\/a><\/p>\n","protected":false},"author":3,"featured_media":0,"parent":0,"menu_order":0,"comment_status":"closed","ping_status":"closed","template":"","meta":{"footnotes":""},"class_list":["post-369","page","type-page","status-publish","hentry"],"_links":{"self":[{"href":"https:\/\/pagis.npu.cz\/wordpress\/wp-json\/wp\/v2\/pages\/369","targetHints":{"allow":["GET"]}}],"collection":[{"href":"https:\/\/pagis.npu.cz\/wordpress\/wp-json\/wp\/v2\/pages"}],"about":[{"href":"https:\/\/pagis.npu.cz\/wordpress\/wp-json\/wp\/v2\/types\/page"}],"author":[{"embeddable":true,"href":"https:\/\/pagis.npu.cz\/wordpress\/wp-json\/wp\/v2\/users\/3"}],"replies":[{"embeddable":true,"href":"https:\/\/pagis.npu.cz\/wordpress\/wp-json\/wp\/v2\/comments?post=369"}],"version-history":[{"count":0,"href":"https:\/\/pagis.npu.cz\/wordpress\/wp-json\/wp\/v2\/pages\/369\/revisions"}],"wp:attachment":[{"href":"https:\/\/pagis.npu.cz\/wordpress\/wp-json\/wp\/v2\/media?parent=369"}],"curies":[{"name":"wp","href":"https:\/\/api.w.org\/{rel}","templated":true}]}}