{"id":367,"date":"2016-08-11T21:12:50","date_gmt":"2016-08-11T19:12:50","guid":{"rendered":"https:\/\/194.213.42.102\/wordpress\/?page_id=367"},"modified":"2020-09-17T11:26:29","modified_gmt":"2020-09-17T09:26:29","slug":"literatura-a-prameny","status":"publish","type":"page","link":"https:\/\/pagis.npu.cz\/wordpress\/literatura-a-prameny\/","title":{"rendered":"Literatura a&nbsp;prameny"},"content":{"rendered":"<div class=\"entry-content\">\n<ul>\n<li>BLA\u017dKOV\u00c1, Irena. Evropsk\u00fd projekt CARARE a&nbsp;informa\u010dn\u00ed syst\u00e9my pam\u00e1tkov\u00e9ho \u00fastavu. Bla\u017ekov\u00e1, Irena. Zpr\u00e1vy pam\u00e1tkov\u00e9 p\u00e9\u010de. 2012, ro\u010d. 72, \u010d.&nbsp;3, s. 206-208.<\/li>\n<li>BLA\u017dKOV\u00c1, Irena: Pam\u00e1tkov\u00e9 informa\u010dn\u00ed syst\u00e9my na rozcest\u00ed (Co dnes najdeme v&nbsp;pam\u00e1tkov\u00fdch informa\u010dn\u00edch syst\u00e9mech?); Zpr\u00e1vy pam\u00e1tkov\u00e9 p\u00e9\u010de, sv 74, 5, s. 403-406.<\/li>\n<li>BREWER C. <i>Designing better Maps : A&nbsp;Guide for GIS Users<\/i>. Redlands, California : ESRI Press, 2005.&nbsp;203 s. ISBN 978-1-58948-089-6.<\/li>\n<li>CARLISLE, Phil. Thesaurus Guidamce Manual. 2011. Dokument projektu HEREIN dostupn\u00fd na <a href=\"http:\/\/www.herein-system.eu\/\">http:\/\/www.herein-system.eu<\/a>.<\/li>\n<li>FERN\u00c1NDEZ FREIRE C. et al. Cultural Heritage Application Schema: a&nbsp;SDI framework within the Protected Sites INSPIRE Spatial Data Theme. 2012. Dostupn\u00e9 na <a href=\"https:\/\/www.blogger.com\/FERN%C3%81NDEZ%20FREIRE%20C.%20et%20al.%20Cultural%20Heritage%20Application%20Schema:%20a%20SDI%20framework%20within%20the%20Protected%20Sites%20INSPIRE%20Spatial%20Data%20Theme.%202012.%20Dostupn%C3%A9%20na%20http:\/\/www.academia.edu\/1983428\/Cultural_Heritage_Application_Schema_a_SDI_framework_within_the_Protected_Sites_INSPIRE_Spatial_Data_Theme.\" data-blogger-escaped-target=\"_blank\">http:\/\/www.academia.edu\/1983428\/Cultural_Heritage_Application_Schema_a_SDI_framework_within_the_Protected_Sites_INSPIRE_Spatial_Data_Theme. <\/a><\/li>\n<li>HAUSEROV\u00c1, Milena, POL\u00c1KOV\u00c1, JItka. Pom\u016fcka pro pou\u017e\u00edv\u00e1n\u00ed z\u00e1kladn\u00edch historick\u00fdch map pro studenty FA&nbsp;\u010cVUT, \u00dastav pam\u00e1tkov\u00e9 p\u00e9\u010de FA&nbsp;\u010cVUT, Praha 2005, dostupn\u00e9 na\u00a0 <a href=\"http:\/\/www.pamatky-facvut.cz\/download\/dokumenty\/pomucka.pdf\" data-blogger-escaped-target=\"_blank\"><i>http:\/\/www.pamatky-facvut.cz\/download\/dokumenty\/pomucka.pdf<\/i><\/a><\/li>\n<li>KU\u010cA, Karel: CZ-RETRO, retrospektivn\u00ed mapov\u00fd projekt historick\u00e9 s\u00eddeln\u00ed struktury \u010cesk\u00e9 republiky, Sborn\u00edk abstrakt\u016f p\u0159\u00edsp\u011bvk\u016f ze semin\u00e1\u0159e Geomatika v&nbsp;projektech 2010, St\u00e1tn\u00ed z\u00e1mek Kozel 30.9.2010, Tribun EU, Z\u00e1pado\u010desk\u00e1 universita v&nbsp;Plzni, Plze\u0148 2010, s. 46-51<\/li>\n<li>KU\u010cA, Karel, MLEZIVA, \u0160t\u011bp\u00e1n, Historick\u00fd lexikon m\u011bstys\u016f a&nbsp;m\u011bst, Praha 2006, ISBN 80-7340-092-8.<\/li>\n<li>KU\u010cA, Karel: V\u00fdznam Datab\u00e1ze s\u00eddeln\u00edch lokalit \u010cech, Moravy a&nbsp;Slezska CZ_RETRO pro projekt INTERPI. <i>Text dostupn\u00fd<\/i> <a href=\"http:\/\/autority.nkp.cz\/interpi\/zpravy-o-reseni-vyzkumneho-zameru-interpi\/analyzy-studie-2011\/karel-kuca-vyznam-databaze-sidelnich-lokalit-cech-moravy-a-slezska-cz_retro-pro-projekt-interpi\" data-blogger-escaped-target=\"_blank\"><i>zde<\/i><\/a><\/li>\n<li>RINAUDO, Fulvio; BILGIN, Guliz: Generic GIS Template for the Management of Heritage Objects, A&nbsp;practical guide to GIS implementation, RECORDIM \/ CIPA, Torino &#8211; Ankara 2007 <a href=\"http:\/\/cipa.icomos.org\/fileadmin\/template\/doc\/RECORDIM\/RECORDIM_TG9_DRAFT_01.pdf\" data-blogger-escaped-target=\"_blank\">PDF<\/a><\/li>\n<li>SYROV\u00c1, Zuzana; SYROV\u00dd, Ji\u0159\u00ed: GIS pro SHP: Jedno\u00fa\u010delov\u00e1 po\u010d\u00edta\u010dov\u011b zpracovan\u00e1 dokumentace versus objektov\u011b orientovan\u00fd GIS | GIS f\u00fcr bauhistorische Untersuchungen. Die einem einzigen Zweck dienende computerbearbeitete Dokumentation versus objektorientiertes GIS. Svorn\u00edk, 4\/2006. ISBN 80-86562-07-7 |\u00a0 ISSN 1802-8128. <a href=\"http:\/\/sy-sy.synology.me\/PDFs\/Svornik\/04-2006-035-044_.pdf#pagemode=bookmarks&amp;page=1\" data-blogger-escaped-target=\"_blank\">PDF<\/a><\/li>\n<li>SYROV\u00c1, Zuzana; SYROV\u00dd, Ji\u0159\u00ed: \u00a0Stavebn\u011b \u2013 historick\u00fd pr\u016fzkum s\u00eddla a&nbsp;jeho zpracov\u00e1n\u00ed v&nbsp;Geografick\u00e9m informa\u010dn\u00edm syst\u00e9mu; Zpr\u00e1vy pam\u00e1tkov\u00e9 p\u00e9\u010de, sv 70, 2. IISSN 1210-5538. <a href=\"http:\/\/blog.sy-sy.cz\/wp-content\/uploads\/2018\/03\/zpp1002077156_137-140.pdf\" target=\"_blank\" rel=\"noopener noreferrer\">PDF<\/a><\/li>\n<li>SYROV\u00c1, Zuzana; SYROV\u00dd, Ji\u0159\u00ed. GIS as a&nbsp;part of Czech Heritage Integrated Information System. XXIIrd Symposium CIPA, September, 12th-16th, 2011, Prague, Faculty of Civil Engeneering, Czech technical University in Prague; ISBN 978-80-01-04885-6. <a href=\"http:\/\/blog.sy-sy.cz\/wp-content\/uploads\/2018\/03\/cipa117123998.pdf\" target=\"_blank\" rel=\"noopener noreferrer\">PDF<\/a>\u00a0\u00a6 <a href=\"http:\/\/sy-sy.synology.me\/PDFs\/poster_201112_black52#pagemode=bookmarks&amp;page=112\" target=\"_blank\" rel=\"noopener noreferrer\">poster<\/a><\/li>\n<li>SYROV\u00c1, Zuzana, SYROV\u00dd, Ji\u0159\u00ed. V\u00fdznam prostorov\u00e9 identifikace pro projekt INTERPI. 2011. Intern\u00ed zpr\u00e1va k&nbsp;projektu INTERPI dostupn\u00e1 na <a href=\"http:\/\/autority.nkp.cz\/interpi\/zpravy-o-reseni-vyzkumnehozameru-interpi\/analyzy-studie-2011\/\" data-blogger-escaped-target=\"_blank\">http:\/\/autority.nkp.cz\/interpi\/zpravy-o-reseni-vyzkumnehozameru-interpi\/analyzy-studie-2011\/<\/a>.<\/li>\n<li>SYROV\u00c1, Zuzana, SYROV\u00dd, Ji\u0159\u00ed. Prostorov\u00e1 identifikace v&nbsp;pam\u00e1tkov\u00e9 p\u00e9\u010di. 2012. Metodika prostorov\u00e9 identifikace pro pot\u0159eby NP\u00da a&nbsp;dal\u0161\u00edch pam\u011b\u0165ov\u00fdch instituc\u00ed dostupn\u00e1 na <a href=\"https:\/\/www.blogger.com\/%2812%29SYROV%C3%81,%20Zuzana,%20SYROV%C3%9D,%20Ji%C5%99%C3%AD.%20Prostorov%C3%A1%20identifikace%20v%20pam%C3%A1tkov%C3%A9%20p%C3%A9%C4%8Di.%202012.%20Metodika%20prostorov%C3%A9%20identifikace%20pro%20pot%C5%99eby%20NP%C3%9A%20a%20dal%C5%A1%C3%ADch%20pam%C4%9B%C5%A5ov%C3%BDch%20instituc%C3%AD%20dostupn%C3%A1%20na%20https:\/\/iispp.npu.cz\/doc_admin\/downloadDocument.htm?docId=64\" data-blogger-escaped-target=\"_blank\">https:\/\/iispp.npu.cz\/doc_admin\/downloadDocument.htm?docId=64. <\/a><\/li>\n<li>SYROV\u00c1, Zuzana, EISMANN, \u0160imon. Geografick\u00e9 informa\u010dn\u00ed syst\u00e9my v\u00a0N\u00e1rodn\u00edm pam\u00e1tkov\u00e9m \u00fastavu. <i>ArcRevue<\/i>. 2013, \u010d.2, s. 10 \u2013 16, dostupn\u00e9 rovn\u011b\u017e na <i><a href=\"http:\/\/download.arcdata.cz\/ArcRevue\/2013\/arcrevue_2_2013#pagemode=bookmarks&amp;page=13\" data-blogger-escaped-target=\"_blank\">http:\/\/download.arcdata.cz\/ArcRevue\/2013\/arcrevue_2_2013.pdf<\/a><\/i><\/li>\n<li>SYROV\u00c1, Zuzana; SYROV\u00dd, Ji\u0159\u00ed: Zpracov\u00e1n\u00ed odborn\u00fdch GIS dat v&nbsp;podrobnostech zam\u011b\u0159en\u00ed jednotliv\u00fdch objekt\u016f 1:200 \u2013 1:25; Zpr\u00e1vy pam\u00e1tkov\u00e9 p\u00e9\u010de, sv 74, 5, s. 407-410. IISSN 1210-5538. <a href=\"http:\/\/sy-sy.synology.me\/PDFs\/ZPP_05_2014_07.pdf#pagemode=bookmarks&amp;page=1\" data-blogger-escaped-data-mce-href=\"http:\/\/sy-sy.synology.me\/PDFs\/ZPP_05_2014_07.pdf#pagemode=bookmarks&amp;page=1\" data-blogger-escaped-target=\"_blank\">PDF<\/a><\/li>\n<li>SYROV\u00c1, Zuzana, SYROV\u00dd, Ji\u0159\u00ed, \u0160\u0164OV\u00cd\u010cKOV\u00c1, Alena: Oborov\u00fd informa\u010dn\u00ed syst\u00e9m pam\u00e1tkov\u00e9 p\u00e9\u010de v&nbsp;kontextu n\u00e1rodn\u00edch a&nbsp;mezin\u00e1rodn\u00edch snah o&nbsp;zaji\u0161t\u011bn\u00ed interoperabilty; Zpr\u00e1vy pam\u00e1tkov\u00e9 p\u00e9\u010de, sv 74, 5, s. 411-416. IISSN 1210-5538. <a href=\"http:\/\/sy-sy.synology.me\/PDFs\/ZPP_05_2014_08.pdf#pagemode=bookmarks&amp;page=1\" data-blogger-escaped-data-mce-href=\"http:\/\/sy-sy.synology.me\/PDFs\/ZPP_05_2014_08.pdf#pagemode=bookmarks&amp;page=1\" data-blogger-escaped-target=\"_blank\">PDF<\/a><i> <\/i><\/li>\n<li>SYROV\u00c1, Zuzana, SYROV\u00dd, Ji\u0159\u00ed:\u00a0 Constructions en terre dans le syst\u00e8me d\u2019information du patrimoine in JOFFROY, T., GUILLAUD, H., SADOZA\u00cf, C. (dir.). Terra Lyon 2016: Articles s\u00e9lectionn\u00e9s pour publication en ligne \/ articles selected for on-line publication \/ art\u00edculos seleccionados para publicaci\u00f3n en l\u00ednea. 2018. Villefontaine : CRAterre. ISBN 979-10-96446-12-4. Disponible en ligne sur &lt; <a href=\"https:\/\/craterre.hypotheses.org\/1827\" target=\"_blank\" rel=\"noopener noreferrer\">https:\/\/craterre.hypotheses.org\/1827<\/a> &gt; <a href=\"https:\/\/blog.sy-sy.cz\/wp-content\/uploads\/2020\/09\/TERRA-2016_Th-1_Art-049_Syrova_bis.pdf\" target=\"_blank\" rel=\"noopener noreferrer\">PDF<\/a> \u00a6 <a href=\"https:\/\/blog.sy-sy.cz\/wp-content\/uploads\/2020\/09\/TERRA2016_049_PPT.pdf\">presetation (ENG)<\/a><\/li>\n<li>VO\u017dEN\u00cdLEK V. <a href=\"http:\/\/gis.vsb.cz\/pan-old\/Skoleni_Texty\/TextySkoleni\/kartogafie.pdf\" data-blogger-escaped-target=\"_blank\">Z\u00e1sady tvorby mapov\u00fdch v\u00fdstup\u016f<\/a>. Ostrava: Univerzita Palack\u00e9ho Olomouc, 2002.&nbsp;42 s.<\/li>\n<li>Slovn\u00edk V\u00daGTK. Dostupn\u00fd z&nbsp;WWW: &lt;<a href=\"http:\/\/www.vugtk.cz\/slovnik\/index.php\" data-blogger-escaped-target=\"_blank\">http:\/\/www.vugtk.cz\/slovnik\/index.php<\/a>&gt; <i>\u00a0<\/i><\/li>\n<\/ul>\n<p>Aktualizov\u00e1no: <span class=\"last-modified-timestamp\">17\/09\/2020 11:26<\/span><\/p>\n<\/div>\n","protected":false},"excerpt":{"rendered":"<p>BLA\u017dKOV\u00c1, Irena. Evropsk\u00fd projekt CARARE a&nbsp;informa\u010dn\u00ed syst\u00e9my pam\u00e1tkov\u00e9ho \u00fastavu. Bla\u017ekov\u00e1, Irena. Zpr\u00e1vy pam\u00e1tkov\u00e9 p\u00e9\u010de. 2012, ro\u010d. 72, \u010d.&nbsp;3, s. 206-208. BLA\u017dKOV\u00c1, Irena: Pam\u00e1tkov\u00e9 informa\u010dn\u00ed syst\u00e9my na rozcest\u00ed (Co dnes najdeme &hellip; <a href=\"https:\/\/pagis.npu.cz\/wordpress\/literatura-a-prameny\/\" class=\"more-link\">Pokra\u010dovat ve \u010dten\u00ed<span class=\"screen-reader-text\"> &#8222;Literatura a&nbsp;prameny&#8220;<\/span><\/a><\/p>\n","protected":false},"author":3,"featured_media":0,"parent":0,"menu_order":0,"comment_status":"closed","ping_status":"closed","template":"","meta":{"footnotes":""},"class_list":["post-367","page","type-page","status-publish","hentry"],"_links":{"self":[{"href":"https:\/\/pagis.npu.cz\/wordpress\/wp-json\/wp\/v2\/pages\/367","targetHints":{"allow":["GET"]}}],"collection":[{"href":"https:\/\/pagis.npu.cz\/wordpress\/wp-json\/wp\/v2\/pages"}],"about":[{"href":"https:\/\/pagis.npu.cz\/wordpress\/wp-json\/wp\/v2\/types\/page"}],"author":[{"embeddable":true,"href":"https:\/\/pagis.npu.cz\/wordpress\/wp-json\/wp\/v2\/users\/3"}],"replies":[{"embeddable":true,"href":"https:\/\/pagis.npu.cz\/wordpress\/wp-json\/wp\/v2\/comments?post=367"}],"version-history":[{"count":0,"href":"https:\/\/pagis.npu.cz\/wordpress\/wp-json\/wp\/v2\/pages\/367\/revisions"}],"wp:attachment":[{"href":"https:\/\/pagis.npu.cz\/wordpress\/wp-json\/wp\/v2\/media?parent=367"}],"curies":[{"name":"wp","href":"https:\/\/api.w.org\/{rel}","templated":true}]}}