{"id":355,"date":"2016-08-11T20:06:21","date_gmt":"2016-08-11T18:06:21","guid":{"rendered":"https:\/\/194.213.42.102\/wordpress\/?page_id=355"},"modified":"2023-03-28T10:31:30","modified_gmt":"2023-03-28T08:31:30","slug":"pro-editory-pagis","status":"publish","type":"page","link":"https:\/\/pagis.npu.cz\/wordpress\/pro-editory-pagis\/","title":{"rendered":"Pro editory PaGIS"},"content":{"rendered":"<p>Na tomto m\u00edst\u011b najdete odkazy na sd\u00edlen\u00e9 dokumenty a&nbsp;u\u017eite\u010dn\u00e9 n\u00e1vody ur\u010den\u00e9 p\u0159edev\u0161\u00edm pro intern\u00ed pot\u0159ebu editor\u016f PaGIS:<\/p>\n<ul>\n<li><a href=\"https:\/\/pagis.npu.cz\/file\/\" target=\"_blank\" rel=\"noopener noreferrer\">Domov editor\u016f<\/a> (\u00falo\u017ei\u0161t\u011b sd\u00edlen\u00fdch dokument\u016f)\n<ul>\n<li><a href=\"https:\/\/pagis.npu.cz\/sheet\/\" target=\"_blank\" rel=\"noopener noreferrer\">Tabulky, p\u0159ehledy a&nbsp;evidence<\/a> (sd\u00edlen\u00e9 tabulky)<\/li>\n<li><a href=\"https:\/\/pagis.npu.cz\/note\/\" target=\"_blank\" rel=\"noopener noreferrer\">Pozn\u00e1mky<\/a> (sd\u00edlen\u00e9 textov\u00e9 soubory)<\/li>\n<li><a href=\"https:\/\/pagis.npu.cz\/photo\/\" target=\"_blank\" rel=\"noopener noreferrer\">Fotostanice<\/a> (fotografie a&nbsp;videa ze spole\u010dn\u00fdch akc\u00ed)<\/li>\n<\/ul>\n<\/li>\n<li><a href=\"https:\/\/pagis.npu.cz\/pro-editory-pagis\/sdilene-dokumenty-pagis\/\" target=\"_blank\" rel=\"noopener noreferrer\">Sd\u00edlen\u00e9 dokumenty<\/a> \u00a0(v\u010detn\u011b archivn\u00edch dokument\u016f p\u0159em\u00edst\u011bn\u00fdch z&nbsp;Google Drive)<\/li>\n<\/ul>\n<ul>\n<li><a href=\"https:\/\/pagis.npu.cz\/?post_type=tribe_events&amp;eventDisplay=month\">Kalend\u00e1\u0159 akc\u00ed<\/a>\n<ul>\n<li><a href=\"https:\/\/pagis.npu.cz\/?tribe_events_cat=setkani-editoru-pagis\">Setk\u00e1n\u00ed editor\u016f PaGIS<\/a><\/li>\n<\/ul>\n<\/li>\n<\/ul>\n<ul>\n<li><a href=\"https:\/\/pagis.npu.cz\/category\/navody\/navody-propagis\/\">N\u00e1vody<\/a><\/li>\n<li><a href=\"https:\/\/pagis.npu.cz\/?page_id=329\" target=\"_blank\" rel=\"noopener noreferrer\"><span style=\"text-decoration: underline;\">Tipy a&nbsp;triky pro ArcGIS<\/span><\/a><\/li>\n<li><a href=\"https:\/\/pagis.npu.cz\/sheet\/d\/f\/rzAEJA5ynyCbNcUhawd1ndD500Uq1DII\" target=\"_blank\" rel=\"noopener\">\u0160kolen\u00ed ArcPro<\/a><\/li>\n<\/ul>\n<ul>\n<li><em><a href=\"https:\/\/pagis.npu.cz\/sheet\/sh\/sharing\/7TUg0#sh_tid=0\" target=\"_blank\" rel=\"noopener noreferrer\">P\u0159ehled kontakt\u016f sd\u00edlen\u00fdch dokument\u016f IISPP<\/a><\/em><\/li>\n<li><em>Aktualizace a&nbsp;po\u017eadavky na zm\u011bny v&nbsp;kontaktech IISPP hlaste <a href=\"mailto:podrazilova.svatava@npu.cz\" target=\"_blank\" rel=\"noopener noreferrer\">Svatce Podrazilov\u00e9<\/a><a href=\"mailto:podrazilova.svatava@npu.cz\" target=\"_blank\" rel=\"noopener noreferrer\">.<\/a><\/em><\/li>\n<\/ul>\n","protected":false},"excerpt":{"rendered":"<p>Na tomto m\u00edst\u011b najdete odkazy na sd\u00edlen\u00e9 dokumenty a&nbsp;u\u017eite\u010dn\u00e9 n\u00e1vody ur\u010den\u00e9 p\u0159edev\u0161\u00edm pro intern\u00ed pot\u0159ebu editor\u016f PaGIS: Domov editor\u016f (\u00falo\u017ei\u0161t\u011b sd\u00edlen\u00fdch dokument\u016f) Tabulky, p\u0159ehledy a&nbsp;evidence (sd\u00edlen\u00e9 tabulky) Pozn\u00e1mky (sd\u00edlen\u00e9 textov\u00e9 &hellip; <a href=\"https:\/\/pagis.npu.cz\/wordpress\/pro-editory-pagis\/\" class=\"more-link\">Pokra\u010dovat ve \u010dten\u00ed<span class=\"screen-reader-text\"> &#8222;Pro editory PaGIS&#8220;<\/span><\/a><\/p>\n","protected":false},"author":3,"featured_media":0,"parent":0,"menu_order":0,"comment_status":"closed","ping_status":"closed","template":"","meta":{"footnotes":""},"class_list":["post-355","page","type-page","status-publish","hentry"],"_links":{"self":[{"href":"https:\/\/pagis.npu.cz\/wordpress\/wp-json\/wp\/v2\/pages\/355","targetHints":{"allow":["GET"]}}],"collection":[{"href":"https:\/\/pagis.npu.cz\/wordpress\/wp-json\/wp\/v2\/pages"}],"about":[{"href":"https:\/\/pagis.npu.cz\/wordpress\/wp-json\/wp\/v2\/types\/page"}],"author":[{"embeddable":true,"href":"https:\/\/pagis.npu.cz\/wordpress\/wp-json\/wp\/v2\/users\/3"}],"replies":[{"embeddable":true,"href":"https:\/\/pagis.npu.cz\/wordpress\/wp-json\/wp\/v2\/comments?post=355"}],"version-history":[{"count":0,"href":"https:\/\/pagis.npu.cz\/wordpress\/wp-json\/wp\/v2\/pages\/355\/revisions"}],"wp:attachment":[{"href":"https:\/\/pagis.npu.cz\/wordpress\/wp-json\/wp\/v2\/media?parent=355"}],"curies":[{"name":"wp","href":"https:\/\/api.w.org\/{rel}","templated":true}]}}