{"id":329,"date":"2016-08-11T18:22:16","date_gmt":"2016-08-11T16:22:16","guid":{"rendered":"https:\/\/194.213.42.102\/wordpress\/?page_id=329"},"modified":"2025-09-05T10:53:50","modified_gmt":"2025-09-05T08:53:50","slug":"tipy-a-triky-pro-arcgis","status":"publish","type":"page","link":"https:\/\/pagis.npu.cz\/wordpress\/pro-editory-pagis\/tipy-a-triky-pro-arcgis\/","title":{"rendered":"Tipy a&nbsp;triky pro ArcGIS"},"content":{"rendered":"<p>PaGIS:<\/p>\n<div id=\"post-body-6407356278746913873\" class=\"post-body entry-content\">\n<ul>\n<li><a href=\"https:\/\/drive.google.com\/file\/d\/0B-GMFFu9DT-pUTZfWjU1dVh3bHM\/view?usp=sharing\" target=\"_blank\" rel=\"noopener\">Tisk\/report parcel KP<\/a> (G)<\/li>\n<li><a href=\"https:\/\/drive.google.com\/open?id=0B_7I65b1g5lBTkdEbVB3aTUyenM&amp;authuser=0\" target=\"_blank\" rel=\"noopener\">Podrobn\u00fd n\u00e1vod pro tisk KP<\/a>\u00a0 (G)<\/li>\n<li><a href=\"https:\/\/docs.google.com\/presentation\/d\/1SCwMVzYZAfRxYDunQVgaeDAfc42L6awEXR012nJfzBw\/edit?usp=sharing\">p\u0159id\u00e1n\u00ed vazby na Ruian u&nbsp;parcel KP &#8211; p\u0159enos atribut\u016f <\/a>(G)<\/li>\n<\/ul>\n<p>ArcGIS obecn\u011b:<\/p>\n<ul>\n<li><a href=\"http:\/\/www.arcdata.cz\/podpora\/tipy-a-triky\/Detail\/?contentId=120923\" target=\"_blank\" rel=\"noopener\">Jak s&nbsp;licenc\u00ed ArcView \/ Basic p\u0159ev\u00e9st linie na polygony<\/a> (A) + <a href=\"https:\/\/docs.google.com\/file\/d\/0B_7I65b1g5lBR2prSjREOEhqUW8\/edit\" target=\"_blank\" rel=\"noopener\">ilustrovan\u00fd p\u0159\u00edklad<\/a> (G)<\/li>\n<li><a href=\"http:\/\/www.arcdata.cz\/podpora\/tipy-a-triky\/Detail\/?contentId=148671\" target=\"_blank\" rel=\"noopener\">P\u0159evod sou\u0159adnic na stupn\u011b &#8211; minuty &#8211; vte\u0159iny\u00a0 <\/a>(A)<\/li>\n<li><a href=\"http:\/\/www.arcdata.cz\/podpora\/tipy-a-triky\/Detail\/?contentId=148654\" target=\"_blank\" rel=\"noopener\">Nastaven\u00ed severky na zem\u011bpisn\u00fd sever<\/a> (A)<\/li>\n<li><a href=\"http:\/\/www.arcdata.cz\/podpora\/tipy-a-triky\/Detail\/?contentId=149711\" target=\"_blank\" rel=\"noopener\">Pr\u00e1ce s&nbsp;\u0159\u00edzen\u00fdmi mapov\u00fdmi listy<\/a> (A)<\/li>\n<li><a href=\"http:\/\/www.arcdata.cz\/produkty-a-sluzby\/software\/arcdata-praha\/vfr-import\" target=\"_blank\" rel=\"noopener\">VFR Import<\/a> (A)<\/li>\n<li><a href=\"https:\/\/drive.google.com\/open?id=0B_7I65b1g5lBMjlkMDhjNWEtMzk2NS00ODYyLWI3NWUtNzExODY1NDI4OWZj&amp;authuser=0\" target=\"_blank\" rel=\"noopener\">Rozpojen\u00ed spojen\u00fdch prvk\u016f \/ multipart <\/a>(G)<\/li>\n<li><a href=\"https:\/\/drive.google.com\/open?id=0B-GMFFu9DT-pNTk0ZDk2YmUtZWI2ZS00NTJiLWFmN2UtMzNiYzAwMjQzZDI0&amp;authuser=0\" target=\"_blank\" rel=\"noopener\">Buffer<\/a> (G)<\/li>\n<li><a href=\"https:\/\/drive.google.com\/open?id=0B2T6d1_dzx0eNTFlMzZlOWEtMTJhYi00YjRlLWI3NjYtMGFiMTUzOGJmMzFi&amp;authuser=0\" target=\"_blank\" rel=\"noopener\">Kl\u00e1vesov\u00e9 zkratky<\/a> (G)<\/li>\n<li><a href=\"https:\/\/drive.google.com\/open?id=0B_7I65b1g5lBMDI2OGUyNTktNzMwMS00MzM0LWExNmMtNmVkZDk4MjExZDMx&amp;authuser=0\" target=\"_blank\" rel=\"noopener\">V\u00fdb\u011br podle um\u00edst\u011bn\u00ed<\/a> (G)<\/li>\n<li><a href=\"http:\/\/kartografie.fsv.cvut.cz\/arcgis.php\" target=\"_blank\" rel=\"noopener\">N\u00e1vody k&nbsp;SW ArcGIS<\/a> (K)<\/li>\n<li><a href=\"https:\/\/geonet.esri.com\/thread\/16945\" target=\"_blank\" rel=\"noopener\">Jak pou\u017e\u00edt field calculator k&nbsp;hromadn\u00e9mu vypln\u011bn\u00ed konkretn\u00edho data<\/a> (E)<\/li>\n<li><a href=\"http:\/\/us3.campaign-archive1.com\/?u=423ef9982e64dc4df24efc90b&amp;id=5899d48c42&amp;e=ee4070fdd2\" target=\"_blank\" rel=\"noopener\">videon\u00e1vody &#8211; funkcionalita a&nbsp;novinky nap\u0159\u00ed\u010d ArcGIS (A)\u00a0<\/a><\/li>\n<\/ul>\n<p>ArcGIS online:<\/p>\n<ul>\n<li><a href=\"http:\/\/doc.arcgis.com\/en\/arcgis-online\/reference\/videos.htm\" target=\"_blank\" rel=\"noopener\">V\u00fdukov\u00e1 videa<\/a> (E)<\/li>\n<\/ul>\n<p>ArcGIS Pro:<\/p>\n<ul>\n<li><a href=\"https:\/\/pagis.npu.cz\/sheet\/d\/s\/ssuxSZQn0HivGgFdiMc4mO0HLJlQ1Ei1\/gUeu_zUCQOhStignGx0IqSHKwfUspRy4-rrCgkFelTwo\" target=\"_blank\" rel=\"noopener\">Pr\u00e1ce se \u0161ablonami, tvorba tiskov\u00fdch v\u00fdstup\u016f<\/a><\/li>\n<li><a href=\"https:\/\/pagis.npu.cz\/wordpress\/wp-content\/uploads\/2023\/11\/kod-ochrany.pdf\" target=\"_blank\" rel=\"noopener\">K\u00f3d ochrany<\/a><\/li>\n<li><a href=\"https:\/\/pagis.npu.cz\/wordpress\/wp-content\/uploads\/2025\/09\/prace_sablony_KP_video.mp4\" target=\"_blank\" rel=\"noopener\">Pr\u00e1ce s&nbsp;\u0161ablonami &#8211; vytvo\u0159en\u00ed polygonu rozsahu KP &#8211; video<\/a><\/li>\n<\/ul>\n<\/div>\n","protected":false},"excerpt":{"rendered":"<p>PaGIS: Tisk\/report parcel KP (G) Podrobn\u00fd n\u00e1vod pro tisk KP\u00a0 (G) p\u0159id\u00e1n\u00ed vazby na Ruian u&nbsp;parcel KP &#8211; p\u0159enos atribut\u016f (G) ArcGIS obecn\u011b: Jak s&nbsp;licenc\u00ed ArcView \/ Basic p\u0159ev\u00e9st linie &hellip; <a href=\"https:\/\/pagis.npu.cz\/wordpress\/pro-editory-pagis\/tipy-a-triky-pro-arcgis\/\" class=\"more-link\">Pokra\u010dovat ve \u010dten\u00ed<span class=\"screen-reader-text\"> &#8222;Tipy a&nbsp;triky pro ArcGIS&#8220;<\/span><\/a><\/p>\n","protected":false},"author":3,"featured_media":0,"parent":355,"menu_order":0,"comment_status":"closed","ping_status":"closed","template":"","meta":{"footnotes":""},"class_list":["post-329","page","type-page","status-publish","hentry"],"_links":{"self":[{"href":"https:\/\/pagis.npu.cz\/wordpress\/wp-json\/wp\/v2\/pages\/329","targetHints":{"allow":["GET"]}}],"collection":[{"href":"https:\/\/pagis.npu.cz\/wordpress\/wp-json\/wp\/v2\/pages"}],"about":[{"href":"https:\/\/pagis.npu.cz\/wordpress\/wp-json\/wp\/v2\/types\/page"}],"author":[{"embeddable":true,"href":"https:\/\/pagis.npu.cz\/wordpress\/wp-json\/wp\/v2\/users\/3"}],"replies":[{"embeddable":true,"href":"https:\/\/pagis.npu.cz\/wordpress\/wp-json\/wp\/v2\/comments?post=329"}],"version-history":[{"count":5,"href":"https:\/\/pagis.npu.cz\/wordpress\/wp-json\/wp\/v2\/pages\/329\/revisions"}],"predecessor-version":[{"id":5459,"href":"https:\/\/pagis.npu.cz\/wordpress\/wp-json\/wp\/v2\/pages\/329\/revisions\/5459"}],"up":[{"embeddable":true,"href":"https:\/\/pagis.npu.cz\/wordpress\/wp-json\/wp\/v2\/pages\/355"}],"wp:attachment":[{"href":"https:\/\/pagis.npu.cz\/wordpress\/wp-json\/wp\/v2\/media?parent=329"}],"curies":[{"name":"wp","href":"https:\/\/api.w.org\/{rel}","templated":true}]}}