{"id":2509,"date":"2018-06-08T23:40:55","date_gmt":"2018-06-08T22:40:55","guid":{"rendered":"https:\/\/pagis.npu.cz\/?page_id=2509"},"modified":"2018-06-11T14:36:26","modified_gmt":"2018-06-11T13:36:26","slug":"zasady-ochrany-osobmich-udaju","status":"publish","type":"page","link":"https:\/\/pagis.npu.cz\/wordpress\/zasady-ochrany-osobmich-udaju\/","title":{"rendered":"Z\u00e1sady ochrany osobn\u00edch \u00fadaj\u016f"},"content":{"rendered":"<div class=\"wrap\">\n<div id=\"primary\" class=\"content-area\">\n<article id=\"post-5330\" class=\"post-5330 page type-page status-publish hentry\">\n<div class=\"entry-content\">\n<h2 id=\"kdo-jsme\">Kdo jsme<\/h2>\n<p>Tento web\/blog provozuj\u00ed pracovn\u00edci odd\u011blen\u00ed GIS Gn\u0158 N\u00e1rodn\u00edho pam\u00e1tkov\u00e9ho \u00fastavu.<\/p>\n<p>Adresa webu\/blogu je: https:\/\/pagis.npu.cz.<\/p>\n<h2 id=\"jak\u00e9-shroma\u017e\u010fujeme-osobn\u00ed-\">Jak\u00e9 shroma\u017e\u010fujeme osobn\u00ed \u00fadaje a&nbsp;pro\u010d<\/h2>\n<p>Tento web\/blog slou\u017e\u00ed p\u0159edev\u0161\u00edm jako komunika\u010dn\u00ed platforma osob pod\u00edlej\u00edc\u00edch se na budov\u00e1n\u00ed pam\u00e1tkov\u00e9ho geografick\u00e9ho informa\u010dn\u00edho syst\u00e9mu (PaGIS).\u00a0 Nesleduje \u017e\u00e1dn\u00e9 komer\u010dn\u00ed c\u00edle.\u00a0 Shroma\u017e\u010fujeme proto pouze \u00fadaje nezbytn\u00e9 pro \u0159\u00e1dn\u00e9 fungov\u00e1n\u00ed tohoto webu, komunikaci s\u00a0jeho n\u00e1v\u0161t\u011bvn\u00edky, p\u0159\u00edpadn\u011b zalo\u017een\u00ed \u00fa\u010dtu na tomto webu\/blogu.<\/p>\n<p>Va\u0161e osobn\u00ed \u00fadaje z\u00edsk\u00e1v\u00e1me, pokud:<\/p>\n<ul>\n<li>n\u00e1s kontaktujete prost\u0159ednictv\u00edm webov\u00fdch str\u00e1nek,<\/li>\n<li>p\u0159id\u00e1te k\u00a0p\u0159\u00edsp\u011bvku koment\u00e1\u0159,<\/li>\n<li>stanete se registrovan\u00fdm u\u017eivatelem tohoto webu\/blogu.<\/li>\n<\/ul>\n<p>Zpracov\u00e1v\u00e1me tyto \u00fadaje:<\/p>\n<ul>\n<li>jm\u00e9no a\u00a0p\u0159\u00edjmen\u00ed,<\/li>\n<li>e-mailov\u00e1 adresa,<\/li>\n<li>IP adresa,<\/li>\n<li>identifikace prohl\u00ed\u017ee\u010de, opera\u010dn\u00edho syst\u00e9mu a\u00a0dal\u0161\u00ed informace pro anal\u00fdzu n\u00e1v\u0161t\u011bvnosti,<\/li>\n<li>cookies.<\/li>\n<\/ul>\n<h3 id=\"koment\u00e1\u0159e\">Koment\u00e1\u0159e<\/h3>\n<p>Kdy\u017e\u00a0 p\u0159id\u00e1te koment\u00e1\u0159 na tento web, jsou shroma\u017e\u010fov\u00e1ny \u00fadaje zobrazen\u00e9 ve formul\u00e1\u0159i pro koment\u00e1\u0159, d\u00e1le IP adresa n\u00e1v\u0161t\u011bvn\u00edka a&nbsp;\u0159et\u011bzec\u00a0 &#8222;user agent&#8220; definuj\u00edc\u00ed pou\u017eit\u00fd prohl\u00ed\u017ee\u010d, co\u017e pom\u00e1h\u00e1 k\u00a0detekci spamu.<\/p>\n<p>Slu\u017eb\u011b Gravatar m\u016f\u017ee b\u00fdt poskytnut anonymn\u00ed \u0159et\u011bzec vytvo\u0159en\u00fd z\u00a0va\u0161\u00ed emailov\u00e9 adresy (naz\u00fdvan\u00fd tak\u00e9 hash), d\u00edky kter\u00e9mu lze ur\u010dit jestli tuto slu\u017ebu pou\u017e\u00edv\u00e1te. Z\u00e1sady ochrany osobn\u00edch \u00fadaj\u016f slu\u017eby Gravatar jsou k\u00a0dispozici zde: https:\/\/automattic.com\/privacy\/. Po\u00a0schv\u00e1len\u00ed va\u0161eho koment\u00e1\u0159e je v\u00e1\u0161 profilov\u00fd obr\u00e1zek viditeln\u00fd pro ve\u0159ejnost v\u00a0kontextu va\u0161eho koment\u00e1\u0159e.<\/p>\n<h3 id=\"m\u00e9dia\">M\u00e9dia<\/h3>\n<p>Pokud nahr\u00e1v\u00e1te obr\u00e1zky na tento web, m\u011bli byste se vyhnout nahr\u00e1v\u00e1n\u00ed obr\u00e1zk\u016f s\u00a0vlo\u017een\u00fdmi \u00fadaji o&nbsp;poloze (EXIF GPS). N\u00e1v\u0161t\u011bvn\u00edci webu mohou st\u00e1hnout a&nbsp;zobrazit libovoln\u00e9 data o&nbsp;poloze z\u00a0obr\u00e1zk\u016f na webu.<\/p>\n<h3 id=\"cookies\">Cookies<\/h3>\n<p>Pokud na na\u0161e str\u00e1nky p\u0159id\u00e1te koment\u00e1\u0159, m\u016f\u017eete povolit ulo\u017een\u00ed jm\u00e9na, emailov\u00e9 adresy a&nbsp;webov\u00e9 str\u00e1nky do cookies. T\u00edmto zp\u016fsobem se sna\u017e\u00edme zv\u00fd\u0161it v\u00e1\u0161 komfort.\u00a0 Kdy\u017e budete ps\u00e1t nov\u00fd koment\u00e1\u0159, u\u017e pak nebudete muset tyto \u00fadaje znovu vypl\u0148ovat. Tyto soubory cookies budou m\u00edt \u017eivotnost jeden rok.<\/p>\n<p>Pokud m\u00e1te \u00fa\u010det a&nbsp;p\u0159ihla\u0161ujete se k\u00a0tomuto webu, nastav\u00edme do\u010dasn\u00e9 cookie pro ov\u011b\u0159en\u00ed, zda v\u00e1\u0161 prohl\u00ed\u017ee\u010d p\u0159ij\u00edm\u00e1 soubory cookies. Tento soubor cookie neobsahuje \u017e\u00e1dn\u00e1 osobn\u00ed data a&nbsp;p\u0159i\u00a0zav\u0159en\u00ed prohl\u00ed\u017ee\u010de se zru\u0161\u00ed.<\/p>\n<p>P\u0159i p\u0159ihla\u0161ov\u00e1n\u00ed v\u00e1m nastav\u00edme tak\u00e9 n\u011bkolik soubor\u016f cookies pro ulo\u017een\u00ed va\u0161ich p\u0159ihla\u0161ovac\u00edch \u00fadaj\u016f a&nbsp;pro nastaven\u00ed zobrazen\u00ed obrazovky. P\u0159ihla\u0161ovac\u00ed soubory cookies maj\u00ed \u017eivotnost dva dny a&nbsp;cookies pro nastaven\u00ed zobrazen\u00ed maj\u00ed \u017eivotnost jeden rok. Pokud potvrd\u00edte mo\u017enost \u201eZapamatovat si m\u011b\u201c, va\u0161e p\u0159ihl\u00e1\u0161en\u00ed bude trvat dva t\u00fddny. Pokud se ze sv\u00e9ho \u00fa\u010dtu odhl\u00e1s\u00edte, p\u0159ihla\u0161ovac\u00ed cookies budou odstran\u011bny.<\/p>\n<p>Pokud upravujete nebo publikujete \u010dl\u00e1nek, bude ve va\u0161em prohl\u00ed\u017ee\u010di ulo\u017een dal\u0161\u00ed cookie. Tento cookie neobsahuje \u017e\u00e1dn\u00e1 osobn\u00ed data a&nbsp;jednodu\u0161e ozna\u010duje ID p\u0159\u00edsp\u011bvku, kter\u00fd jste pr\u00e1v\u011b upravili. Jeho platnost vypr\u0161\u00ed po&nbsp;jednom dni.<\/p>\n<p>Standardn\u00ed webov\u00e9 prohl\u00ed\u017ee\u010de (Internet Explorer, Mozilla Firefox, Google Chrome apod.) podporuj\u00ed spr\u00e1vu cookies. V\u00a0r\u00e1mci nastaven\u00ed prohl\u00ed\u017ee\u010d\u016f m\u016f\u017eete jednotliv\u00e9 cookie ru\u010dn\u011b mazat, blokovat \u010di\u00a0zcela zak\u00e1zat jejich pou\u017eit\u00ed, lze je tak\u00e9 blokovat nebo povolit jen pro jednotliv\u00e9 internetov\u00e9 str\u00e1nky. Pro detailn\u011bj\u0161\u00ed informace pros\u00edm pou\u017eijte n\u00e1pov\u011bdu va\u0161eho prohl\u00ed\u017ee\u010de. Pokud bude m\u00edt v\u00e1\u0161 prohl\u00ed\u017ee\u010d pou\u017eit\u00ed cookies povoleno, budeme vych\u00e1zet z\u00a0toho, \u017ee souhlas\u00edte s\u00a0vyu\u017e\u00edv\u00e1n\u00edm standardn\u00edch cookies ze strany na\u0161eho serveru.<\/p>\n<h4><strong>Deaktivace cookies v\u00a0r\u016fzn\u00fdch prohl\u00ed\u017ee\u010d\u00edch<\/strong><\/h4>\n<ul>\n<li>Chrome:\u00a0<a href=\"https:\/\/support.google.com\/chrome\/answer\/95647?hl=cs&amp;hlrm=cz\" target=\"_blank\" rel=\"noopener\">support.google.com<\/a><\/li>\n<li>Opera:\u00a0<a href=\"http:\/\/help.opera.com\/Windows\/9.64\/cs\/cookies.html\" target=\"_blank\" rel=\"noopener\">help.opera.com<\/a><\/li>\n<li>Firefox:\u00a0<a href=\"https:\/\/support.mozilla.org\/cs\/kb\/povoleni-zakazani-cookies\" target=\"_blank\" rel=\"noopener\">support.mozilla.org<\/a><\/li>\n<li>MSIE:\u00a0<a href=\"http:\/\/windows.microsoft.com\/cs-cz\/windows\/cookies-faq#1TC=windows-7\" target=\"_blank\" rel=\"noopener\">windows.microsoft.com<\/a><\/li>\n<li>Safari:\u00a0<a href=\"http:\/\/support.apple.com\/kb\/HT1677?viewlocale=cs_CZ\" target=\"_blank\" rel=\"noopener\">support.apple.com<\/a><\/li>\n<\/ul>\n<h3 id=\"vlo\u017een\u00fd-obsah-z-dal\u0161\u00edch-we\">Vlo\u017een\u00fd obsah z\u00a0dal\u0161\u00edch web\u016f<\/h3>\n<p>P\u0159\u00edsp\u011bvky na t\u011bchto str\u00e1nk\u00e1ch mohou obsahovat vlo\u017een\u00fd obsah (nap\u0159\u00edklad videa, obr\u00e1zky, \u010dl\u00e1nky atd.). Vlo\u017een\u00fd obsah z\u00a0jin\u00fdch webov\u00fdch str\u00e1nek se chov\u00e1 stejn\u00fdm zp\u016fsobem, jako kdyby n\u00e1v\u0161t\u011bvn\u00edk nav\u0161t\u00edvil jin\u00fd web.<\/p>\n<p>Tyto webov\u00e9 str\u00e1nky mohou shroma\u017e\u010fovat data o&nbsp;v\u00e1s, pou\u017e\u00edvat soubory cookies, vkl\u00e1dat dal\u0161\u00ed sledov\u00e1n\u00ed od t\u0159et\u00edch stran a&nbsp;sledovat va\u0161i interakci s\u00a0t\u00edmto vlo\u017een\u00fdm obsahem, v\u010detn\u011b sledov\u00e1n\u00ed interakce s\u00a0vlo\u017een\u00fdm obsahem, pokud m\u00e1te \u00fa\u010det a&nbsp;jste p\u0159ihl\u00e1\u0161eni na danou webovou str\u00e1nku.<\/p>\n<h3 id=\"analytika\">Analytika<\/h3>\n<p>Pou\u017e\u00edv\u00e1me slu\u017ebu JetPack, kter\u00e1 monitoruje n\u00e1v\u0161t\u011bvy str\u00e1nek a&nbsp;ukl\u00e1d\u00e1 tato anonymn\u00ed data. Na jejich z\u00e1klad\u011b nelze ur\u010dit konkr\u00e9tn\u00ed osobu.<br \/>\nV\u00edce informac\u00ed naleznete na str\u00e1nk\u00e1ch slu\u017eby https:\/\/jetpack.com\/support\/wordpress-com-stats\/.<\/p>\n<h2 id=\"s-k\u00fdm-sd\u00edl\u00edme-va\u0161e-\u00fadaje\">S k\u00fdm sd\u00edl\u00edme va\u0161e \u00fadaje<\/h2>\n<p>Informace z\u00edskan\u00e9 aktivitami n\u00e1v\u0161t\u011bvn\u00edk\u016f webu jsou zpracov\u00e1v\u00e1ny a&nbsp;sd\u00edleny s\u00a0s\u00a0poskytovatelem slu\u017eby <a href=\"https:\/\/akismet.com\/\" target=\"_blank\" rel=\"noopener\">Akismet<\/a> a&nbsp;<a href=\"https:\/\/jetpack.com\/\" target=\"_blank\" rel=\"noopener\">JetPack<\/a>.<\/p>\n<h2 id=\"jak-dlouho-uchov\u00e1v\u00e1me-va\u0161e-\">Jak dlouho uchov\u00e1v\u00e1me va\u0161e \u00fadaje<\/h2>\n<p>Pokud p\u0159id\u00e1te koment\u00e1\u0159, koment\u00e1\u0159 a&nbsp;jeho metadata budou uchov\u00e1v\u00e1na po\u00a0dobu neur\u010ditou. \u00dadaje jsou uchov\u00e1v\u00e1ny za \u00fa\u010delem automatick\u00e9ho rozpozn\u00e1n\u00ed a&nbsp;schv\u00e1len\u00ed v\u0161ech n\u00e1sledn\u00fdch koment\u00e1\u0159\u016f, m\u00edsto jejich dr\u017een\u00ed ve front\u011b moderov\u00e1n\u00ed.<\/p>\n<p>Pro u\u017eivatele, kte\u0159\u00ed se registruj\u00ed na tomto webu (pokud maj\u00ed tuto mo\u017enost), ukl\u00e1d\u00e1me tak\u00e9 osobn\u00ed \u00fadaje, kter\u00e9 uv\u00e1d\u011bj\u00ed ve sv\u00e9m u\u017eivatelsk\u00e9m profilu. V\u0161ichni u\u017eivatel\u00e9 mohou kdykoliv vid\u011bt, upravovat nebo smazat sv\u00e9 osobn\u00ed \u00fadaje (s\u00a0v\u00fdjimkou toho, \u017ee nemohou zm\u011bnit sv\u00e9 u\u017eivatelsk\u00e9 jm\u00e9no). Administr\u00e1to\u0159i webu mohou tak\u00e9 tyto informace zobrazit a&nbsp;upravovat.<\/p>\n<h2 id=\"jak\u00e9-m\u00e1te-pr\u00e1va\">Jak\u00e1 m\u00e1te pr\u00e1va?<\/h2>\n<p>Pokud m\u00e1te na tomto webu \u00fa\u010det nebo jste zde p\u0159idali koment\u00e1\u0159e, m\u016f\u017eete po\u017e\u00e1dat o&nbsp;obdr\u017een\u00ed souboru s\u00a0exportem osobn\u00edch \u00fadaj\u016f, kter\u00e9 o&nbsp;v\u00e1s uchov\u00e1v\u00e1me, v\u010detn\u011b v\u0161ech \u00fadaj\u016f, kter\u00e9 jste n\u00e1m poskytli. M\u016f\u017eete tak\u00e9 po\u017e\u00e1dat o&nbsp;odstran\u011bn\u00ed ve\u0161ker\u00fdch osobn\u00edch \u00fadaj\u016f, kter\u00e9 o&nbsp;v\u00e1s uchov\u00e1v\u00e1me. Tato mo\u017enost nezahrnuje \u00fadaje, kter\u00e9 jsme povinni uchov\u00e1vat z\u00a0administrativn\u00edch, pr\u00e1vn\u00edch nebo bezpe\u010dnostn\u00edch d\u016fvod\u016f.<\/p>\n<h2 id=\"kam-pos\u00edl\u00e1me-va\u0161e-data\">Kam pos\u00edl\u00e1me va\u0161e data?<\/h2>\n<p>Koment\u00e1\u0159e n\u00e1v\u0161t\u011bvn\u00edk\u016f jsou kontrolov\u00e1ny prost\u0159ednictv\u00edm automatizovan\u00e9 slu\u017eby detekce spamu Akismet. Z\u00e1sady ochrany osobn\u00edch \u00fadaj\u016f slu\u017eby Akismet anti-spam najdete zde: https:\/\/automattic.com\/privacy\/.<\/p>\n<h2 id=\"kontaktn\u00ed-\u00fadaje\">Kontaktn\u00ed \u00fadaje<\/h2>\n<p>Pokud m\u00e1te ot\u00e1zku ohledn\u011b p\u0159\u00edstupu nebo oprav\u011b va\u0161ich osobn\u00edch dat, kontaktujte n\u00e1s pros\u00edm na:<\/p>\n<ul>\n<li>gis@npu.cz<\/li>\n<\/ul>\n<p>&nbsp;<\/p>\n<p>Aktualizov\u00e1no: <span class=\"last-modified-timestamp\">11\/06\/2018 14:36<\/span><\/p>\n<\/div>\n<\/article>\n<\/div>\n<\/div>\n","protected":false},"excerpt":{"rendered":"<p>Kdo jsme Tento web\/blog provozuj\u00ed pracovn\u00edci odd\u011blen\u00ed GIS Gn\u0158 N\u00e1rodn\u00edho pam\u00e1tkov\u00e9ho \u00fastavu. Adresa webu\/blogu je: https:\/\/pagis.npu.cz. Jak\u00e9 shroma\u017e\u010fujeme osobn\u00ed \u00fadaje a&nbsp;pro\u010d Tento web\/blog slou\u017e\u00ed p\u0159edev\u0161\u00edm jako komunika\u010dn\u00ed platforma osob pod\u00edlej\u00edc\u00edch &hellip; <a href=\"https:\/\/pagis.npu.cz\/wordpress\/zasady-ochrany-osobmich-udaju\/\" class=\"more-link\">Pokra\u010dovat ve \u010dten\u00ed<span class=\"screen-reader-text\"> &#8222;Z\u00e1sady ochrany osobn\u00edch \u00fadaj\u016f&#8220;<\/span><\/a><\/p>\n","protected":false},"author":3,"featured_media":0,"parent":0,"menu_order":0,"comment_status":"closed","ping_status":"closed","template":"","meta":{"footnotes":""},"class_list":["post-2509","page","type-page","status-publish","hentry"],"_links":{"self":[{"href":"https:\/\/pagis.npu.cz\/wordpress\/wp-json\/wp\/v2\/pages\/2509","targetHints":{"allow":["GET"]}}],"collection":[{"href":"https:\/\/pagis.npu.cz\/wordpress\/wp-json\/wp\/v2\/pages"}],"about":[{"href":"https:\/\/pagis.npu.cz\/wordpress\/wp-json\/wp\/v2\/types\/page"}],"author":[{"embeddable":true,"href":"https:\/\/pagis.npu.cz\/wordpress\/wp-json\/wp\/v2\/users\/3"}],"replies":[{"embeddable":true,"href":"https:\/\/pagis.npu.cz\/wordpress\/wp-json\/wp\/v2\/comments?post=2509"}],"version-history":[{"count":0,"href":"https:\/\/pagis.npu.cz\/wordpress\/wp-json\/wp\/v2\/pages\/2509\/revisions"}],"wp:attachment":[{"href":"https:\/\/pagis.npu.cz\/wordpress\/wp-json\/wp\/v2\/media?parent=2509"}],"curies":[{"name":"wp","href":"https:\/\/api.w.org\/{rel}","templated":true}]}}