{"id":159,"date":"2016-08-11T14:13:23","date_gmt":"2016-08-11T13:13:23","guid":{"rendered":"https:\/\/194.213.42.102\/wordpress\/?page_id=159"},"modified":"2025-11-11T12:33:48","modified_gmt":"2025-11-11T11:33:48","slug":"o-pagis","status":"publish","type":"page","link":"https:\/\/pagis.npu.cz\/wordpress\/o-pagis\/","title":{"rendered":"O PaGIS"},"content":{"rendered":"<h2 id=\"pagis---pam\u00e1tkov\u00fd-geografick\" class=\"filterblock\">PaGIS &#8211; Pam\u00e1tkov\u00fd geografick\u00fd informa\u010dn\u00ed syst\u00e9m<\/h2>\n<p>PaGIS zaji\u0161\u0165uje prostorovou lokalizaci objekt\u016f z\u00e1jmu pam\u00e1tkov\u00e9 p\u00e9\u010de veden\u00fdch v&nbsp;ostatn\u00edch informa\u010dn\u00edch syst\u00e9mech NP\u00da, vytv\u00e1\u0159en\u00ed a&nbsp;ukl\u00e1d\u00e1n\u00ed odborn\u00fdch map a&nbsp;jejich publikov\u00e1n\u00ed na internetu. Aktu\u00e1ln\u011b je vyu\u017e\u00edv\u00e1n p\u0159edev\u0161\u00edm pro zpracov\u00e1n\u00ed a&nbsp;publikov\u00e1n\u00ed prostorov\u00fdch identifik\u00e1tor\u016f IISPP, z\u00e1kladn\u00edho bodov\u00e9ho a&nbsp;plo\u0161n\u00e9ho vymezen\u00ed entit evidovan\u00fdch v&nbsp;\u00daSKP (kulturn\u00edch pam\u00e1tek, n\u00e1rodn\u00edch kulturn\u00edch pam\u00e1tek, pam\u00e1tkov\u011b chr\u00e1n\u011bn\u00fdch \u00fazem\u00ed a&nbsp;ochrann\u00fdch p\u00e1sem), plo\u0161n\u00e9ho vymezen\u00ed \u00fazem\u00ed s&nbsp;archeologick\u00fdmi n\u00e1lezy (sou\u010d\u00e1st IS o&nbsp;archeologick\u00fdch datech), tematick\u00fdch map a&nbsp;anal\u00fdz (nap\u0159.&nbsp;stavebn\u011b historick\u00fdch pr\u016fzkum\u016f, pl\u00e1n\u016f ochrany pam\u00e1tkov\u00fdch rezervac\u00ed a&nbsp;z\u00f3n apod.), nomina\u010dn\u00ed dokumentace pro z\u00e1pis na listinu sv\u011btov\u00e9ho kulturn\u00edho d\u011bdictv\u00ed UNESCO, zaji\u0161t\u011bn\u00ed tvorby a&nbsp;p\u0159ed\u00e1v\u00e1n\u00ed dat \u00fazemn\u011b analytick\u00fdch podklad\u016f (\u00daAP) krajsk\u00fdm \u00fa\u0159ad\u016fm a&nbsp;obc\u00edm s&nbsp;roz\u0161\u00ed\u0159enou p\u016fsobnost\u00ed a&nbsp;dal\u0161\u00edch specializovan\u00fdch odborn\u00fdch v\u00fdstup\u016f \u010dinnosti NP\u00da nebo \u00fakol\u016f v\u00fdzkumu a&nbsp;v\u00fdvoje.<\/p>\n<p>N\u011bco z&nbsp;historie najdete <a href=\"https:\/\/pagis.npu.cz\/wordpress\/wp-content\/uploads\/2020\/09\/ArcRevue_2013-02.pdf#pagemode=bookmarks&amp;page=13\" target=\"_blank\" rel=\"noopener noreferrer\">zde<\/a>.<\/p>\n<p>N\u011bkolik dat z&nbsp;historie IS pam\u00e1tkov\u00e9 p\u00e9\u010de:<\/p>\n<ul>\n<li>1995: projekt St\u00e1tn\u00edho archeologick\u00e9ho seznamu \u010cR &#8211; SAS<\/li>\n<li>1996: zah\u00e1jen provoz aplikace pro veden\u00ed \u00daSKP MonumIS<\/li>\n<li>2001: zalo\u017een Pam\u00e1tkov\u00fd geografick\u00fd informa\u010dn\u00ed syst\u00e9m &#8211; PaGIS<\/li>\n<li>2002: zalo\u017een Informa\u010dn\u00ed syst\u00e9m o&nbsp;archeologick\u00fdch datech- ISAD<\/li>\n<li>2005: zah\u00e1jen projekt na vytvo\u0159en\u00ed Integrovan\u00e9ho syst\u00e9mu pam\u00e1tkov\u00e9 p\u00e9\u010de &#8211; IISPP<\/li>\n<li>2006: zalo\u017eena centr\u00e1ln\u00ed geodatab\u00e1ze NP\u00da<\/li>\n<li>2007: spu\u0161t\u011bn pilotn\u00ed provoz Metainforma\u010dn\u00edho syst\u00e9mu &#8211; MIS<\/li>\n<li>2007: zpracov\u00e1n prvn\u00ed n\u00e1vrh zad\u00e1n\u00ed na realizaci nov\u00e9 aplikace pro veden\u00ed \u00daSKP<\/li>\n<li>2009: dokon\u010dena plo\u0161n\u00e1 implementace MIS, integrace s&nbsp;PaGIS<\/li>\n<li>2011: implementace Codebook, IS Tritius, centr\u00e1ln\u00ed provoz CastIS<\/li>\n<li>2014: p\u0159ipraveny dva samostatn\u00e9 projekty NP\u00da do v\u00fdzvy \u010d.&nbsp;17 IOP 1.1:\n<ul>\n<li>Pam\u00e1tkov\u00fd katalog (Informa\u010dn\u00ed syst\u00e9m evidence pam\u00e1tek ve vazb\u011b na RUIAN)<\/li>\n<li>Digitalizace fond\u016f NP\u00da<\/li>\n<\/ul>\n<\/li>\n<li>2015: 1.12.&nbsp;spu\u0161t\u011bn <a href=\"https:\/\/pamatkovykatalog.cz\" target=\"_blank\" rel=\"noopener noreferrer\">Pam\u00e1tkov\u00fd katalog<\/a> a&nbsp;nov\u00fd <a href=\"https:\/\/geoportal.npu.cz\" target=\"_blank\" rel=\"noopener noreferrer\">Geoport\u00e1l pam\u00e1tkov\u00e9 p\u00e9\u010de<\/a><\/li>\n<\/ul>\n","protected":false},"excerpt":{"rendered":"<p>PaGIS &#8211; Pam\u00e1tkov\u00fd geografick\u00fd informa\u010dn\u00ed syst\u00e9m PaGIS zaji\u0161\u0165uje prostorovou lokalizaci objekt\u016f z\u00e1jmu pam\u00e1tkov\u00e9 p\u00e9\u010de veden\u00fdch v&nbsp;ostatn\u00edch informa\u010dn\u00edch syst\u00e9mech NP\u00da, vytv\u00e1\u0159en\u00ed a&nbsp;ukl\u00e1d\u00e1n\u00ed odborn\u00fdch map a&nbsp;jejich publikov\u00e1n\u00ed na internetu. Aktu\u00e1ln\u011b je vyu\u017e\u00edv\u00e1n &hellip; <a href=\"https:\/\/pagis.npu.cz\/wordpress\/o-pagis\/\" class=\"more-link\">Pokra\u010dovat ve \u010dten\u00ed<span class=\"screen-reader-text\"> &#8222;O&nbsp;PaGIS&#8220;<\/span><\/a><\/p>\n","protected":false},"author":3,"featured_media":0,"parent":0,"menu_order":0,"comment_status":"closed","ping_status":"closed","template":"","meta":{"footnotes":""},"class_list":["post-159","page","type-page","status-publish","hentry"],"_links":{"self":[{"href":"https:\/\/pagis.npu.cz\/wordpress\/wp-json\/wp\/v2\/pages\/159","targetHints":{"allow":["GET"]}}],"collection":[{"href":"https:\/\/pagis.npu.cz\/wordpress\/wp-json\/wp\/v2\/pages"}],"about":[{"href":"https:\/\/pagis.npu.cz\/wordpress\/wp-json\/wp\/v2\/types\/page"}],"author":[{"embeddable":true,"href":"https:\/\/pagis.npu.cz\/wordpress\/wp-json\/wp\/v2\/users\/3"}],"replies":[{"embeddable":true,"href":"https:\/\/pagis.npu.cz\/wordpress\/wp-json\/wp\/v2\/comments?post=159"}],"version-history":[{"count":1,"href":"https:\/\/pagis.npu.cz\/wordpress\/wp-json\/wp\/v2\/pages\/159\/revisions"}],"predecessor-version":[{"id":6825,"href":"https:\/\/pagis.npu.cz\/wordpress\/wp-json\/wp\/v2\/pages\/159\/revisions\/6825"}],"wp:attachment":[{"href":"https:\/\/pagis.npu.cz\/wordpress\/wp-json\/wp\/v2\/media?parent=159"}],"curies":[{"name":"wp","href":"https:\/\/api.w.org\/{rel}","templated":true}]}}