{"id":1417,"date":"2017-06-02T11:55:30","date_gmt":"2017-06-02T10:55:30","guid":{"rendered":"https:\/\/pagis.npu.cz\/?page_id=1417"},"modified":"2024-03-22T18:59:20","modified_gmt":"2024-03-22T17:59:20","slug":"kniha-prani-a-stiznosti","status":"publish","type":"page","link":"https:\/\/pagis.npu.cz\/wordpress\/kniha-prani-a-stiznosti\/","title":{"rendered":"Kniha p\u0159\u00e1n\u00ed a&nbsp;st\u00ed\u017enost\u00ed"},"content":{"rendered":"<h5 id=\"M\u00e1te-dotaz,-vzkaz-\u010di-n\u00e1m\u011bt\">M\u00e1te dotaz, vzkaz \u010di&nbsp;n\u00e1m\u011bt k&nbsp;PaGIS a&nbsp;Geoport\u00e1lu pam\u00e1tkov\u00e9 p\u00e9\u010de?<\/h5>\n<p><em>Odpov\u011bdi na nej\u010dast\u011bj\u0161\u00ed dotazy i&nbsp;n\u00e1m\u011bty postupn\u011b zve\u0159ej\u0148ujeme. Pod\u00edvejte se tedy p\u0159ed vypln\u011bn\u00edm formul\u00e1\u0159e, zda mezi nimi ten V\u00e1\u0161 ji\u017e nen\u00ed.<\/em><\/p>\n<ul>\n<li><em><a href=\"https:\/\/pagis.npu.cz\/wordpress\/ckd\/\">\u2192 Ot\u00e1zky a&nbsp;odpov\u011bdi k&nbsp;PaGIS<\/a><\/em><\/li>\n<li><em>\u2192 <a href=\"https:\/\/pagis.npu.cz\/wordpress\/namety-pro-rozvoj-geoportalu-pam-pece\/\">N\u00e1m\u011bty pro rozvoj Geoport\u00e1lu pam\u00e1tkov\u00e9 p\u00e9\u010de<\/a> (str\u00e1nka ve v\u00fdstavb\u011b)<\/em><\/li>\n<\/ul>\n<p><em>Pokud jste sv\u016fj dotaz \u010di&nbsp;n\u00e1m\u011bt nena\u0161li, napi\u0161te n\u00e1m:<\/em><\/p>\n<link rel='stylesheet' id='formidable-css' href='https:\/\/pagis.npu.cz\/wordpress\/wp-content\/plugins\/formidable\/css\/formidableforms.css?ver=3121054' media='all' \/>\n<div class=\"frm_forms  with_frm_style frm_style_formidable-style\" id=\"frm_form_5_container\" >\n<form enctype=\"multipart\/form-data\" method=\"post\" class=\"frm-show-form \" id=\"form_yisis\" >\n<div class=\"frm_form_fields \">\n<fieldset>\n<legend class=\"frm_hidden\">Kniha p\u0159\u00e1n\u00ed a st\u00ed\u017enost\u00ed<\/legend>\r\n\r\n<div class=\"frm_fields_container\">\n<input type=\"hidden\" name=\"frm_action\" value=\"create\" \/>\n<input type=\"hidden\" name=\"form_id\" value=\"5\" \/>\n<input type=\"hidden\" name=\"frm_hide_fields_5\" id=\"frm_hide_fields_5\" value=\"\" \/>\n<input type=\"hidden\" name=\"form_key\" value=\"yisis\" \/>\n<input type=\"hidden\" name=\"item_meta[0]\" value=\"\" \/>\n<input type=\"hidden\" id=\"frm_submit_entry_5\" name=\"frm_submit_entry_5\" value=\"85389b70be\" \/><input type=\"hidden\" name=\"_wp_http_referer\" value=\"\/wordpress\/wp-json\/wp\/v2\/pages\/1417\" \/><div id=\"frm_field_39_container\" class=\"frm_form_field form-field  frm_required_field frm_top_container frm_first frm_half\">\r\n    <label for=\"field_6hmj6\" class=\"frm_primary_label\">Jm\u00e9no\r\n        <span class=\"frm_required\">*<\/span>\r\n    <\/label>\r\n    <input type=\"text\" id=\"field_6hmj6\" name=\"item_meta[39]\" value=\"\"  data-reqmsg=\"Toto pole nem\u016f\u017ee b\u00fdt pr\u00e1zdn\u00e9.\" aria-required=\"true\" data-invmsg=\"Jm\u00e9no is invalid\" aria-invalid=\"false\"  \/>\r\n    \r\n    \r\n<\/div>\n<div id=\"frm_field_40_container\" class=\"frm_form_field form-field  frm_required_field frm_top_container frm_half\">\r\n    <label for=\"field_y05me\" class=\"frm_primary_label\">P\u0159\u00edjmen\u00ed\r\n        <span class=\"frm_required\">*<\/span>\r\n    <\/label>\r\n    <input type=\"text\" id=\"field_y05me\" name=\"item_meta[40]\" value=\"\"  data-reqmsg=\"Toto pole nem\u016f\u017ee b\u00fdt pr\u00e1zdn\u00e9.\" aria-required=\"true\" data-invmsg=\"P\u0159\u00edjmen\u00ed is invalid\" aria-invalid=\"false\"  \/>\r\n    \r\n    \r\n<\/div>\n<div id=\"frm_field_42_container\" class=\"frm_form_field form-field  frm_required_field frm_top_container\">\n    <label for=\"field_x2q87\" class=\"frm_primary_label\">Email\n        <span class=\"frm_required\">*<\/span>\n    <\/label>\n    <input type=\"email\" id=\"field_x2q87\" name=\"item_meta[42]\" value=\"\"  data-reqmsg=\"Toto pole nem\u016f\u017ee b\u00fdt pr\u00e1zdn\u00e9.\" aria-required=\"true\" data-invmsg=\"Chybn\u011b zadan\u00fd email.\" aria-invalid=\"false\"  \/>\n    \n    \n<\/div>\n<div id=\"frm_field_43_container\" class=\"frm_form_field form-field  frm_required_field frm_top_container frm_two_col vertical_radio\">\n    <label  class=\"frm_primary_label\">P\u0159edm\u011bt\n        <span class=\"frm_required\">*<\/span>\n    <\/label>\n    <div class=\"frm_opt_container\">\t\t<div class=\"frm_checkbox\" id=\"frm_checkbox_43-0\">\t\t\t<label  for=\"field_ggn4l-0\">\n\t\t\t<input type=\"checkbox\" name=\"item_meta[43][]\" id=\"field_ggn4l-0\" value=\"Prostorov\u00e1 identifikace v IISPP\"  data-reqmsg=\"Toto pole nem\u016f\u017ee b\u00fdt pr\u00e1zdn\u00e9.\" data-invmsg=\"P\u0159edm\u011bt is invalid\"   aria-required=\"true\"  \/> Prostorov\u00e1 identifikace v IISPP<\/label><\/div>\n\t\t<div class=\"frm_checkbox\" id=\"frm_checkbox_43-1\">\t\t\t<label  for=\"field_ggn4l-1\">\n\t\t\t<input type=\"checkbox\" name=\"item_meta[43][]\" id=\"field_ggn4l-1\" value=\"Geoport\u00e1l pam\u00e1tkov\u00e9 p\u00e9\u010de\"  data-reqmsg=\"Toto pole nem\u016f\u017ee b\u00fdt pr\u00e1zdn\u00e9.\" data-invmsg=\"P\u0159edm\u011bt is invalid\"   \/> Geoport\u00e1l pam\u00e1tkov\u00e9 p\u00e9\u010de<\/label><\/div>\n\t\t<div class=\"frm_checkbox\" id=\"frm_checkbox_43-2\">\t\t\t<label  for=\"field_ggn4l-2\">\n\t\t\t<input type=\"checkbox\" name=\"item_meta[43][]\" id=\"field_ggn4l-2\" value=\"Editace v PaGIS\"  data-reqmsg=\"Toto pole nem\u016f\u017ee b\u00fdt pr\u00e1zdn\u00e9.\" data-invmsg=\"P\u0159edm\u011bt is invalid\"   \/> Editace v PaGIS<\/label><\/div>\n\t\t<div class=\"frm_checkbox\" id=\"frm_checkbox_43-3\">\t\t\t<label  for=\"field_ggn4l-3\">\n\t\t\t<input type=\"checkbox\" name=\"item_meta[43][]\" id=\"field_ggn4l-3\" value=\"Blog Pro(Pa(GIS)\"  data-reqmsg=\"Toto pole nem\u016f\u017ee b\u00fdt pr\u00e1zdn\u00e9.\" data-invmsg=\"P\u0159edm\u011bt is invalid\"   \/> Blog Pro(Pa(GIS)<\/label><\/div>\n\t\t<div class=\"frm_checkbox\" id=\"frm_checkbox_43-4\">\t\t\t<label  for=\"field_ggn4l-4\">\n\t\t\t<input type=\"checkbox\" name=\"item_meta[43][]\" id=\"field_ggn4l-4\" value=\"Jin\u00fd\"  data-reqmsg=\"Toto pole nem\u016f\u017ee b\u00fdt pr\u00e1zdn\u00e9.\" data-invmsg=\"P\u0159edm\u011bt is invalid\"   \/> Jin\u00fd<\/label><\/div>\n<\/div>\n    \n    \n<\/div>\n<div id=\"frm_field_41_container\" class=\"frm_form_field form-field  frm_required_field frm_top_container frm_scroll_box\">\r\n    <label for=\"field_y05me2\" class=\"frm_primary_label\">Va\u0161e zpr\u00e1va\r\n        <span class=\"frm_required\">*<\/span>\r\n    <\/label>\r\n    <textarea name=\"item_meta[41]\" id=\"field_y05me2\"  data-reqmsg=\"Toto pole nem\u016f\u017ee b\u00fdt pr\u00e1zdn\u00e9.\" aria-required=\"true\" data-invmsg=\"Va\u0161e zpr\u00e1va is invalid\" aria-invalid=\"false\"  ><\/textarea>\r\n    \r\n    \r\n<\/div>\n<div id=\"frm_field_44_container\" class=\"frm_form_field form-field  frm_top_container\">\n    <label for=\"g-recaptcha-response\" class=\"frm_primary_label\">reCAPTCHA\n        <span class=\"frm_required\"><\/span>\n    <\/label>\n    <div  id=\"field_nrsgq\" class=\"g-recaptcha\" data-sitekey=\"6LfGdhgUAAAAAA5hKlRKRakzF3Z5-qzl9m7C2EHh\" data-size=\"normal\" data-theme=\"light\"><\/div>\n    \n    \n<\/div>\n\t<input type=\"hidden\" name=\"item_key\" value=\"\" \/>\n\t\t\t<div id=\"frm_field_259_container\">\n\t\t\t<label for=\"field_fiswc\" >\n\t\t\t\tIf you are human, leave this field blank.\t\t\t<\/label>\n\t\t\t<input  id=\"field_fiswc\" type=\"text\" class=\"frm_form_field form-field frm_verify\" name=\"item_meta[259]\" value=\"\"  \/>\n\t\t<\/div>\n\t\t<input name=\"frm_state\" type=\"hidden\" value=\"nV6MpZOv4Yhz8JhJmfPBXlzMe+Z1en6JMuBID9MXtoA=\" \/><div class=\"frm_submit\">\r\n\r\n<button class=\"frm_button_submit\" type=\"submit\"  >Odeslat formul\u00e1\u0159<\/button>\r\n\r\n<\/div><\/div>\n<\/fieldset>\n<\/div>\n\n<\/form>\n<\/div>\n\n<p>&nbsp;<\/p>\n","protected":false},"excerpt":{"rendered":"<p>M\u00e1te dotaz, vzkaz \u010di&nbsp;n\u00e1m\u011bt k&nbsp;PaGIS a&nbsp;Geoport\u00e1lu pam\u00e1tkov\u00e9 p\u00e9\u010de? Odpov\u011bdi na nej\u010dast\u011bj\u0161\u00ed dotazy i&nbsp;n\u00e1m\u011bty postupn\u011b zve\u0159ej\u0148ujeme. Pod\u00edvejte se tedy p\u0159ed vypln\u011bn\u00edm formul\u00e1\u0159e, zda mezi nimi ten V\u00e1\u0161 ji\u017e nen\u00ed. \u2192 Ot\u00e1zky &hellip; <a href=\"https:\/\/pagis.npu.cz\/wordpress\/kniha-prani-a-stiznosti\/\" class=\"more-link\">Pokra\u010dovat ve \u010dten\u00ed<span class=\"screen-reader-text\"> &#8222;Kniha p\u0159\u00e1n\u00ed a&nbsp;st\u00ed\u017enost\u00ed&#8220;<\/span><\/a><\/p>\n","protected":false},"author":3,"featured_media":0,"parent":0,"menu_order":0,"comment_status":"closed","ping_status":"closed","template":"","meta":{"footnotes":""},"class_list":["post-1417","page","type-page","status-publish","hentry"],"_links":{"self":[{"href":"https:\/\/pagis.npu.cz\/wordpress\/wp-json\/wp\/v2\/pages\/1417","targetHints":{"allow":["GET"]}}],"collection":[{"href":"https:\/\/pagis.npu.cz\/wordpress\/wp-json\/wp\/v2\/pages"}],"about":[{"href":"https:\/\/pagis.npu.cz\/wordpress\/wp-json\/wp\/v2\/types\/page"}],"author":[{"embeddable":true,"href":"https:\/\/pagis.npu.cz\/wordpress\/wp-json\/wp\/v2\/users\/3"}],"replies":[{"embeddable":true,"href":"https:\/\/pagis.npu.cz\/wordpress\/wp-json\/wp\/v2\/comments?post=1417"}],"version-history":[{"count":2,"href":"https:\/\/pagis.npu.cz\/wordpress\/wp-json\/wp\/v2\/pages\/1417\/revisions"}],"predecessor-version":[{"id":6018,"href":"https:\/\/pagis.npu.cz\/wordpress\/wp-json\/wp\/v2\/pages\/1417\/revisions\/6018"}],"wp:attachment":[{"href":"https:\/\/pagis.npu.cz\/wordpress\/wp-json\/wp\/v2\/media?parent=1417"}],"curies":[{"name":"wp","href":"https:\/\/api.w.org\/{rel}","templated":true}]}}