{"id":1207,"date":"2016-11-16T12:46:29","date_gmt":"2016-11-16T10:46:29","guid":{"rendered":"https:\/\/pagis.npu.cz\/?page_id=1207"},"modified":"2016-11-16T12:46:29","modified_gmt":"2016-11-16T10:46:29","slug":"tabulky-evidence-oddelene-editace-pagis","status":"publish","type":"page","link":"https:\/\/pagis.npu.cz\/wordpress\/tabulky-evidence-oddelene-editace-pagis\/","title":{"rendered":"Tabulky evidence odd\u011blen\u00e9 editace PaGIS"},"content":{"rendered":"<span id=\"tablepress-2-description\" class=\"tablepress-table-description tablepress-table-description-id-2\">P\u0159ehled tabulek evidence dat PaGIS zpracov\u00e1van\u00fdch odd\u011blenou editac\u00ed jednotliv\u00fdmi editory paGIS na \u00daOP NP\u00da. List Schemata obsahuje evidenci zpracovan\u00fdch reviz\u00ed KP po parcel\u00e1ch a jejich za\u010dle\u0148ov\u00e1n\u00ed do centr\u00e1ln\u00ed geodatab\u00e1ze PAGIS.<\/span>\n\n<table id=\"tablepress-2\" class=\"tablepress tablepress-id-2\" aria-describedby=\"tablepress-2-description\">\n<thead>\n<tr class=\"row-1\">\n\t<th class=\"column-1\">Zkratka pracovi\u0161t\u011b<\/th><th class=\"column-2\">Pracovi\u0161t\u011b NP\u00da<\/th><th class=\"column-3\">Tabulka<\/th>\n<\/tr>\n<\/thead>\n<tbody class=\"row-striping row-hover\">\n<tr class=\"row-2\">\n\t<td class=\"column-1\">A<\/td><td class=\"column-2\">\u00daOP Praha<\/td><td class=\"column-3\"><a href=\"https:\/\/pagis.npu.cz\/sheet\/oo\/r\/8rh2l\" target=\"_blank\" rel=\"noopener noreferrer\">A vyrezy<\/a><\/td>\n<\/tr>\n<tr class=\"row-3\">\n\t<td class=\"column-1\">B<\/td><td class=\"column-2\">\u00daOP Brno<\/td><td class=\"column-3\"><a href=\"https:\/\/pagis.npu.cz\/sheet\/d\/s\/vVNN7pdDNd8n0CLaTKuWMMqJt8o4q1O3\/U4V-o-DU53Vvk5QIKNZcdxZfhw-LYora-LrtgL-SrzQo\" target=\"_blank\" rel=\"noopener noreferrer\">B vyrezy<\/a><\/td>\n<\/tr>\n<tr class=\"row-4\">\n\t<td class=\"column-1\">C<\/td><td class=\"column-2\">\u00daOP \u010cesk\u00e9 Bud\u011bjovice<\/td><td class=\"column-3\"><a href=\"https:\/\/pagis.npu.cz\/sheet\/oo\/r\/PPc66\" target=\"_blank\" rel=\"noopener noreferrer\">C vyrezy<\/a><\/td>\n<\/tr>\n<tr class=\"row-5\">\n\t<td class=\"column-1\">E<\/td><td class=\"column-2\">\u00daOP Pardubice<\/td><td class=\"column-3\"><a href=\"https:\/\/pagis.npu.cz\/sheet\/oo\/r\/s2nJZ\" target=\"_blank\" rel=\"noopener noreferrer\">E vyrezy<\/a><\/td>\n<\/tr>\n<tr class=\"row-6\">\n\t<td class=\"column-1\">H<\/td><td class=\"column-2\">\u00daOP Josefov<\/td><td class=\"column-3\"><a href=\"https:\/\/pagis.npu.cz\/sheet\/oo\/r\/9eelm\" target=\"_blank\" rel=\"noopener noreferrer\">H vyrezy<\/a><\/td>\n<\/tr>\n<tr class=\"row-7\">\n\t<td class=\"column-1\">J<\/td><td class=\"column-2\">\u00daOP Tel\u010d<\/td><td class=\"column-3\"><a href=\"https:\/\/pagis.npu.cz\/sheet\/oo\/r\/DOJFo\" target=\"_blank\" rel=\"noopener noreferrer\">J vyrezy<\/a><\/td>\n<\/tr>\n<tr class=\"row-8\">\n\t<td class=\"column-1\">K<\/td><td class=\"column-2\">\u00daOP Loket<\/td><td class=\"column-3\"><a href=\"https:\/\/pagis.npu.cz\/sheet\/oo\/r\/ViMZq\" target=\"_blank\" rel=\"noopener noreferrer\">K vyrezy<\/a><\/td>\n<\/tr>\n<tr class=\"row-9\">\n\t<td class=\"column-1\">L<\/td><td class=\"column-2\">\u00daOP Liberec<\/td><td class=\"column-3\"><a href=\"https:\/\/pagis.npu.cz\/sheet\/oo\/r\/8U9H8\" target=\"_blank\" rel=\"noopener noreferrer\">L vyrezy<\/a><\/td>\n<\/tr>\n<tr class=\"row-10\">\n\t<td class=\"column-1\">M<\/td><td class=\"column-2\">\u00daOP Olomouc<\/td><td class=\"column-3\"><a href=\"https:\/\/pagis.npu.cz\/sheet\/oo\/r\/enlGo\" target=\"_blank\" rel=\"noopener noreferrer\">M vyrezy<\/a><\/td>\n<\/tr>\n<tr class=\"row-11\">\n\t<td class=\"column-1\">P<\/td><td class=\"column-2\">\u00daOP Plze\u0148<\/td><td class=\"column-3\"><a href=\"https:\/\/pagis.npu.cz\/sheet\/oo\/r\/lUXs7\" target=\"_blank\" rel=\"noopener noreferrer\">P vyrezy<\/a><\/td>\n<\/tr>\n<tr class=\"row-12\">\n\t<td class=\"column-1\">S<\/td><td class=\"column-2\">\u00daOP St. \u010cechy<br \/>\n<\/td><td class=\"column-3\"><a href=\"https:\/\/pagis.npu.cz\/sheet\/oo\/r\/sL441\" target=\"_blank\" rel=\"noopener noreferrer\">S vyrezy<\/a><\/td>\n<\/tr>\n<tr class=\"row-13\">\n\t<td class=\"column-1\">T<\/td><td class=\"column-2\">\u00daOP Ostrava<\/td><td class=\"column-3\"><a href=\"https:\/\/pagis.npu.cz\/sheet\/oo\/r\/KBhQS\" target=\"_blank\" rel=\"noopener noreferrer\">T vyrezy<\/a><\/td>\n<\/tr>\n<tr class=\"row-14\">\n\t<td class=\"column-1\">U<\/td><td class=\"column-2\">\u00daOP \u00dast\u00ed n. L.<\/td><td class=\"column-3\"><a href=\"https:\/\/pagis.npu.cz\/sheet\/oo\/r\/joIfB\" target=\"_blank\" rel=\"noopener noreferrer\">U vyrezy<\/a><\/td>\n<\/tr>\n<tr class=\"row-15\">\n\t<td class=\"column-1\">Z<\/td><td class=\"column-2\">\u00daOP Krom\u011b\u0159\u00ed\u017e<\/td><td class=\"column-3\"><a href=\"https:\/\/pagis.npu.cz\/sheet\/oo\/r\/vI6V5\" target=\"_blank\" rel=\"noopener noreferrer\">Z vyrezy<\/a><\/td>\n<\/tr>\n<\/tbody>\n<\/table>\n<!-- #tablepress-2 from cache -->\n<p>Pozn\u00e1mka: Kontakty na zpracovatele najdete <a href=\"https:\/\/pagis.npu.cz\/?page_id=622\">zde<\/a>.<\/p>\n","protected":false},"excerpt":{"rendered":"<p>Pozn\u00e1mka: Kontakty na zpracovatele najdete zde.<\/p>\n","protected":false},"author":3,"featured_media":0,"parent":0,"menu_order":0,"comment_status":"closed","ping_status":"closed","template":"","meta":{"footnotes":""},"class_list":["post-1207","page","type-page","status-publish","hentry"],"_links":{"self":[{"href":"https:\/\/pagis.npu.cz\/wordpress\/wp-json\/wp\/v2\/pages\/1207","targetHints":{"allow":["GET"]}}],"collection":[{"href":"https:\/\/pagis.npu.cz\/wordpress\/wp-json\/wp\/v2\/pages"}],"about":[{"href":"https:\/\/pagis.npu.cz\/wordpress\/wp-json\/wp\/v2\/types\/page"}],"author":[{"embeddable":true,"href":"https:\/\/pagis.npu.cz\/wordpress\/wp-json\/wp\/v2\/users\/3"}],"replies":[{"embeddable":true,"href":"https:\/\/pagis.npu.cz\/wordpress\/wp-json\/wp\/v2\/comments?post=1207"}],"version-history":[{"count":0,"href":"https:\/\/pagis.npu.cz\/wordpress\/wp-json\/wp\/v2\/pages\/1207\/revisions"}],"wp:attachment":[{"href":"https:\/\/pagis.npu.cz\/wordpress\/wp-json\/wp\/v2\/media?parent=1207"}],"curies":[{"name":"wp","href":"https:\/\/api.w.org\/{rel}","templated":true}]}}